{"id":3781,"date":"2026-01-29T13:25:42","date_gmt":"2026-01-29T13:25:42","guid":{"rendered":"https:\/\/lapide.com\/lapide-tiles\/"},"modified":"2026-04-29T10:34:12","modified_gmt":"2026-04-29T10:34:12","slug":"lapide-tiles","status":"publish","type":"page","link":"https:\/\/lapide.com\/de\/lapide-tiles\/","title":{"rendered":"LAPIDE Tiles"},"content":{"rendered":"    <section class=\"block-breadcrumbs\">\r\n        <div class=\"block-inner\">\r\n            <div class=\"block-content breadcrumb-container\">\r\n                <div class=\"breadcrumb-wrapper\">\r\n                    \r\n                            <a href=\"https:\/\/lapide.com\/de\/\"\r\n                                target=\"_self\"\r\n                                class=\"breadcrumb-link is-standard\">\r\n                                home                            <\/a>\r\n\r\n                                                            <span class=\"breadcrumb-separator\">\/<\/span>\r\n                            \r\n                    \r\n                            <a href=\"https:\/\/lapide.com\/de\/lapide-tiles\/\"\r\n                                target=\"_self\"\r\n                                class=\"breadcrumb-link is-last\">\r\n                                LAPIDE Tiles                            <\/a>\r\n\r\n                            \r\n                                    <\/div>\r\n            <\/div>\r\n        <\/div>\r\n    <\/section>\r\n<!-- \/block-breacdrumbs -->\n\n\n<div class=\"block block-specs\">\n    <div class=\"block-inner\">\n                    <div class=\"faq-title-wrapper reveal-slide-up\">\n                <div class=\"block-content container container-wide\">\n                    <div class=\"faq-main-title\">\n                        <h1>LAPIDE <em>Tiles<\/em><\/h1>\n                    <\/div>\n                <\/div>\n            <\/div>\n                <div class=\"container container-small\">\n            <div class=\"faq-columns\">\n\n                                                    <div class=\"faq-left reveal-fade\">\n                        <div class=\"faq-intro\">\n                            <p>Aus der Natur gewonnen, verfeinert f\u00fcr Vielseitigkeit. LAPIDE Tiles verbinden Innen- und Au\u00dfenbereiche und bieten nahtlose Kontinuit\u00e4t durch nat\u00fcrliche Steinoberfl\u00e4chen, die f\u00fcr den Innen- und Au\u00dfenbereich geeignet sind. <\/p>\n                        <\/div>\n                    <\/div>\n                \n                                                    <div class=\"faq-right reveal-slide-left reveal-delay-1\">\n                        <div class=\"faq-list\">\n                            <ul class=\"faq-bullets\">\n                                                                        <li>Von schlanken Fliesen bis hin zu organischen Pflastersteinen<\/li>\n                                                                        <li>Harmonie zwischen Ihrer Fassade und Ihrem Boden schaffen<\/li>\n                                                                        <li>Innen- und Au\u00dfenbereich<\/li>\n                                                            <\/ul>\n                        <\/div>\n                    <\/div>\n                \n            <\/div>\n        <\/div>\n    <\/div>\n<\/div>\n<!-- \/block-faq -->\n\n\r\n<section id=\"image-grid-2-block_0a1ebaee260873f8b81cd2bec5f2ef54\" class=\"block-img-50-50\">\r\n    <div class=\"block-inner\">\r\n        <div class=\"block-content container container-medium\">\r\n            <div class=\"image-grid-2-wrapper\">\r\n\r\n                                    <div class=\"image-grid-2-item reveal-slide-right\">\r\n                                                                                <a href=\"https:\/\/lapide.com\/de\/lapide-tiles\/lapide-tiles-produkte\/\"\r\n                                target=\"_self\"\r\n                                class=\"image-grid-2-visual image-grid-2-link\">\r\n                            \r\n                                <img decoding=\"async\" src=\"https:\/\/lapide.com\/wp-content\/uploads\/2026\/02\/LAPIDE-Tiles-7.jpg\"\r\n                                    alt=\"Image 1\"\r\n                                    class=\"image-grid-2-img\"\r\n                                    draggable=\"false\"\r\n                                    loading=\"lazy\">\r\n\r\n                                <div class=\"image-grid-2-overlay\">\r\n                                                                            <div class=\"image-grid-2-title\">\r\n                                            <h2>Unsere <em>Produkte<\/em><\/h2>\n                                        <\/div>\r\n                                    \r\n                                                                            <div class=\"image-grid-2-action\">\r\n                                            <span class=\"btn-swap\">\r\n                                                <span class=\"btn-swap-text primary\">\r\n                                                    Mehr Informationen                                                <\/span>\r\n                                                <span class=\"btn-swap-text hover\">\r\n                                                    Produkte ansehen                                                <\/span>\r\n                                            <\/span>\r\n                                        <\/div>\r\n                                                                    <\/div>\r\n\r\n                                                            <\/a>\r\n                                    <\/div>\r\n        \r\n\r\n                    <div class=\"image-grid-2-item reveal-slide-left reveal-delay-1\">\r\n                                                        <a href=\"https:\/\/lapide.com\/lapide-tiles\/lapide-tiles-projects\/\"\r\n                        target=\"_self\"\r\n                        class=\"image-grid-2-visual image-grid-2-link\">\r\n                    \r\n                        <img decoding=\"async\" src=\"https:\/\/lapide.com\/wp-content\/uploads\/2026\/02\/Timeless-Stone-Floors-for-Contemporary-Living-LAPIDE-Tiles-4.jpg\"\r\n                            alt=\"Image 2\"\r\n                            class=\"image-grid-2-img\"\r\n                            draggable=\"false\"\r\n                            loading=\"lazy\">\r\n\r\n                        <div class=\"image-grid-2-overlay\">\r\n                                                            <div class=\"image-grid-2-title\">\r\n                                    <h2>Unsere <em>Projekte<\/em><\/h2>\n                                <\/div>\r\n                            \r\n                                                            <div class=\"image-grid-2-action\">\r\n                                    <span class=\"btn-swap\">\r\n                                        <span class=\"btn-swap-text primary\">\r\n                                            Mehr Informationen                                        <\/span>\r\n                                        <span class=\"btn-swap-text hover\">\r\n                                            Projekte ansehen                                        <\/span>\r\n                                    <\/span>\r\n                                <\/div>\r\n                                                    <\/div>\r\n\r\n                                            <\/a>\r\n                        <\/div>\r\n    \r\n    <\/div>\r\n    <\/div>\r\n    <\/div>\r\n<\/section>\r\n<!-- \/block-img-50-50 -->\n\n\n<section class=\"block-txt\">\n    <div class=\"block-inner\">\n        <div class=\"block-content container container-small\">\n            <div class=\"info-wrapper\">\n                                    <div class=\"info-title reveal-slide-up\">\n                        <h3><b>Nahtlose \u00dcberg\u00e4nge mit zeitlosem Charakter<\/b><\/h3>\n                    <\/div>\n                \n                                    <div class=\"info-cols info-double-col\">\n\n                                                    <div class=\"info-col info-col--left reveal-slide-right reveal-delay-1\">\n                                <div class=\"info-text\">\n                                    <p>LAPIDE Tiles sind darauf ausgelegt, R\u00e4ume zu vereinen und erm\u00f6glichen es, dass B\u00f6den und Terrassen die nat\u00fcrliche Eleganz Ihrer Fassade widerspiegeln. Von zeitgen\u00f6ssischen quadratischen Formaten bis hin zu klassischen Mustern wie dem R\u00f6mischen Verband bietet diese Kollektion eine vielf\u00e4ltige Auswahl an M\u00f6glichkeiten. Jede Fliese tr\u00e4gt die taktile Reichhaltigkeit des Steins  <\/p>\n                                <\/div>\n                            <\/div>\n                        \n                                                    <div class=\"info-col info-col--right reveal-slide-left reveal-delay-2\">\n                                <div class=\"info-text\">\n                                    <p>subtil veredelt, um sowohl moderne als auch traditionelle Umgebungen zu erg\u00e4nzen. Ob im Wohnzimmer, auf dem Gartenweg oder der Terrasse \u2013 LAPIDE Tiles schaffen einen m\u00fchelosen \u00dcbergang zwischen Innen und Au\u00dfen. Sie sind mehr als eine Oberfl\u00e4che, sie sind ein materieller Ausdruck von Ruhe, Kontinuit\u00e4t und Handwerkskunst.  <\/p>\n                                <\/div>\n                            <\/div>\n                        \n                    <\/div>\n                \n            <\/div>\n        <\/div>\n    <\/div>\n<\/section>\n<!-- \/block-txt -->\n\n\n<section class=\"block-img-70-30 \">\n    <div class=\"block-inner\">\n        <div class=\"block-content container $container-medium\">\n            <div class=\"image-duo-wrapper\">\n                                    <div class=\"image-duo-col image-duo-col--small reveal-slide-right\">\n                        <div class=\"image-duo-figure\">\n                            <img decoding=\"async\" width=\"768\" height=\"1024\" src=\"https:\/\/lapide.com\/wp-content\/uploads\/2026\/02\/MA20T-2-1-768x1024.png\" class=\"image-duo-img js-lightbox\" alt=\"\" draggable=\"false\" loading=\"lazy\" data-large=\"https:\/\/lapide.com\/wp-content\/uploads\/2026\/02\/MA20T-2-1.png\" srcset=\"https:\/\/lapide.com\/wp-content\/uploads\/2026\/02\/MA20T-2-1-768x1024.png 768w, https:\/\/lapide.com\/wp-content\/uploads\/2026\/02\/MA20T-2-1-225x300.png 225w, https:\/\/lapide.com\/wp-content\/uploads\/2026\/02\/MA20T-2-1-1152x1536.png 1152w, https:\/\/lapide.com\/wp-content\/uploads\/2026\/02\/MA20T-2-1.png 1536w\" sizes=\"auto, (max-width: 768px) 100vw, 768px\" \/>                        <\/div>\n                    <\/div>\n                \n                                    <div class=\"image-duo-col image-duo-col--bigger reveal-slide-left reveal-delay-1\">\n                        <div class=\"image-duo-figure\">\n                            <img decoding=\"async\" width=\"667\" height=\"1000\" src=\"https:\/\/lapide.com\/wp-content\/uploads\/2026\/02\/Timeless-Stone-Floors-for-Contemporary-Living-LAPIDE-Tiles-6.jpg\" class=\"image-duo-img js-lightbox\" alt=\"\" draggable=\"false\" loading=\"lazy\" data-large=\"https:\/\/lapide.com\/wp-content\/uploads\/2026\/02\/Timeless-Stone-Floors-for-Contemporary-Living-LAPIDE-Tiles-6.jpg\" srcset=\"https:\/\/lapide.com\/wp-content\/uploads\/2026\/02\/Timeless-Stone-Floors-for-Contemporary-Living-LAPIDE-Tiles-6.jpg 667w, https:\/\/lapide.com\/wp-content\/uploads\/2026\/02\/Timeless-Stone-Floors-for-Contemporary-Living-LAPIDE-Tiles-6-200x300.jpg 200w\" sizes=\"auto, (max-width: 667px) 100vw, 667px\" \/>                        <\/div>\n                    <\/div>\n                            <\/div>\n        <\/div>\n    <\/div>\n<\/section>\n<!-- \/block-img-70-30 -->\n\n\r\n<section class=\"block-img-quote\">\r\n    <div class=\"block-inner\">\r\n                    <div class=\"big-picture-quote__bg\">\r\n                <img decoding=\"async\" width=\"2048\" height=\"1152\" src=\"https:\/\/lapide.com\/wp-content\/uploads\/2026\/02\/TA20T-1-1.png\" class=\"big-picture-quote__img\" alt=\"\" draggable=\"false\" loading=\"lazy\" srcset=\"https:\/\/lapide.com\/wp-content\/uploads\/2026\/02\/TA20T-1-1.png 2048w, https:\/\/lapide.com\/wp-content\/uploads\/2026\/02\/TA20T-1-1-300x169.png 300w, https:\/\/lapide.com\/wp-content\/uploads\/2026\/02\/TA20T-1-1-1024x576.png 1024w, https:\/\/lapide.com\/wp-content\/uploads\/2026\/02\/TA20T-1-1-768x432.png 768w, https:\/\/lapide.com\/wp-content\/uploads\/2026\/02\/TA20T-1-1-1536x864.png 1536w\" sizes=\"auto, (max-width: 2048px) 100vw, 2048px\" \/>            <\/div>\r\n                <div class=\"block-content container $container-medium\">\r\n            <div class=\"big-picture-quote__content\">\r\n                                    <div class=\"big-picture-quote__title reveal-slide-up\">\r\n                        <h2>Made to make<br \/>\n<em>memories last<\/em><\/h2>\n                    <\/div>\r\n                            <\/div>\r\n        <\/div>\r\n    <\/div>\r\n<\/section>\r\n<!-- \/block-img-quote -->\n\n\n<section class=\"block-txt\">\n    <div class=\"block-inner\">\n        <div class=\"block-content container container-small\">\n            <div class=\"info-wrapper\">\n                                    <div class=\"info-title reveal-slide-up\">\n                        <h3>Eine Kollektion, geformt durch Auswahl<\/h3>\n                    <\/div>\n                \n                                    <div class=\"info-cols info-double-col\">\n\n                                                    <div class=\"info-col info-col--left reveal-slide-right reveal-delay-1\">\n                                <div class=\"info-text\">\n                                    <p>Keine zwei R\u00e4ume sind gleich, und LAPIDE Tiles embracen das. In mehreren Gr\u00f6\u00dfen, Oberfl\u00e4chen und Materialien erh\u00e4ltlich, erm\u00f6glicht die Kollektion, jede Oberfl\u00e4che nach Ihrem Geschmack zu gestalten. Entscheiden Sie sich f\u00fcr einen klaren, architektonischen Look mit gro\u00dfen Formaten wie 60&#215;60 cm, oder schaffen Sie eine einladende, rustikale Textur mit unregelm\u00e4\u00dfigen Mustern.  <\/p>\n                                <\/div>\n                            <\/div>\n                        \n                                                    <div class=\"info-col info-col--right reveal-slide-left reveal-delay-2\">\n                                <div class=\"info-text\">\n                                    <p>Die verfeinerten Kanten und nat\u00fcrlichen Farbpaletten sorgen daf\u00fcr, dass jede Verlegung ausgewogen und geerdet wirkt. Ob Ihr Raum Struktur oder Weichheit erfordert \u2013 LAPIDE Tiles bieten ein Fundament, das ebenso funktional wie sch\u00f6n ist. <\/p>\n                                <\/div>\n                            <\/div>\n                        \n                    <\/div>\n                \n            <\/div>\n        <\/div>\n    <\/div>\n<\/section>\n<!-- \/block-txt -->\n\n\n<section class=\"block-cta\">\n    <div class=\"block-inner container container-small\">\n        <div class=\"block-content\">\n                            <div class=\"get-in-touch__text text-width-small reveal-fade\">\n                    <h2 style=\"text-align: center\">Get in touch to explore <em>nature\u2019s finest<\/em><\/h2>\n                <\/div>\n            \n                                <div class=\"get-in-touch__button\">\n                        <a href=\"https:\/\/lapide.com\/de\/kontakt\/\"\n                            target=\"_self\"\n                            class=\"btn-grow reveal-slide-up reveal-delay-1\">\n                            <span>Kontakt<\/span>\n                        <\/a>\n                    <\/div>\n                                    <\/div>\n    <\/div>\n<\/section>\n<!-- \/block-get-in-touch -->","protected":false},"excerpt":{"rendered":"","protected":false},"author":7,"featured_media":0,"parent":0,"menu_order":0,"comment_status":"closed","ping_status":"closed","template":"","meta":{"_acf_changed":false,"footnotes":""},"class_list":["post-3781","page","type-page","status-publish","hentry"],"acf":[],"yoast_head":"<!-- This site is optimized with the Yoast SEO plugin v27.4 - https:\/\/yoast.com\/product\/yoast-seo-wordpress\/ -->\n<title>LAPIDE Tiles - Lapide.com<\/title>\n<meta name=\"robots\" content=\"index, follow, max-snippet:-1, max-image-preview:large, max-video-preview:-1\" \/>\n<link rel=\"canonical\" href=\"https:\/\/lapide.com\/de\/lapide-tiles\/\" \/>\n<meta property=\"og:locale\" content=\"de_DE\" \/>\n<meta property=\"og:type\" content=\"article\" \/>\n<meta property=\"og:title\" content=\"LAPIDE Tiles - Lapide.com\" \/>\n<meta property=\"og:url\" content=\"https:\/\/lapide.com\/de\/lapide-tiles\/\" \/>\n<meta property=\"og:site_name\" content=\"Lapide.com\" \/>\n<meta property=\"article:modified_time\" content=\"2026-04-29T10:34:12+00:00\" \/>\n<meta name=\"twitter:card\" content=\"summary_large_image\" \/>\n<script type=\"application\/ld+json\" class=\"yoast-schema-graph\">{\"@context\":\"https:\\\/\\\/schema.org\",\"@graph\":[{\"@type\":\"WebPage\",\"@id\":\"https:\\\/\\\/lapide.com\\\/de\\\/lapide-tiles\\\/\",\"url\":\"https:\\\/\\\/lapide.com\\\/de\\\/lapide-tiles\\\/\",\"name\":\"LAPIDE Tiles - Lapide.com\",\"isPartOf\":{\"@id\":\"https:\\\/\\\/lapide.com\\\/de\\\/#website\"},\"datePublished\":\"2026-01-29T13:25:42+00:00\",\"dateModified\":\"2026-04-29T10:34:12+00:00\",\"breadcrumb\":{\"@id\":\"https:\\\/\\\/lapide.com\\\/de\\\/lapide-tiles\\\/#breadcrumb\"},\"inLanguage\":\"de\",\"potentialAction\":[{\"@type\":\"ReadAction\",\"target\":[\"https:\\\/\\\/lapide.com\\\/de\\\/lapide-tiles\\\/\"]}]},{\"@type\":\"BreadcrumbList\",\"@id\":\"https:\\\/\\\/lapide.com\\\/de\\\/lapide-tiles\\\/#breadcrumb\",\"itemListElement\":[{\"@type\":\"ListItem\",\"position\":1,\"name\":\"Home\",\"item\":\"https:\\\/\\\/lapide.com\\\/de\\\/home\\\/\"},{\"@type\":\"ListItem\",\"position\":2,\"name\":\"LAPIDE Tiles\"}]},{\"@type\":\"WebSite\",\"@id\":\"https:\\\/\\\/lapide.com\\\/de\\\/#website\",\"url\":\"https:\\\/\\\/lapide.com\\\/de\\\/\",\"name\":\"Lapide.com\",\"description\":\"Natures Finest\",\"publisher\":{\"@id\":\"https:\\\/\\\/lapide.com\\\/de\\\/#organization\"},\"potentialAction\":[{\"@type\":\"SearchAction\",\"target\":{\"@type\":\"EntryPoint\",\"urlTemplate\":\"https:\\\/\\\/lapide.com\\\/de\\\/?s={search_term_string}\"},\"query-input\":{\"@type\":\"PropertyValueSpecification\",\"valueRequired\":true,\"valueName\":\"search_term_string\"}}],\"inLanguage\":\"de\"},{\"@type\":\"Organization\",\"@id\":\"https:\\\/\\\/lapide.com\\\/de\\\/#organization\",\"name\":\"Lapide.com\",\"url\":\"https:\\\/\\\/lapide.com\\\/de\\\/\",\"logo\":{\"@type\":\"ImageObject\",\"inLanguage\":\"de\",\"@id\":\"https:\\\/\\\/lapide.com\\\/de\\\/#\\\/schema\\\/logo\\\/image\\\/\",\"url\":\"https:\\\/\\\/lapide.com\\\/wp-content\\\/uploads\\\/2026\\\/01\\\/cropped-image_2026-01-19_152612606.png\",\"contentUrl\":\"https:\\\/\\\/lapide.com\\\/wp-content\\\/uploads\\\/2026\\\/01\\\/cropped-image_2026-01-19_152612606.png\",\"width\":1954,\"height\":521,\"caption\":\"Lapide.com\"},\"image\":{\"@id\":\"https:\\\/\\\/lapide.com\\\/de\\\/#\\\/schema\\\/logo\\\/image\\\/\"}}]}<\/script>\n<!-- \/ Yoast SEO plugin. -->","yoast_head_json":{"title":"LAPIDE Tiles - Lapide.com","robots":{"index":"index","follow":"follow","max-snippet":"max-snippet:-1","max-image-preview":"max-image-preview:large","max-video-preview":"max-video-preview:-1"},"canonical":"https:\/\/lapide.com\/de\/lapide-tiles\/","og_locale":"de_DE","og_type":"article","og_title":"LAPIDE Tiles - Lapide.com","og_url":"https:\/\/lapide.com\/de\/lapide-tiles\/","og_site_name":"Lapide.com","article_modified_time":"2026-04-29T10:34:12+00:00","twitter_card":"summary_large_image","schema":{"@context":"https:\/\/schema.org","@graph":[{"@type":"WebPage","@id":"https:\/\/lapide.com\/de\/lapide-tiles\/","url":"https:\/\/lapide.com\/de\/lapide-tiles\/","name":"LAPIDE Tiles - Lapide.com","isPartOf":{"@id":"https:\/\/lapide.com\/de\/#website"},"datePublished":"2026-01-29T13:25:42+00:00","dateModified":"2026-04-29T10:34:12+00:00","breadcrumb":{"@id":"https:\/\/lapide.com\/de\/lapide-tiles\/#breadcrumb"},"inLanguage":"de","potentialAction":[{"@type":"ReadAction","target":["https:\/\/lapide.com\/de\/lapide-tiles\/"]}]},{"@type":"BreadcrumbList","@id":"https:\/\/lapide.com\/de\/lapide-tiles\/#breadcrumb","itemListElement":[{"@type":"ListItem","position":1,"name":"Home","item":"https:\/\/lapide.com\/de\/home\/"},{"@type":"ListItem","position":2,"name":"LAPIDE Tiles"}]},{"@type":"WebSite","@id":"https:\/\/lapide.com\/de\/#website","url":"https:\/\/lapide.com\/de\/","name":"Lapide.com","description":"Natures Finest","publisher":{"@id":"https:\/\/lapide.com\/de\/#organization"},"potentialAction":[{"@type":"SearchAction","target":{"@type":"EntryPoint","urlTemplate":"https:\/\/lapide.com\/de\/?s={search_term_string}"},"query-input":{"@type":"PropertyValueSpecification","valueRequired":true,"valueName":"search_term_string"}}],"inLanguage":"de"},{"@type":"Organization","@id":"https:\/\/lapide.com\/de\/#organization","name":"Lapide.com","url":"https:\/\/lapide.com\/de\/","logo":{"@type":"ImageObject","inLanguage":"de","@id":"https:\/\/lapide.com\/de\/#\/schema\/logo\/image\/","url":"https:\/\/lapide.com\/wp-content\/uploads\/2026\/01\/cropped-image_2026-01-19_152612606.png","contentUrl":"https:\/\/lapide.com\/wp-content\/uploads\/2026\/01\/cropped-image_2026-01-19_152612606.png","width":1954,"height":521,"caption":"Lapide.com"},"image":{"@id":"https:\/\/lapide.com\/de\/#\/schema\/logo\/image\/"}}]}},"_links":{"self":[{"href":"https:\/\/lapide.com\/de\/wp-json\/wp\/v2\/pages\/3781","targetHints":{"allow":["GET"]}}],"collection":[{"href":"https:\/\/lapide.com\/de\/wp-json\/wp\/v2\/pages"}],"about":[{"href":"https:\/\/lapide.com\/de\/wp-json\/wp\/v2\/types\/page"}],"author":[{"embeddable":true,"href":"https:\/\/lapide.com\/de\/wp-json\/wp\/v2\/users\/7"}],"replies":[{"embeddable":true,"href":"https:\/\/lapide.com\/de\/wp-json\/wp\/v2\/comments?post=3781"}],"version-history":[{"count":3,"href":"https:\/\/lapide.com\/de\/wp-json\/wp\/v2\/pages\/3781\/revisions"}],"predecessor-version":[{"id":3848,"href":"https:\/\/lapide.com\/de\/wp-json\/wp\/v2\/pages\/3781\/revisions\/3848"}],"wp:attachment":[{"href":"https:\/\/lapide.com\/de\/wp-json\/wp\/v2\/media?parent=3781"}],"curies":[{"name":"wp","href":"https:\/\/api.w.org\/{rel}","templated":true}]}}