{"id":3783,"date":"2026-02-06T13:59:11","date_gmt":"2026-02-06T13:59:11","guid":{"rendered":"https:\/\/lapide.com\/lapide-tiles\/lapide-tiles-projekte\/"},"modified":"2026-04-28T07:28:34","modified_gmt":"2026-04-28T07:28:34","slug":"lapide-tiles-projekte","status":"publish","type":"page","link":"https:\/\/lapide.com\/de\/lapide-tiles\/lapide-tiles-projekte\/","title":{"rendered":"LAPIDE Tiles Projekte"},"content":{"rendered":"    <section class=\"block-breadcrumbs\">\r\n        <div class=\"block-inner\">\r\n            <div class=\"block-content breadcrumb-container\">\r\n                <div class=\"breadcrumb-wrapper\">\r\n                    \r\n                            <a href=\"https:\/\/lapide.com\/de\/\"\r\n                                target=\"_self\"\r\n                                class=\"breadcrumb-link is-standard\">\r\n                                home                            <\/a>\r\n\r\n                                                            <span class=\"breadcrumb-separator\">\/<\/span>\r\n                            \r\n                    \r\n                            <a href=\"https:\/\/lapide.com\/de\/lapide-tiles\/\"\r\n                                target=\"_self\"\r\n                                class=\"breadcrumb-link is-standard\">\r\n                                LAPIDE Tiles                            <\/a>\r\n\r\n                                                            <span class=\"breadcrumb-separator\">\/<\/span>\r\n                            \r\n                    \r\n                            <a href=\"https:\/\/lapide.com\/de\/lapide-tiles\/lapide-tiles-projekte\/\"\r\n                                target=\"_self\"\r\n                                class=\"breadcrumb-link is-last\">\r\n                                LAPIDE Tiles Projekte                            <\/a>\r\n\r\n                            \r\n                                    <\/div>\r\n            <\/div>\r\n        <\/div>\r\n    <\/section>\r\n<!-- \/block-breacdrumbs --><!-- block-intro.php -->\n\n<section id=\"block-intro-block_bdc463be23394e3fd8e5e9117eb44380\" class=\"block-intro\" style=\"display: block !important; visibility: visible !important;\">\n    <div class=\"block-inner\">\n        <div class=\"block-content container container-small\">\n            <div class=\"block-intro__wrapper\">\n\n                <div class=\"block-intro__title reveal-slide-up\">\n                                            <h1>LAPIDE <em>Tiles<\/em><\/h1>\n                                    <\/div>\n\n                                    <div class=\"block-intro__subtitle reveal-fade reveal-delay-1\">\n                        PROJEKTE                    <\/div>\n                \n                                    <div class=\"block-intro__description reveal-fade reveal-delay-2\">\n                        <p>LAPIDE Tiles bringen Einheit und W\u00e4rme in Innen- wie Au\u00dfenbereiche. Diese Projekte zeigen die Kraft nat\u00fcrlicher Materialien, Architektur zu einem stimmigen Ganzen zu verbinden \u2013 vom Boden bis zur Fassade und auf allen Oberfl\u00e4chen dazwischen.  <\/p>\n                    <\/div>\n                \n                                    <div class=\"block-intro__action reveal-slide-up reveal-delay-3\">\n                                                <a href=\"https:\/\/lapide.com\/de\/lapide-tiles\/lapide-tiles-produkte\/\"\n                            class=\"btn-grow\"\n                            target=\"_self\">\n                            <span>Unsere Produkte<\/span>\n                        <\/a>\n                    <\/div>\n                \n            <\/div>\n        <\/div>\n    <\/div>\n<\/section>\n<!-- \/block-intro -->\n<div class=\"block block-projects\">\n    <div class=\"block-inner\">\n        <div class=\"block-content container\">\n\n            <div class=\"project-list\">\n                \n                    \n                    <div class=\"card card-project\">\n                        <!-- Overlay link (hele kaart klikbaar) -->\n                        <a class=\"card-permalink\"\n                            href=\"https:\/\/lapide.com\/projects\/timeless-stone-floors-for-contemporary-living\/\"\n                            aria-label=\"Timeless stone floors for contemporary living\">\n                        <\/a>\n\n                        <div class=\"card-inner\">\n                            <div class=\"card-content\">\n\n                                <div class=\"big-img\">\n                                                                            <img loading=\"lazy\" decoding=\"async\" width=\"1024\" height=\"683\" src=\"https:\/\/lapide.com\/wp-content\/uploads\/2026\/02\/Timeless-Stone-Floors-for-Contemporary-Living-LAPIDE-Tiles-5-1024x683.jpg\" class=\"img\" alt=\"\" srcset=\"https:\/\/lapide.com\/wp-content\/uploads\/2026\/02\/Timeless-Stone-Floors-for-Contemporary-Living-LAPIDE-Tiles-5-1024x683.jpg 1024w, https:\/\/lapide.com\/wp-content\/uploads\/2026\/02\/Timeless-Stone-Floors-for-Contemporary-Living-LAPIDE-Tiles-5-300x200.jpg 300w, https:\/\/lapide.com\/wp-content\/uploads\/2026\/02\/Timeless-Stone-Floors-for-Contemporary-Living-LAPIDE-Tiles-5-768x512.jpg 768w, https:\/\/lapide.com\/wp-content\/uploads\/2026\/02\/Timeless-Stone-Floors-for-Contemporary-Living-LAPIDE-Tiles-5.jpg 1500w\" sizes=\"auto, (max-width: 1024px) 100vw, 1024px\" \/>                                                                    <\/div>\n\n                                <div class=\"info\">\n                                    <div class=\"detail-img\">\n                                                                                    <img loading=\"lazy\" decoding=\"async\" width=\"1024\" height=\"683\" src=\"https:\/\/lapide.com\/wp-content\/uploads\/2026\/02\/Timeless-Stone-Floors-for-Contemporary-Living-LAPIDE-Tiles-4-1024x683.jpg\" class=\"img\" alt=\"\" srcset=\"https:\/\/lapide.com\/wp-content\/uploads\/2026\/02\/Timeless-Stone-Floors-for-Contemporary-Living-LAPIDE-Tiles-4-1024x683.jpg 1024w, https:\/\/lapide.com\/wp-content\/uploads\/2026\/02\/Timeless-Stone-Floors-for-Contemporary-Living-LAPIDE-Tiles-4-300x200.jpg 300w, https:\/\/lapide.com\/wp-content\/uploads\/2026\/02\/Timeless-Stone-Floors-for-Contemporary-Living-LAPIDE-Tiles-4-768x512.jpg 768w, https:\/\/lapide.com\/wp-content\/uploads\/2026\/02\/Timeless-Stone-Floors-for-Contemporary-Living-LAPIDE-Tiles-4.jpg 1500w\" sizes=\"auto, (max-width: 1024px) 100vw, 1024px\" \/>                                                                            <\/div>\n\n                                    <div class=\"wrapper\">\n                                        <div class=\"header\">\n                                            <div class=\"title\">\n                                                <h2>Timeless stone floors for contemporary living<\/h2>\n                                            <\/div>\n\n                                            <div class=\"excerpt\">\n                                                <p>For this interior, rectangular natural stone tiles were chosen to create a clean and modern rhythm across the floor. <\/p>\n                                            <\/div>\n                                        <\/div>\n\n                                        <a class=\"cta\" href=\"https:\/\/lapide.com\/projects\/timeless-stone-floors-for-contemporary-living\/\">\n                                            <span class=\"switch-hover\">\n                                                <span class=\"btn-text btn-text--normal\">\n                                                    Get inspired                                                <\/span>\n                                                <span class=\"btn-text btn-text--hover\">\n                                                    View project                                                <\/span>\n                                                <span class=\"btn-chevron\" aria-hidden=\"true\">\n                                                    <svg width=\"20\" height=\"20\" viewBox=\"0 0 24 24\">\n                                                        <path d=\"M9 6l6 6-6 6\" fill=\"none\" stroke=\"currentColor\" stroke-width=\"2\" \/>\n                                                    <\/svg>\n                                                <\/span>\n                                            <\/span>\n                                        <\/a>\n\n                                    <\/div>\n                                <\/div>\n\n                            <\/div>\n                        <\/div>\n                    <\/div>\n\n                            <\/div>\n\n            \n        <\/div>\n    <\/div>\n<\/div>\n<!-- \/block-projects -->\n<section class=\"block-cta\">\n    <div class=\"block-inner container container-small\">\n        <div class=\"block-content\">\n                            <div class=\"get-in-touch__text text-width-small reveal-fade\">\n                    <h2>Get in touch to explore nature\u2019s finest<\/h2>\n                <\/div>\n            \n                                <div class=\"get-in-touch__button\">\n                        <a href=\"https:\/\/lapide.com\/de\/kontakt\/\"\n                            target=\"_self\"\n                            class=\"btn-grow reveal-slide-up reveal-delay-1\">\n                            <span>Kontakt<\/span>\n                        <\/a>\n                    <\/div>\n                                    <\/div>\n    <\/div>\n<\/section>\n<!-- \/block-get-in-touch -->","protected":false},"excerpt":{"rendered":"","protected":false},"author":7,"featured_media":0,"parent":3781,"menu_order":0,"comment_status":"closed","ping_status":"closed","template":"","meta":{"_acf_changed":false,"footnotes":""},"class_list":["post-3783","page","type-page","status-publish","hentry"],"acf":[],"yoast_head":"<!-- This site is optimized with the Yoast SEO plugin v27.4 - https:\/\/yoast.com\/product\/yoast-seo-wordpress\/ -->\n<title>LAPIDE Tiles Projekte - Lapide.com<\/title>\n<meta name=\"robots\" content=\"index, follow, max-snippet:-1, max-image-preview:large, max-video-preview:-1\" \/>\n<link rel=\"canonical\" href=\"https:\/\/lapide.com\/de\/lapide-tiles\/lapide-tiles-projekte\/\" \/>\n<meta property=\"og:locale\" content=\"de_DE\" \/>\n<meta property=\"og:type\" content=\"article\" \/>\n<meta property=\"og:title\" content=\"LAPIDE Tiles Projekte - Lapide.com\" \/>\n<meta property=\"og:url\" content=\"https:\/\/lapide.com\/de\/lapide-tiles\/lapide-tiles-projekte\/\" \/>\n<meta property=\"og:site_name\" content=\"Lapide.com\" \/>\n<meta property=\"article:modified_time\" content=\"2026-04-28T07:28:34+00:00\" \/>\n<meta name=\"twitter:card\" content=\"summary_large_image\" \/>\n<script type=\"application\/ld+json\" class=\"yoast-schema-graph\">{\"@context\":\"https:\\\/\\\/schema.org\",\"@graph\":[{\"@type\":\"WebPage\",\"@id\":\"https:\\\/\\\/lapide.com\\\/de\\\/lapide-tiles\\\/lapide-tiles-projekte\\\/\",\"url\":\"https:\\\/\\\/lapide.com\\\/de\\\/lapide-tiles\\\/lapide-tiles-projekte\\\/\",\"name\":\"LAPIDE Tiles Projekte - Lapide.com\",\"isPartOf\":{\"@id\":\"https:\\\/\\\/lapide.com\\\/de\\\/#website\"},\"datePublished\":\"2026-02-06T13:59:11+00:00\",\"dateModified\":\"2026-04-28T07:28:34+00:00\",\"breadcrumb\":{\"@id\":\"https:\\\/\\\/lapide.com\\\/de\\\/lapide-tiles\\\/lapide-tiles-projekte\\\/#breadcrumb\"},\"inLanguage\":\"de\",\"potentialAction\":[{\"@type\":\"ReadAction\",\"target\":[\"https:\\\/\\\/lapide.com\\\/de\\\/lapide-tiles\\\/lapide-tiles-projekte\\\/\"]}]},{\"@type\":\"BreadcrumbList\",\"@id\":\"https:\\\/\\\/lapide.com\\\/de\\\/lapide-tiles\\\/lapide-tiles-projekte\\\/#breadcrumb\",\"itemListElement\":[{\"@type\":\"ListItem\",\"position\":1,\"name\":\"Home\",\"item\":\"https:\\\/\\\/lapide.com\\\/de\\\/home\\\/\"},{\"@type\":\"ListItem\",\"position\":2,\"name\":\"LAPIDE Tiles\",\"item\":\"https:\\\/\\\/lapide.com\\\/de\\\/lapide-tiles\\\/\"},{\"@type\":\"ListItem\",\"position\":3,\"name\":\"LAPIDE Tiles Projekte\"}]},{\"@type\":\"WebSite\",\"@id\":\"https:\\\/\\\/lapide.com\\\/de\\\/#website\",\"url\":\"https:\\\/\\\/lapide.com\\\/de\\\/\",\"name\":\"Lapide.com\",\"description\":\"Natures Finest\",\"publisher\":{\"@id\":\"https:\\\/\\\/lapide.com\\\/de\\\/#organization\"},\"potentialAction\":[{\"@type\":\"SearchAction\",\"target\":{\"@type\":\"EntryPoint\",\"urlTemplate\":\"https:\\\/\\\/lapide.com\\\/de\\\/?s={search_term_string}\"},\"query-input\":{\"@type\":\"PropertyValueSpecification\",\"valueRequired\":true,\"valueName\":\"search_term_string\"}}],\"inLanguage\":\"de\"},{\"@type\":\"Organization\",\"@id\":\"https:\\\/\\\/lapide.com\\\/de\\\/#organization\",\"name\":\"Lapide.com\",\"url\":\"https:\\\/\\\/lapide.com\\\/de\\\/\",\"logo\":{\"@type\":\"ImageObject\",\"inLanguage\":\"de\",\"@id\":\"https:\\\/\\\/lapide.com\\\/de\\\/#\\\/schema\\\/logo\\\/image\\\/\",\"url\":\"https:\\\/\\\/lapide.com\\\/wp-content\\\/uploads\\\/2026\\\/01\\\/cropped-image_2026-01-19_152612606.png\",\"contentUrl\":\"https:\\\/\\\/lapide.com\\\/wp-content\\\/uploads\\\/2026\\\/01\\\/cropped-image_2026-01-19_152612606.png\",\"width\":1954,\"height\":521,\"caption\":\"Lapide.com\"},\"image\":{\"@id\":\"https:\\\/\\\/lapide.com\\\/de\\\/#\\\/schema\\\/logo\\\/image\\\/\"}}]}<\/script>\n<!-- \/ Yoast SEO plugin. -->","yoast_head_json":{"title":"LAPIDE Tiles Projekte - Lapide.com","robots":{"index":"index","follow":"follow","max-snippet":"max-snippet:-1","max-image-preview":"max-image-preview:large","max-video-preview":"max-video-preview:-1"},"canonical":"https:\/\/lapide.com\/de\/lapide-tiles\/lapide-tiles-projekte\/","og_locale":"de_DE","og_type":"article","og_title":"LAPIDE Tiles Projekte - Lapide.com","og_url":"https:\/\/lapide.com\/de\/lapide-tiles\/lapide-tiles-projekte\/","og_site_name":"Lapide.com","article_modified_time":"2026-04-28T07:28:34+00:00","twitter_card":"summary_large_image","schema":{"@context":"https:\/\/schema.org","@graph":[{"@type":"WebPage","@id":"https:\/\/lapide.com\/de\/lapide-tiles\/lapide-tiles-projekte\/","url":"https:\/\/lapide.com\/de\/lapide-tiles\/lapide-tiles-projekte\/","name":"LAPIDE Tiles Projekte - Lapide.com","isPartOf":{"@id":"https:\/\/lapide.com\/de\/#website"},"datePublished":"2026-02-06T13:59:11+00:00","dateModified":"2026-04-28T07:28:34+00:00","breadcrumb":{"@id":"https:\/\/lapide.com\/de\/lapide-tiles\/lapide-tiles-projekte\/#breadcrumb"},"inLanguage":"de","potentialAction":[{"@type":"ReadAction","target":["https:\/\/lapide.com\/de\/lapide-tiles\/lapide-tiles-projekte\/"]}]},{"@type":"BreadcrumbList","@id":"https:\/\/lapide.com\/de\/lapide-tiles\/lapide-tiles-projekte\/#breadcrumb","itemListElement":[{"@type":"ListItem","position":1,"name":"Home","item":"https:\/\/lapide.com\/de\/home\/"},{"@type":"ListItem","position":2,"name":"LAPIDE Tiles","item":"https:\/\/lapide.com\/de\/lapide-tiles\/"},{"@type":"ListItem","position":3,"name":"LAPIDE Tiles Projekte"}]},{"@type":"WebSite","@id":"https:\/\/lapide.com\/de\/#website","url":"https:\/\/lapide.com\/de\/","name":"Lapide.com","description":"Natures Finest","publisher":{"@id":"https:\/\/lapide.com\/de\/#organization"},"potentialAction":[{"@type":"SearchAction","target":{"@type":"EntryPoint","urlTemplate":"https:\/\/lapide.com\/de\/?s={search_term_string}"},"query-input":{"@type":"PropertyValueSpecification","valueRequired":true,"valueName":"search_term_string"}}],"inLanguage":"de"},{"@type":"Organization","@id":"https:\/\/lapide.com\/de\/#organization","name":"Lapide.com","url":"https:\/\/lapide.com\/de\/","logo":{"@type":"ImageObject","inLanguage":"de","@id":"https:\/\/lapide.com\/de\/#\/schema\/logo\/image\/","url":"https:\/\/lapide.com\/wp-content\/uploads\/2026\/01\/cropped-image_2026-01-19_152612606.png","contentUrl":"https:\/\/lapide.com\/wp-content\/uploads\/2026\/01\/cropped-image_2026-01-19_152612606.png","width":1954,"height":521,"caption":"Lapide.com"},"image":{"@id":"https:\/\/lapide.com\/de\/#\/schema\/logo\/image\/"}}]}},"_links":{"self":[{"href":"https:\/\/lapide.com\/de\/wp-json\/wp\/v2\/pages\/3783","targetHints":{"allow":["GET"]}}],"collection":[{"href":"https:\/\/lapide.com\/de\/wp-json\/wp\/v2\/pages"}],"about":[{"href":"https:\/\/lapide.com\/de\/wp-json\/wp\/v2\/types\/page"}],"author":[{"embeddable":true,"href":"https:\/\/lapide.com\/de\/wp-json\/wp\/v2\/users\/7"}],"replies":[{"embeddable":true,"href":"https:\/\/lapide.com\/de\/wp-json\/wp\/v2\/comments?post=3783"}],"version-history":[{"count":1,"href":"https:\/\/lapide.com\/de\/wp-json\/wp\/v2\/pages\/3783\/revisions"}],"predecessor-version":[{"id":3784,"href":"https:\/\/lapide.com\/de\/wp-json\/wp\/v2\/pages\/3783\/revisions\/3784"}],"up":[{"embeddable":true,"href":"https:\/\/lapide.com\/de\/wp-json\/wp\/v2\/pages\/3781"}],"wp:attachment":[{"href":"https:\/\/lapide.com\/de\/wp-json\/wp\/v2\/media?parent=3783"}],"curies":[{"name":"wp","href":"https:\/\/api.w.org\/{rel}","templated":true}]}}