{"id":3785,"date":"2026-01-29T11:58:05","date_gmt":"2026-01-29T11:58:05","guid":{"rendered":"https:\/\/lapide.com\/lapide-studio\/"},"modified":"2026-04-28T07:34:53","modified_gmt":"2026-04-28T07:34:53","slug":"lapide-studio","status":"publish","type":"page","link":"https:\/\/lapide.com\/de\/lapide-studio\/","title":{"rendered":"LAPIDE Studio"},"content":{"rendered":"\n<section id=\"hero-cta-block_26922bb391e34aea782c301165d40548\" class=\"block-hero-cta\"  style=\"background-image: url('https:\/\/lapide.com\/wp-content\/uploads\/2026\/02\/DSC09756.jpg');\">\n    <div class=\"block-bg\"><\/div>\n    <div class=\"block-inner container container-small\">\n        <div class=\"block-content hero-cta__content\">\n                            <div class=\"hero-cta__title reveal-slide-up\">\n                    <h1>CO-CREATED WITH YOU<\/h1>\n                <\/div>\n            \n            \n        <\/div>\n    <\/div>\n            <div class=\"hero-cta__footer reveal-fade reveal-delay-2\">\n            <div class=\"hero-cta__label\">\n                <h2>LAPIDE <em>Studio<\/em><\/h2>\n            <\/div>\n        <\/div>\n    <\/section>\n<!-- \/block-hero-cta -->    <section class=\"block-breadcrumbs\">\r\n        <div class=\"block-inner\">\r\n            <div class=\"block-content breadcrumb-container\">\r\n                <div class=\"breadcrumb-wrapper\">\r\n                    \r\n                            <a href=\"https:\/\/lapide.com\/de\/\"\r\n                                target=\"_self\"\r\n                                class=\"breadcrumb-link is-standard\">\r\n                                home                            <\/a>\r\n\r\n                                                            <span class=\"breadcrumb-separator\">\/<\/span>\r\n                            \r\n                    \r\n                            <a href=\"https:\/\/lapide.com\/de\/lapide-studio\/\"\r\n                                target=\"_self\"\r\n                                class=\"breadcrumb-link is-last\">\r\n                                LAPIDE Studio                            <\/a>\r\n\r\n                            \r\n                                    <\/div>\r\n            <\/div>\r\n        <\/div>\r\n    <\/section>\r\n<!-- \/block-breacdrumbs -->\n<section class=\"block-txt\">\n    <div class=\"block-inner\">\n        <div class=\"block-content container container-small\">\n            <div class=\"info-wrapper\">\n                                    <div class=\"info-title reveal-slide-up\">\n                        <h3><b>Mit Stein gemeinsam gestalten<\/b><\/h3>\n                    <\/div>\n                \n                                    <div class=\"info-cols info-double-col\">\n\n                                                    <div class=\"info-col info-col--left reveal-slide-right reveal-delay-1\">\n                                <div class=\"info-text\">\n                                    <p>Bei LAPIDE glauben wir, dass die besten Ideen gemeinsam entstehen. Deshalb steht die Zusammenarbeit mit Architekten und Designern im Mittelpunkt unserer Arbeit. Vom ersten Entwurf bis zum letzten Detail bieten wir praxisnahe Expertise, um zu erkunden, wie Naturstein Ihr Projekt bereichern kann \u2013 nicht nur als Oberfl\u00e4che, sondern als bedeutender Teil der Designsprache.  <\/p>\n                                <\/div>\n                            <\/div>\n                        \n                                                    <div class=\"info-col info-col--right reveal-slide-left reveal-delay-2\">\n                                <div class=\"info-text\">\n                                    <p>Ob es darum geht, die richtige Textur zu w\u00e4hlen, ein individuelles Format zu definieren oder eine einzigartige Oberfl\u00e4che zu entwickeln \u2013 wir denken gemeinsam mit Ihnen. LAPIDE Studio ist der Ort, an dem Materialwissen und kreative Vision aufeinandertreffen. Stets geleitet von Handwerkskunst, Neugier und Respekt f\u00fcr den nat\u00fcrlichen Rhythmus des Steins.  <\/p>\n                                <\/div>\n                            <\/div>\n                        \n                    <\/div>\n                \n            <\/div>\n        <\/div>\n    <\/div>\n<\/section>\n<!-- \/block-txt -->\r\n    <section id=\"partners-block_5964ec65b29c79b9cd67c8cb4745e6b3\" class=\"block-partners\">\r\n        <div class=\"block-inner container $container-medium\">\r\n                            <div class=\"partners-title reveal-slide-up\">\r\n                    <h2>LAPIDE PARTNER<\/h2>\n<h2><em>Architekten<\/em><\/h2>\n                <\/div>\r\n            \r\n            <div class=\"partners-slider swiper reveal-fade\">\r\n                <div class=\"swiper-wrapper\">\r\n                                            <a href=\"https:\/\/mertens-architecten.be\" class=\"partner-item swiper-slide reveal-scale reveal-delay-1\" target=\"_blank\">\r\n                            <div class=\"partner-inner\">\r\n\r\n                                                                    <div class=\"partner-image\">\r\n                                        <img decoding=\"async\" src=\"https:\/\/lapide.com\/wp-content\/uploads\/2026\/02\/LAPIDE-partners-mertens-architecten.jpg\" alt=\"mertens-architecten\" draggable=\"false\" loading=\"lazy\">\r\n                                    <\/div>\r\n                                \r\n                                <div class=\"partner-info\">\r\n                                    <p class=\"partner-name\">mertens-architecten<\/p>\r\n\r\n                                    <div class=\"partner-details\">\r\n                                        <p class=\"partner-name-details\">mertens-architecten<\/p>\r\n\r\n                                                                                    <p class=\"partner-bio\">Die Qualit\u00e4t von Raum, Licht und Erlebnis bildet die Grundlage des Designs, mit dem Menschen im Mittelpunkt.<\/p>\r\n                                        \r\n                                                                                    <span class=\"partner-link\">\r\n                                                Website besuchen                                                <span class=\"arrow\">\u2192<\/span>\r\n                                            <\/span>\r\n                                                                            <\/div>\r\n                                <\/div>\r\n\r\n                            <\/div>\r\n                        <\/a>\r\n                                            <a href=\"http:\/\/www.contentarchitects.be\" class=\"partner-item swiper-slide reveal-scale reveal-delay-2\" target=\"_blank\">\r\n                            <div class=\"partner-inner\">\r\n\r\n                                                                    <div class=\"partner-image\">\r\n                                        <img decoding=\"async\" src=\"https:\/\/lapide.com\/wp-content\/uploads\/2026\/02\/LAPIDE-partners-Content-architects.jpg\" alt=\"Content Architects\" draggable=\"false\" loading=\"lazy\">\r\n                                    <\/div>\r\n                                \r\n                                <div class=\"partner-info\">\r\n                                    <p class=\"partner-name\">Content Architects<\/p>\r\n\r\n                                    <div class=\"partner-details\">\r\n                                        <p class=\"partner-name-details\">Content Architects<\/p>\r\n\r\n                                                                                    <p class=\"partner-bio\">Content ist spezialisiert auf einen ganzheitlichen Ansatz in Architektur &amp; Innenarchitektur. Wir sind erst zufrieden, wenn Sie &#039;Content&#039; sind. <\/p>\r\n                                        \r\n                                                                                    <span class=\"partner-link\">\r\n                                                Website besuchen                                                <span class=\"arrow\">\u2192<\/span>\r\n                                            <\/span>\r\n                                                                            <\/div>\r\n                                <\/div>\r\n\r\n                            <\/div>\r\n                        <\/a>\r\n                                            <a href=\"https:\/\/robzeelen.nl\" class=\"partner-item swiper-slide reveal-scale reveal-delay-3\" target=\"_blank\">\r\n                            <div class=\"partner-inner\">\r\n\r\n                                                                    <div class=\"partner-image\">\r\n                                        <img decoding=\"async\" src=\"https:\/\/lapide.com\/wp-content\/uploads\/2026\/02\/LAPIDE-partners-Rob-Zeelen.jpg\" alt=\"Rob Zeelen\" draggable=\"false\" loading=\"lazy\">\r\n                                    <\/div>\r\n                                \r\n                                <div class=\"partner-info\">\r\n                                    <p class=\"partner-name\">Rob Zeelen<\/p>\r\n\r\n                                    <div class=\"partner-details\">\r\n                                        <p class=\"partner-name-details\">Rob Zeelen<\/p>\r\n\r\n                                                                                    <p class=\"partner-bio\">Die Wahl von KV12R und LAPIDEs Engagement waren entscheidend f\u00fcr das Endergebnis unseres JVY-Projekts.<\/p>\r\n                                        \r\n                                                                                    <span class=\"partner-link\">\r\n                                                Website besuchen                                                <span class=\"arrow\">\u2192<\/span>\r\n                                            <\/span>\r\n                                                                            <\/div>\r\n                                <\/div>\r\n\r\n                            <\/div>\r\n                        <\/a>\r\n                                    <\/div>\r\n\r\n                <div class=\"partners-navigation-wrapper\">\r\n                    <div class=\"swiper-button-prev\"><\/div>\r\n                    <div class=\"swiper-button-next\"><\/div>\r\n                <\/div>\r\n            <\/div>\r\n        <\/div>\r\n    <\/section>\r\n    <!-- \/block-partners -->\r\n\n<section id=\"email-cta-split-block_b52505456b1dd6fcb8255b032c17a2e2\" class=\"block-txt-cta\">\n    <div class=\"block-inner container container-small\">\n        <div class=\"block-content email-cta-wrapper\">\n\n            <div class=\"email-cta-left\">\n                                    <div class=\"cta-title reveal-slide-up\">\n                        <h2>Entdecken und<\/h2>\n<h2>Muster <em>anfordern<\/em><\/h2>\n                    <\/div>\n                \n                                    <div class=\"cta-action\">\n                        <a href=\"mailto:info@lapide.com\"\n                            class=\"btn-grow reveal-slide-up reveal-delay-1\"\n                            target=\"_self\">\n                            <span>Email uns<\/span>\n                        <\/a>\n                    <\/div>\n                            <\/div>\n\n            <div class=\"email-cta-right\">\n                                    <div class=\"cta-text reveal-fade reveal-delay-2\">\n                        <p>Naturstein muss erlebt werden. Deshalb glauben wir, dass jede Entscheidung mit einem Muster beginnt. Neugierig auf ein bestimmtes Produkt? Wir liefern gerne ein Muster zu Ihrem Studio oder Ihrer Baustelle, damit Sie die wahre Textur, den Farbton und die Oberfl\u00e4che aus der N\u00e4he erleben k\u00f6nnen.   <\/p>\n                    <\/div>\n                            <\/div>\n\n        <\/div>\n    <\/div>\n<\/section>\n<!-- \/block-txt-cta-->\n<section id=\"hero-section-block_17402d8991f9a7c46c8ec18849db38f2\" class=\"block-img-bg-wide\" style=\"background-image: url('https:\/\/lapide.com\/wp-content\/uploads\/2026\/02\/LAPIDE-Bricks-8.jpg');\">\n    <div class=\"block-bg\"><\/div>\n    <div class=\"block-inner\">\n        <div class=\"block-content container container-small\">\n            <div class=\"hero__content\">\n                                    <div class=\"hero__title reveal-slide-up\">\n                        <h2>TEXTURE<br \/>\n<em>Designer<\/em><\/h2>\n                    <\/div>\n                \n                                    <div class=\"hero__intro reveal-fade reveal-delay-1\">\n                        Um den Designprozess zu unterst\u00fctzen, haben wir ein Textur-Tool exklusiv f\u00fcr LAPIDE Bricks entwickelt. Es erm\u00f6glicht Ihnen, hochwertige Texturen herunterzuladen, Einstellungen anzupassen und diese direkt in Ihre 3D-Software zu implementieren. Das Tool ist nur f\u00fcr illustrative Zwecke gedacht. Sollte eine Textur fehlen oder eine spezifische Eingabe ben\u00f6tigt werden, helfen wir Ihnen gerne weiter.                      <\/div>\n                \n                                        <div class=\"hero__action reveal-slide-up reveal-delay-2\">\n                                                        <a href=\"\"\n                                target=\"_blank\"\n                                class=\"btn-grow\">\n                                <span>Texture designer starten<\/span>\n                            <\/a>\n                        <\/div>\n                                                <\/div>\n\n                    <\/div>\n    <\/div>\n<\/section>\n<!-- \/block-hero-section -->\r\n<div id=\"media-text-block_656db69ca7e6966c6419ea53d50adfdc\" class=\"block block-img-text-wide  \">\r\n    <div class=\"block-inner container\">\r\n        <div class=\"block-content media-text__wrapper\">\r\n\r\n                            <div class=\"media-text__col media-text__col--image reveal-slide-right\">\r\n                    <figure class=\"media-text__figure\">\r\n                        <img decoding=\"async\" src=\"https:\/\/lapide.com\/wp-content\/uploads\/2026\/02\/DSC05191.jpg\"\r\n                            alt=\"LAPIDE Studio\"\r\n                            class=\"media-text__img\"\r\n                            draggable=\"false\"\r\n                            loading=\"lazy\">\r\n\r\n                                                    <figcaption class=\"media-text__caption\">\r\n                                <h2>Your vision<br \/>\n<em>our precision<\/em><\/h2>\n                            <\/figcaption>\r\n                                            <\/figure>\r\n                <\/div>\r\n            \r\n            <div class=\"media-text__col media-text__col--content bg--beige\">\r\n                <div class=\"media-text__inner\">\r\n\r\n                                            <div class=\"media-text__title reveal-slide-up\">\r\n                            <h3>Ihre Vision, unsere Pr\u00e4zision<\/h3>\n                        <\/div>\r\n                    \r\n                                            <div class=\"media-text__description reveal-fade reveal-delay-1\">\r\n                            Jede architektonische Vision beginnt mit einer Idee. Wir helfen dabei, diese Idee in das richtige Material, Format und die richtige Oberfl\u00e4che zu \u00fcbersetzen, sorgf\u00e4ltig ausgew\u00e4hlt, um das Konzept zu erg\u00e4nzen. Von ged\u00e4mpften T\u00f6nen bis hin zu strukturierter Tiefe bietet LAPIDE eine breite Palette nat\u00fcrlicher Steinausdr\u00fccke, die das Gesamtbild aufwerten. Denn wenn Material und Design dieselbe Sprache sprechen, ist das Ergebnis wahrhaft zeitlos.                           <\/div>\r\n                    \r\n                    \r\n                <\/div>\r\n            <\/div>\r\n\r\n            \r\n        <\/div>\r\n    <\/div>\r\n<\/div>\r\n<!-- \/block-img-text-wide -->\n<section class=\"block-img-70-30 \">\n    <div class=\"block-inner\">\n        <div class=\"block-content container $container-medium\">\n            <div class=\"image-duo-wrapper\">\n                                    <div class=\"image-duo-col image-duo-col--small reveal-slide-right\">\n                        <div class=\"image-duo-figure\">\n                            <img decoding=\"async\" width=\"683\" height=\"1024\" src=\"https:\/\/lapide.com\/wp-content\/uploads\/2026\/02\/DSC05260-683x1024.jpg\" class=\"image-duo-img js-lightbox\" alt=\"\" draggable=\"false\" loading=\"lazy\" data-large=\"https:\/\/lapide.com\/wp-content\/uploads\/2026\/02\/DSC05260.jpg\" srcset=\"https:\/\/lapide.com\/wp-content\/uploads\/2026\/02\/DSC05260-683x1024.jpg 683w, https:\/\/lapide.com\/wp-content\/uploads\/2026\/02\/DSC05260-200x300.jpg 200w, https:\/\/lapide.com\/wp-content\/uploads\/2026\/02\/DSC05260-768x1152.jpg 768w, https:\/\/lapide.com\/wp-content\/uploads\/2026\/02\/DSC05260-1024x1536.jpg 1024w, https:\/\/lapide.com\/wp-content\/uploads\/2026\/02\/DSC05260-1365x2048.jpg 1365w, https:\/\/lapide.com\/wp-content\/uploads\/2026\/02\/DSC05260.jpg 1500w\" sizes=\"auto, (max-width: 683px) 100vw, 683px\" \/>                        <\/div>\n                    <\/div>\n                \n                                    <div class=\"image-duo-col image-duo-col--bigger reveal-slide-left reveal-delay-1\">\n                        <div class=\"image-duo-figure\">\n                            <img decoding=\"async\" width=\"769\" height=\"1024\" src=\"https:\/\/lapide.com\/wp-content\/uploads\/2026\/02\/DSC05316-769x1024.jpg\" class=\"image-duo-img js-lightbox\" alt=\"\" draggable=\"false\" loading=\"lazy\" data-large=\"https:\/\/lapide.com\/wp-content\/uploads\/2026\/02\/DSC05316.jpg\" srcset=\"https:\/\/lapide.com\/wp-content\/uploads\/2026\/02\/DSC05316-769x1024.jpg 769w, https:\/\/lapide.com\/wp-content\/uploads\/2026\/02\/DSC05316-225x300.jpg 225w, https:\/\/lapide.com\/wp-content\/uploads\/2026\/02\/DSC05316-768x1023.jpg 768w, https:\/\/lapide.com\/wp-content\/uploads\/2026\/02\/DSC05316-1153x1536.jpg 1153w, https:\/\/lapide.com\/wp-content\/uploads\/2026\/02\/DSC05316.jpg 1500w\" sizes=\"auto, (max-width: 769px) 100vw, 769px\" \/>                        <\/div>\n                    <\/div>\n                            <\/div>\n        <\/div>\n    <\/div>\n<\/section>\n<!-- \/block-img-70-30 -->\n<section class=\"block-cta\">\n    <div class=\"block-inner container container-small\">\n        <div class=\"block-content\">\n                            <div class=\"get-in-touch__text text-width-small reveal-fade\">\n                    <h2>Get in touch to explore nature\u2019s finest<\/h2>\n                <\/div>\n            \n                                <div class=\"get-in-touch__button\">\n                        <a href=\"https:\/\/lapide.com\/de\/kontakt\/\"\n                            target=\"_self\"\n                            class=\"btn-grow reveal-slide-up reveal-delay-1\">\n                            <span>Kontakt<\/span>\n                        <\/a>\n                    <\/div>\n                                    <\/div>\n    <\/div>\n<\/section>\n<!-- \/block-get-in-touch -->","protected":false},"excerpt":{"rendered":"","protected":false},"author":7,"featured_media":0,"parent":0,"menu_order":0,"comment_status":"closed","ping_status":"closed","template":"","meta":{"_acf_changed":false,"footnotes":""},"class_list":["post-3785","page","type-page","status-publish","hentry"],"acf":[],"yoast_head":"<!-- This site is optimized with the Yoast SEO plugin v27.4 - https:\/\/yoast.com\/product\/yoast-seo-wordpress\/ -->\n<title>LAPIDE Studio - Lapide.com<\/title>\n<meta name=\"robots\" content=\"index, follow, max-snippet:-1, max-image-preview:large, max-video-preview:-1\" \/>\n<link rel=\"canonical\" href=\"https:\/\/lapide.com\/de\/lapide-studio\/\" \/>\n<meta property=\"og:locale\" content=\"de_DE\" \/>\n<meta property=\"og:type\" content=\"article\" \/>\n<meta property=\"og:title\" content=\"LAPIDE Studio - Lapide.com\" \/>\n<meta property=\"og:url\" content=\"https:\/\/lapide.com\/de\/lapide-studio\/\" \/>\n<meta property=\"og:site_name\" content=\"Lapide.com\" \/>\n<meta property=\"article:modified_time\" content=\"2026-04-28T07:34:53+00:00\" \/>\n<meta name=\"twitter:card\" content=\"summary_large_image\" \/>\n<script type=\"application\/ld+json\" class=\"yoast-schema-graph\">{\"@context\":\"https:\\\/\\\/schema.org\",\"@graph\":[{\"@type\":\"WebPage\",\"@id\":\"https:\\\/\\\/lapide.com\\\/de\\\/lapide-studio\\\/\",\"url\":\"https:\\\/\\\/lapide.com\\\/de\\\/lapide-studio\\\/\",\"name\":\"LAPIDE Studio - Lapide.com\",\"isPartOf\":{\"@id\":\"https:\\\/\\\/lapide.com\\\/de\\\/#website\"},\"datePublished\":\"2026-01-29T11:58:05+00:00\",\"dateModified\":\"2026-04-28T07:34:53+00:00\",\"breadcrumb\":{\"@id\":\"https:\\\/\\\/lapide.com\\\/de\\\/lapide-studio\\\/#breadcrumb\"},\"inLanguage\":\"de\",\"potentialAction\":[{\"@type\":\"ReadAction\",\"target\":[\"https:\\\/\\\/lapide.com\\\/de\\\/lapide-studio\\\/\"]}]},{\"@type\":\"BreadcrumbList\",\"@id\":\"https:\\\/\\\/lapide.com\\\/de\\\/lapide-studio\\\/#breadcrumb\",\"itemListElement\":[{\"@type\":\"ListItem\",\"position\":1,\"name\":\"Home\",\"item\":\"https:\\\/\\\/lapide.com\\\/de\\\/home\\\/\"},{\"@type\":\"ListItem\",\"position\":2,\"name\":\"LAPIDE Studio\"}]},{\"@type\":\"WebSite\",\"@id\":\"https:\\\/\\\/lapide.com\\\/de\\\/#website\",\"url\":\"https:\\\/\\\/lapide.com\\\/de\\\/\",\"name\":\"Lapide.com\",\"description\":\"Natures Finest\",\"publisher\":{\"@id\":\"https:\\\/\\\/lapide.com\\\/de\\\/#organization\"},\"potentialAction\":[{\"@type\":\"SearchAction\",\"target\":{\"@type\":\"EntryPoint\",\"urlTemplate\":\"https:\\\/\\\/lapide.com\\\/de\\\/?s={search_term_string}\"},\"query-input\":{\"@type\":\"PropertyValueSpecification\",\"valueRequired\":true,\"valueName\":\"search_term_string\"}}],\"inLanguage\":\"de\"},{\"@type\":\"Organization\",\"@id\":\"https:\\\/\\\/lapide.com\\\/de\\\/#organization\",\"name\":\"Lapide.com\",\"url\":\"https:\\\/\\\/lapide.com\\\/de\\\/\",\"logo\":{\"@type\":\"ImageObject\",\"inLanguage\":\"de\",\"@id\":\"https:\\\/\\\/lapide.com\\\/de\\\/#\\\/schema\\\/logo\\\/image\\\/\",\"url\":\"https:\\\/\\\/lapide.com\\\/wp-content\\\/uploads\\\/2026\\\/01\\\/cropped-image_2026-01-19_152612606.png\",\"contentUrl\":\"https:\\\/\\\/lapide.com\\\/wp-content\\\/uploads\\\/2026\\\/01\\\/cropped-image_2026-01-19_152612606.png\",\"width\":1954,\"height\":521,\"caption\":\"Lapide.com\"},\"image\":{\"@id\":\"https:\\\/\\\/lapide.com\\\/de\\\/#\\\/schema\\\/logo\\\/image\\\/\"}}]}<\/script>\n<!-- \/ Yoast SEO plugin. -->","yoast_head_json":{"title":"LAPIDE Studio - Lapide.com","robots":{"index":"index","follow":"follow","max-snippet":"max-snippet:-1","max-image-preview":"max-image-preview:large","max-video-preview":"max-video-preview:-1"},"canonical":"https:\/\/lapide.com\/de\/lapide-studio\/","og_locale":"de_DE","og_type":"article","og_title":"LAPIDE Studio - Lapide.com","og_url":"https:\/\/lapide.com\/de\/lapide-studio\/","og_site_name":"Lapide.com","article_modified_time":"2026-04-28T07:34:53+00:00","twitter_card":"summary_large_image","schema":{"@context":"https:\/\/schema.org","@graph":[{"@type":"WebPage","@id":"https:\/\/lapide.com\/de\/lapide-studio\/","url":"https:\/\/lapide.com\/de\/lapide-studio\/","name":"LAPIDE Studio - Lapide.com","isPartOf":{"@id":"https:\/\/lapide.com\/de\/#website"},"datePublished":"2026-01-29T11:58:05+00:00","dateModified":"2026-04-28T07:34:53+00:00","breadcrumb":{"@id":"https:\/\/lapide.com\/de\/lapide-studio\/#breadcrumb"},"inLanguage":"de","potentialAction":[{"@type":"ReadAction","target":["https:\/\/lapide.com\/de\/lapide-studio\/"]}]},{"@type":"BreadcrumbList","@id":"https:\/\/lapide.com\/de\/lapide-studio\/#breadcrumb","itemListElement":[{"@type":"ListItem","position":1,"name":"Home","item":"https:\/\/lapide.com\/de\/home\/"},{"@type":"ListItem","position":2,"name":"LAPIDE Studio"}]},{"@type":"WebSite","@id":"https:\/\/lapide.com\/de\/#website","url":"https:\/\/lapide.com\/de\/","name":"Lapide.com","description":"Natures Finest","publisher":{"@id":"https:\/\/lapide.com\/de\/#organization"},"potentialAction":[{"@type":"SearchAction","target":{"@type":"EntryPoint","urlTemplate":"https:\/\/lapide.com\/de\/?s={search_term_string}"},"query-input":{"@type":"PropertyValueSpecification","valueRequired":true,"valueName":"search_term_string"}}],"inLanguage":"de"},{"@type":"Organization","@id":"https:\/\/lapide.com\/de\/#organization","name":"Lapide.com","url":"https:\/\/lapide.com\/de\/","logo":{"@type":"ImageObject","inLanguage":"de","@id":"https:\/\/lapide.com\/de\/#\/schema\/logo\/image\/","url":"https:\/\/lapide.com\/wp-content\/uploads\/2026\/01\/cropped-image_2026-01-19_152612606.png","contentUrl":"https:\/\/lapide.com\/wp-content\/uploads\/2026\/01\/cropped-image_2026-01-19_152612606.png","width":1954,"height":521,"caption":"Lapide.com"},"image":{"@id":"https:\/\/lapide.com\/de\/#\/schema\/logo\/image\/"}}]}},"_links":{"self":[{"href":"https:\/\/lapide.com\/de\/wp-json\/wp\/v2\/pages\/3785","targetHints":{"allow":["GET"]}}],"collection":[{"href":"https:\/\/lapide.com\/de\/wp-json\/wp\/v2\/pages"}],"about":[{"href":"https:\/\/lapide.com\/de\/wp-json\/wp\/v2\/types\/page"}],"author":[{"embeddable":true,"href":"https:\/\/lapide.com\/de\/wp-json\/wp\/v2\/users\/7"}],"replies":[{"embeddable":true,"href":"https:\/\/lapide.com\/de\/wp-json\/wp\/v2\/comments?post=3785"}],"version-history":[{"count":1,"href":"https:\/\/lapide.com\/de\/wp-json\/wp\/v2\/pages\/3785\/revisions"}],"predecessor-version":[{"id":3786,"href":"https:\/\/lapide.com\/de\/wp-json\/wp\/v2\/pages\/3785\/revisions\/3786"}],"wp:attachment":[{"href":"https:\/\/lapide.com\/de\/wp-json\/wp\/v2\/media?parent=3785"}],"curies":[{"name":"wp","href":"https:\/\/api.w.org\/{rel}","templated":true}]}}