{"id":3787,"date":"2026-02-06T13:56:40","date_gmt":"2026-02-06T13:56:40","guid":{"rendered":"https:\/\/lapide.com\/lapide-tiles\/lapide-tiles-produkte\/"},"modified":"2026-04-29T10:37:05","modified_gmt":"2026-04-29T10:37:05","slug":"lapide-tiles-produkte","status":"publish","type":"page","link":"https:\/\/lapide.com\/de\/lapide-tiles\/lapide-tiles-produkte\/","title":{"rendered":"LAPIDE Tiles produkte"},"content":{"rendered":"    <section class=\"block-breadcrumbs\">\r\n        <div class=\"block-inner\">\r\n            <div class=\"block-content breadcrumb-container\">\r\n                <div class=\"breadcrumb-wrapper\">\r\n                    \r\n                            <a href=\"https:\/\/lapide.com\/de\/\"\r\n                                target=\"_self\"\r\n                                class=\"breadcrumb-link is-standard\">\r\n                                home                            <\/a>\r\n\r\n                                                            <span class=\"breadcrumb-separator\">\/<\/span>\r\n                            \r\n                    \r\n                            <a href=\"https:\/\/lapide.com\/de\/lapide-tiles\/\"\r\n                                target=\"_self\"\r\n                                class=\"breadcrumb-link is-standard\">\r\n                                LAPIDE Tiles                            <\/a>\r\n\r\n                                                            <span class=\"breadcrumb-separator\">\/<\/span>\r\n                            \r\n                    \r\n                            <a href=\"https:\/\/lapide.com\/de\/lapide-tiles\/lapide-tiles-produkte\/\"\r\n                                target=\"_self\"\r\n                                class=\"breadcrumb-link is-last\">\r\n                                LAPIDE Tiles produkte                            <\/a>\r\n\r\n                            \r\n                                    <\/div>\r\n            <\/div>\r\n        <\/div>\r\n    <\/section>\r\n<!-- \/block-breacdrumbs -->\n\n<!-- block-intro.php -->\n\n<section id=\"block-intro-block_79b73707f2c717b94a30c0d19804111d\" class=\"block-intro\" style=\"display: block !important; visibility: visible !important;\">\n    <div class=\"block-inner\">\n        <div class=\"block-content container container-small\">\n            <div class=\"block-intro__wrapper\">\n\n                <div class=\"block-intro__title reveal-slide-up\">\n                                            <h1>LAPIDE <em>Tiles<\/em><\/h1>\n                                    <\/div>\n\n                                    <div class=\"block-intro__subtitle reveal-fade reveal-delay-1\">\n                        PRODUKTE                    <\/div>\n                \n                                    <div class=\"block-intro__description reveal-fade reveal-delay-2\">\n                        <p>Erweitern Sie die architektonische Harmonie mit LAPIDE Tiles. Diese Natursteinfliesen sind so konzipiert, dass sie nahtlos von der Fassade bis zum Boden \u00fcbergehen, und bieten eine Vielzahl an Oberfl\u00e4chen und Formaten. Ideal, um dezente Muster und einheitliche, haptische R\u00e4ume im Innen- wie im Au\u00dfenbereich zu schaffen.  <\/p>\n                    <\/div>\n                \n                                    <div class=\"block-intro__action reveal-slide-up reveal-delay-3\">\n                                                <a href=\"https:\/\/lapide.com\/de\/lapide-tiles\/lapide-tiles-projekte\/\"\n                            class=\"btn-grow\"\n                            target=\"_self\">\n                            <span>Lassen Sie sich inspirieren<\/span>\n                        <\/a>\n                    <\/div>\n                \n            <\/div>\n        <\/div>\n    <\/div>\n<\/section>\n<!-- \/block-intro -->\n\n<!-- block-selection -->\n    <section class=\"block-product-selection\">\n        <div class=\"block-inner\">\n            <div class=\"block-content container\">\n\n                                    <div class=\"block-product-selection__header reveal-slide-up\">\n                        <h2>AUSGEW\u00c4HLT<\/h2>\n<h2><em>Fliesen<\/em><\/h2>\n                    <\/div>\n                \n                                    <div class=\"block-product-selection__grid\">\n\n                        \n                                                        <a href=\"https:\/\/lapide.com\/products\/bursa-bu28t\/\" class=\"product-card reveal-scale reveal-delay-1\">\n                                <div class=\"product-card__image-wrapper\">\n                                                                            <img decoding=\"async\" width=\"540\" height=\"540\" src=\"https:\/\/lapide.com\/wp-content\/uploads\/2026\/02\/BU28T-5.png\" class=\"product-card__img wp-post-image\" alt=\"\" draggable=\"false\" loading=\"lazy\" srcset=\"https:\/\/lapide.com\/wp-content\/uploads\/2026\/02\/BU28T-5.png 540w, https:\/\/lapide.com\/wp-content\/uploads\/2026\/02\/BU28T-5-300x300.png 300w, https:\/\/lapide.com\/wp-content\/uploads\/2026\/02\/BU28T-5-150x150.png 150w\" sizes=\"auto, (max-width: 540px) 100vw, 540px\" \/>                                                                    <\/div>\n\n                                <div class=\"product-card__info\">\n                                    <h3 class=\"product-card__name\">\n                                        <span>Bursa BU28T<\/span>\n                                    <\/h3>\n                                <\/div>\n                            <\/a>\n\n                        \n                                                        <a href=\"https:\/\/lapide.com\/products\/sabra-sa28t\/\" class=\"product-card reveal-scale reveal-delay-2\">\n                                <div class=\"product-card__image-wrapper\">\n                                                                            <img decoding=\"async\" width=\"540\" height=\"540\" src=\"https:\/\/lapide.com\/wp-content\/uploads\/2026\/02\/SA28T-2.png\" class=\"product-card__img wp-post-image\" alt=\"\" draggable=\"false\" loading=\"lazy\" srcset=\"https:\/\/lapide.com\/wp-content\/uploads\/2026\/02\/SA28T-2.png 540w, https:\/\/lapide.com\/wp-content\/uploads\/2026\/02\/SA28T-2-300x300.png 300w, https:\/\/lapide.com\/wp-content\/uploads\/2026\/02\/SA28T-2-150x150.png 150w\" sizes=\"auto, (max-width: 540px) 100vw, 540px\" \/>                                                                    <\/div>\n\n                                <div class=\"product-card__info\">\n                                    <h3 class=\"product-card__name\">\n                                        <span>Sabra SA28T<\/span>\n                                    <\/h3>\n                                <\/div>\n                            <\/a>\n\n                        \n                                                        <a href=\"https:\/\/lapide.com\/products\/matera-ma20t\/\" class=\"product-card reveal-scale reveal-delay-3\">\n                                <div class=\"product-card__image-wrapper\">\n                                                                            <img decoding=\"async\" width=\"540\" height=\"540\" src=\"https:\/\/lapide.com\/wp-content\/uploads\/2026\/02\/MA20T-2.png\" class=\"product-card__img wp-post-image\" alt=\"\" draggable=\"false\" loading=\"lazy\" srcset=\"https:\/\/lapide.com\/wp-content\/uploads\/2026\/02\/MA20T-2.png 540w, https:\/\/lapide.com\/wp-content\/uploads\/2026\/02\/MA20T-2-300x300.png 300w, https:\/\/lapide.com\/wp-content\/uploads\/2026\/02\/MA20T-2-150x150.png 150w\" sizes=\"auto, (max-width: 540px) 100vw, 540px\" \/>                                                                    <\/div>\n\n                                <div class=\"product-card__info\">\n                                    <h3 class=\"product-card__name\">\n                                        <span>Matera MA20T<\/span>\n                                    <\/h3>\n                                <\/div>\n                            <\/a>\n\n                        \n                                                        <a href=\"https:\/\/lapide.com\/products\/tavira-ta28t\/\" class=\"product-card reveal-scale reveal-delay-4\">\n                                <div class=\"product-card__image-wrapper\">\n                                                                            <img decoding=\"async\" width=\"540\" height=\"540\" src=\"https:\/\/lapide.com\/wp-content\/uploads\/2026\/02\/TA28T-2.png\" class=\"product-card__img wp-post-image\" alt=\"\" draggable=\"false\" loading=\"lazy\" srcset=\"https:\/\/lapide.com\/wp-content\/uploads\/2026\/02\/TA28T-2.png 540w, https:\/\/lapide.com\/wp-content\/uploads\/2026\/02\/TA28T-2-300x300.png 300w, https:\/\/lapide.com\/wp-content\/uploads\/2026\/02\/TA28T-2-150x150.png 150w\" sizes=\"auto, (max-width: 540px) 100vw, 540px\" \/>                                                                    <\/div>\n\n                                <div class=\"product-card__info\">\n                                    <h3 class=\"product-card__name\">\n                                        <span>Tavira TA28T<\/span>\n                                    <\/h3>\n                                <\/div>\n                            <\/a>\n\n                        \n                                                        <a href=\"https:\/\/lapide.com\/products\/sabra-sa20t\/\" class=\"product-card reveal-scale reveal-delay-5\">\n                                <div class=\"product-card__image-wrapper\">\n                                                                            <img decoding=\"async\" width=\"540\" height=\"540\" src=\"https:\/\/lapide.com\/wp-content\/uploads\/2026\/02\/SA20T-2.png\" class=\"product-card__img wp-post-image\" alt=\"\" draggable=\"false\" loading=\"lazy\" srcset=\"https:\/\/lapide.com\/wp-content\/uploads\/2026\/02\/SA20T-2.png 540w, https:\/\/lapide.com\/wp-content\/uploads\/2026\/02\/SA20T-2-300x300.png 300w, https:\/\/lapide.com\/wp-content\/uploads\/2026\/02\/SA20T-2-150x150.png 150w\" sizes=\"auto, (max-width: 540px) 100vw, 540px\" \/>                                                                    <\/div>\n\n                                <div class=\"product-card__info\">\n                                    <h3 class=\"product-card__name\">\n                                        <span>Sabra SA20T<\/span>\n                                    <\/h3>\n                                <\/div>\n                            <\/a>\n\n                                            <\/div>\n                \n            <\/div>\n        <\/div>\n    <\/section>\n<!-- \/block-product-selection -->\n\n\n    <section class=\"block-product-items\">\n        <div class=\"block-inner\">\n            <div class=\"block-content container\">\n\n                                    <div class=\"block-product-items__header reveal-slide-up\">\n                        <h2>PRODUKTE<\/h2>\n                    <\/div>\n                \n                <div class=\"block-product-items__grid\">\n                                            <a href=\"https:\/\/lapide.com\/products\/bursa-bu20t\/\" class=\"all-product-card reveal-scale reveal-delay-1\">\n                            <div class=\"all-product-card__image\">\n                                <img decoding=\"async\" width=\"540\" height=\"540\" src=\"https:\/\/lapide.com\/wp-content\/uploads\/2026\/02\/BU20T-5.png\" class=\"attachment-large size-large wp-post-image\" alt=\"\" loading=\"lazy\" draggable=\"false\" srcset=\"https:\/\/lapide.com\/wp-content\/uploads\/2026\/02\/BU20T-5.png 540w, https:\/\/lapide.com\/wp-content\/uploads\/2026\/02\/BU20T-5-300x300.png 300w, https:\/\/lapide.com\/wp-content\/uploads\/2026\/02\/BU20T-5-150x150.png 150w\" sizes=\"auto, (max-width: 540px) 100vw, 540px\" \/>                            <\/div>\n                            <div class=\"all-product-card__info\">\n                                <h3>Bursa BU20T<\/h3>\n                            <\/div>\n                        <\/a>\n                                            <a href=\"https:\/\/lapide.com\/products\/bursa-bu28t\/\" class=\"all-product-card reveal-scale reveal-delay-2\">\n                            <div class=\"all-product-card__image\">\n                                <img decoding=\"async\" width=\"540\" height=\"540\" src=\"https:\/\/lapide.com\/wp-content\/uploads\/2026\/02\/BU28T-5.png\" class=\"attachment-large size-large wp-post-image\" alt=\"\" loading=\"lazy\" draggable=\"false\" srcset=\"https:\/\/lapide.com\/wp-content\/uploads\/2026\/02\/BU28T-5.png 540w, https:\/\/lapide.com\/wp-content\/uploads\/2026\/02\/BU28T-5-300x300.png 300w, https:\/\/lapide.com\/wp-content\/uploads\/2026\/02\/BU28T-5-150x150.png 150w\" sizes=\"auto, (max-width: 540px) 100vw, 540px\" \/>                            <\/div>\n                            <div class=\"all-product-card__info\">\n                                <h3>Bursa BU28T<\/h3>\n                            <\/div>\n                        <\/a>\n                                            <a href=\"https:\/\/lapide.com\/products\/matera-ma20t\/\" class=\"all-product-card reveal-scale reveal-delay-3\">\n                            <div class=\"all-product-card__image\">\n                                <img decoding=\"async\" width=\"540\" height=\"540\" src=\"https:\/\/lapide.com\/wp-content\/uploads\/2026\/02\/MA20T-2.png\" class=\"attachment-large size-large wp-post-image\" alt=\"\" loading=\"lazy\" draggable=\"false\" srcset=\"https:\/\/lapide.com\/wp-content\/uploads\/2026\/02\/MA20T-2.png 540w, https:\/\/lapide.com\/wp-content\/uploads\/2026\/02\/MA20T-2-300x300.png 300w, https:\/\/lapide.com\/wp-content\/uploads\/2026\/02\/MA20T-2-150x150.png 150w\" sizes=\"auto, (max-width: 540px) 100vw, 540px\" \/>                            <\/div>\n                            <div class=\"all-product-card__info\">\n                                <h3>Matera MA20T<\/h3>\n                            <\/div>\n                        <\/a>\n                                            <a href=\"https:\/\/lapide.com\/products\/matera-ma28t\/\" class=\"all-product-card reveal-scale reveal-delay-4\">\n                            <div class=\"all-product-card__image\">\n                                <img decoding=\"async\" width=\"540\" height=\"540\" src=\"https:\/\/lapide.com\/wp-content\/uploads\/2026\/02\/MA28T-2.png\" class=\"attachment-large size-large wp-post-image\" alt=\"\" loading=\"lazy\" draggable=\"false\" srcset=\"https:\/\/lapide.com\/wp-content\/uploads\/2026\/02\/MA28T-2.png 540w, https:\/\/lapide.com\/wp-content\/uploads\/2026\/02\/MA28T-2-300x300.png 300w, https:\/\/lapide.com\/wp-content\/uploads\/2026\/02\/MA28T-2-150x150.png 150w\" sizes=\"auto, (max-width: 540px) 100vw, 540px\" \/>                            <\/div>\n                            <div class=\"all-product-card__info\">\n                                <h3>Matera MA28T<\/h3>\n                            <\/div>\n                        <\/a>\n                                            <a href=\"https:\/\/lapide.com\/products\/sabra-sa20t\/\" class=\"all-product-card reveal-scale reveal-delay-5\">\n                            <div class=\"all-product-card__image\">\n                                <img decoding=\"async\" width=\"540\" height=\"540\" src=\"https:\/\/lapide.com\/wp-content\/uploads\/2026\/02\/SA20T-2.png\" class=\"attachment-large size-large wp-post-image\" alt=\"\" loading=\"lazy\" draggable=\"false\" srcset=\"https:\/\/lapide.com\/wp-content\/uploads\/2026\/02\/SA20T-2.png 540w, https:\/\/lapide.com\/wp-content\/uploads\/2026\/02\/SA20T-2-300x300.png 300w, https:\/\/lapide.com\/wp-content\/uploads\/2026\/02\/SA20T-2-150x150.png 150w\" sizes=\"auto, (max-width: 540px) 100vw, 540px\" \/>                            <\/div>\n                            <div class=\"all-product-card__info\">\n                                <h3>Sabra SA20T<\/h3>\n                            <\/div>\n                        <\/a>\n                                            <a href=\"https:\/\/lapide.com\/products\/sabra-sa28t\/\" class=\"all-product-card reveal-scale reveal-delay-5\">\n                            <div class=\"all-product-card__image\">\n                                <img decoding=\"async\" width=\"540\" height=\"540\" src=\"https:\/\/lapide.com\/wp-content\/uploads\/2026\/02\/SA28T-2.png\" class=\"attachment-large size-large wp-post-image\" alt=\"\" loading=\"lazy\" draggable=\"false\" srcset=\"https:\/\/lapide.com\/wp-content\/uploads\/2026\/02\/SA28T-2.png 540w, https:\/\/lapide.com\/wp-content\/uploads\/2026\/02\/SA28T-2-300x300.png 300w, https:\/\/lapide.com\/wp-content\/uploads\/2026\/02\/SA28T-2-150x150.png 150w\" sizes=\"auto, (max-width: 540px) 100vw, 540px\" \/>                            <\/div>\n                            <div class=\"all-product-card__info\">\n                                <h3>Sabra SA28T<\/h3>\n                            <\/div>\n                        <\/a>\n                                            <a href=\"https:\/\/lapide.com\/products\/tavira-ta20t\/\" class=\"all-product-card reveal-scale reveal-delay-5\">\n                            <div class=\"all-product-card__image\">\n                                <img decoding=\"async\" width=\"540\" height=\"540\" src=\"https:\/\/lapide.com\/wp-content\/uploads\/2026\/02\/TA20T-2.png\" class=\"attachment-large size-large wp-post-image\" alt=\"\" loading=\"lazy\" draggable=\"false\" srcset=\"https:\/\/lapide.com\/wp-content\/uploads\/2026\/02\/TA20T-2.png 540w, https:\/\/lapide.com\/wp-content\/uploads\/2026\/02\/TA20T-2-300x300.png 300w, https:\/\/lapide.com\/wp-content\/uploads\/2026\/02\/TA20T-2-150x150.png 150w\" sizes=\"auto, (max-width: 540px) 100vw, 540px\" \/>                            <\/div>\n                            <div class=\"all-product-card__info\">\n                                <h3>Tavira TA20T<\/h3>\n                            <\/div>\n                        <\/a>\n                                            <a href=\"https:\/\/lapide.com\/products\/tavira-ta28t\/\" class=\"all-product-card reveal-scale reveal-delay-5\">\n                            <div class=\"all-product-card__image\">\n                                <img decoding=\"async\" width=\"540\" height=\"540\" src=\"https:\/\/lapide.com\/wp-content\/uploads\/2026\/02\/TA28T-2.png\" class=\"attachment-large size-large wp-post-image\" alt=\"\" loading=\"lazy\" draggable=\"false\" srcset=\"https:\/\/lapide.com\/wp-content\/uploads\/2026\/02\/TA28T-2.png 540w, https:\/\/lapide.com\/wp-content\/uploads\/2026\/02\/TA28T-2-300x300.png 300w, https:\/\/lapide.com\/wp-content\/uploads\/2026\/02\/TA28T-2-150x150.png 150w\" sizes=\"auto, (max-width: 540px) 100vw, 540px\" \/>                            <\/div>\n                            <div class=\"all-product-card__info\">\n                                <h3>Tavira TA28T<\/h3>\n                            <\/div>\n                        <\/a>\n                                    <\/div>\n\n                \n            <\/div>\n        <\/div>\n    <\/section>\n<!-- \/block-product-items -->\n\n\n<section class=\"block-cta\">\n    <div class=\"block-inner container container-small\">\n        <div class=\"block-content\">\n                            <div class=\"get-in-touch__text text-width-small reveal-fade\">\n                    <h2 style=\"text-align: center\">Get in touch to explore <em>nature\u2019s finest<\/em><\/h2>\n                <\/div>\n            \n                                <div class=\"get-in-touch__button\">\n                        <a href=\"https:\/\/lapide.com\/de\/kontakt\/\"\n                            target=\"_self\"\n                            class=\"btn-grow reveal-slide-up reveal-delay-1\">\n                            <span>Kontakt<\/span>\n                        <\/a>\n                    <\/div>\n                                    <\/div>\n    <\/div>\n<\/section>\n<!-- \/block-get-in-touch -->","protected":false},"excerpt":{"rendered":"","protected":false},"author":7,"featured_media":0,"parent":3781,"menu_order":0,"comment_status":"closed","ping_status":"closed","template":"","meta":{"_acf_changed":false,"footnotes":""},"class_list":["post-3787","page","type-page","status-publish","hentry"],"acf":[],"yoast_head":"<!-- This site is optimized with the Yoast SEO plugin v27.4 - https:\/\/yoast.com\/product\/yoast-seo-wordpress\/ -->\n<title>LAPIDE Tiles produkte - Lapide.com<\/title>\n<meta name=\"robots\" content=\"index, follow, max-snippet:-1, max-image-preview:large, max-video-preview:-1\" \/>\n<link rel=\"canonical\" href=\"https:\/\/lapide.com\/de\/lapide-tiles\/lapide-tiles-produkte\/\" \/>\n<meta property=\"og:locale\" content=\"de_DE\" \/>\n<meta property=\"og:type\" content=\"article\" \/>\n<meta property=\"og:title\" content=\"LAPIDE Tiles produkte - Lapide.com\" \/>\n<meta property=\"og:url\" content=\"https:\/\/lapide.com\/de\/lapide-tiles\/lapide-tiles-produkte\/\" \/>\n<meta property=\"og:site_name\" content=\"Lapide.com\" \/>\n<meta property=\"article:modified_time\" content=\"2026-04-29T10:37:05+00:00\" \/>\n<meta name=\"twitter:card\" content=\"summary_large_image\" \/>\n<script type=\"application\/ld+json\" class=\"yoast-schema-graph\">{\"@context\":\"https:\\\/\\\/schema.org\",\"@graph\":[{\"@type\":\"WebPage\",\"@id\":\"https:\\\/\\\/lapide.com\\\/de\\\/lapide-tiles\\\/lapide-tiles-produkte\\\/\",\"url\":\"https:\\\/\\\/lapide.com\\\/de\\\/lapide-tiles\\\/lapide-tiles-produkte\\\/\",\"name\":\"LAPIDE Tiles produkte - Lapide.com\",\"isPartOf\":{\"@id\":\"https:\\\/\\\/lapide.com\\\/de\\\/#website\"},\"datePublished\":\"2026-02-06T13:56:40+00:00\",\"dateModified\":\"2026-04-29T10:37:05+00:00\",\"breadcrumb\":{\"@id\":\"https:\\\/\\\/lapide.com\\\/de\\\/lapide-tiles\\\/lapide-tiles-produkte\\\/#breadcrumb\"},\"inLanguage\":\"de\",\"potentialAction\":[{\"@type\":\"ReadAction\",\"target\":[\"https:\\\/\\\/lapide.com\\\/de\\\/lapide-tiles\\\/lapide-tiles-produkte\\\/\"]}]},{\"@type\":\"BreadcrumbList\",\"@id\":\"https:\\\/\\\/lapide.com\\\/de\\\/lapide-tiles\\\/lapide-tiles-produkte\\\/#breadcrumb\",\"itemListElement\":[{\"@type\":\"ListItem\",\"position\":1,\"name\":\"Home\",\"item\":\"https:\\\/\\\/lapide.com\\\/de\\\/home\\\/\"},{\"@type\":\"ListItem\",\"position\":2,\"name\":\"LAPIDE Tiles\",\"item\":\"https:\\\/\\\/lapide.com\\\/de\\\/lapide-tiles\\\/\"},{\"@type\":\"ListItem\",\"position\":3,\"name\":\"LAPIDE Tiles produkte\"}]},{\"@type\":\"WebSite\",\"@id\":\"https:\\\/\\\/lapide.com\\\/de\\\/#website\",\"url\":\"https:\\\/\\\/lapide.com\\\/de\\\/\",\"name\":\"Lapide.com\",\"description\":\"Natures Finest\",\"publisher\":{\"@id\":\"https:\\\/\\\/lapide.com\\\/de\\\/#organization\"},\"potentialAction\":[{\"@type\":\"SearchAction\",\"target\":{\"@type\":\"EntryPoint\",\"urlTemplate\":\"https:\\\/\\\/lapide.com\\\/de\\\/?s={search_term_string}\"},\"query-input\":{\"@type\":\"PropertyValueSpecification\",\"valueRequired\":true,\"valueName\":\"search_term_string\"}}],\"inLanguage\":\"de\"},{\"@type\":\"Organization\",\"@id\":\"https:\\\/\\\/lapide.com\\\/de\\\/#organization\",\"name\":\"Lapide.com\",\"url\":\"https:\\\/\\\/lapide.com\\\/de\\\/\",\"logo\":{\"@type\":\"ImageObject\",\"inLanguage\":\"de\",\"@id\":\"https:\\\/\\\/lapide.com\\\/de\\\/#\\\/schema\\\/logo\\\/image\\\/\",\"url\":\"https:\\\/\\\/lapide.com\\\/wp-content\\\/uploads\\\/2026\\\/01\\\/cropped-image_2026-01-19_152612606.png\",\"contentUrl\":\"https:\\\/\\\/lapide.com\\\/wp-content\\\/uploads\\\/2026\\\/01\\\/cropped-image_2026-01-19_152612606.png\",\"width\":1954,\"height\":521,\"caption\":\"Lapide.com\"},\"image\":{\"@id\":\"https:\\\/\\\/lapide.com\\\/de\\\/#\\\/schema\\\/logo\\\/image\\\/\"}}]}<\/script>\n<!-- \/ Yoast SEO plugin. -->","yoast_head_json":{"title":"LAPIDE Tiles produkte - Lapide.com","robots":{"index":"index","follow":"follow","max-snippet":"max-snippet:-1","max-image-preview":"max-image-preview:large","max-video-preview":"max-video-preview:-1"},"canonical":"https:\/\/lapide.com\/de\/lapide-tiles\/lapide-tiles-produkte\/","og_locale":"de_DE","og_type":"article","og_title":"LAPIDE Tiles produkte - Lapide.com","og_url":"https:\/\/lapide.com\/de\/lapide-tiles\/lapide-tiles-produkte\/","og_site_name":"Lapide.com","article_modified_time":"2026-04-29T10:37:05+00:00","twitter_card":"summary_large_image","schema":{"@context":"https:\/\/schema.org","@graph":[{"@type":"WebPage","@id":"https:\/\/lapide.com\/de\/lapide-tiles\/lapide-tiles-produkte\/","url":"https:\/\/lapide.com\/de\/lapide-tiles\/lapide-tiles-produkte\/","name":"LAPIDE Tiles produkte - Lapide.com","isPartOf":{"@id":"https:\/\/lapide.com\/de\/#website"},"datePublished":"2026-02-06T13:56:40+00:00","dateModified":"2026-04-29T10:37:05+00:00","breadcrumb":{"@id":"https:\/\/lapide.com\/de\/lapide-tiles\/lapide-tiles-produkte\/#breadcrumb"},"inLanguage":"de","potentialAction":[{"@type":"ReadAction","target":["https:\/\/lapide.com\/de\/lapide-tiles\/lapide-tiles-produkte\/"]}]},{"@type":"BreadcrumbList","@id":"https:\/\/lapide.com\/de\/lapide-tiles\/lapide-tiles-produkte\/#breadcrumb","itemListElement":[{"@type":"ListItem","position":1,"name":"Home","item":"https:\/\/lapide.com\/de\/home\/"},{"@type":"ListItem","position":2,"name":"LAPIDE Tiles","item":"https:\/\/lapide.com\/de\/lapide-tiles\/"},{"@type":"ListItem","position":3,"name":"LAPIDE Tiles produkte"}]},{"@type":"WebSite","@id":"https:\/\/lapide.com\/de\/#website","url":"https:\/\/lapide.com\/de\/","name":"Lapide.com","description":"Natures Finest","publisher":{"@id":"https:\/\/lapide.com\/de\/#organization"},"potentialAction":[{"@type":"SearchAction","target":{"@type":"EntryPoint","urlTemplate":"https:\/\/lapide.com\/de\/?s={search_term_string}"},"query-input":{"@type":"PropertyValueSpecification","valueRequired":true,"valueName":"search_term_string"}}],"inLanguage":"de"},{"@type":"Organization","@id":"https:\/\/lapide.com\/de\/#organization","name":"Lapide.com","url":"https:\/\/lapide.com\/de\/","logo":{"@type":"ImageObject","inLanguage":"de","@id":"https:\/\/lapide.com\/de\/#\/schema\/logo\/image\/","url":"https:\/\/lapide.com\/wp-content\/uploads\/2026\/01\/cropped-image_2026-01-19_152612606.png","contentUrl":"https:\/\/lapide.com\/wp-content\/uploads\/2026\/01\/cropped-image_2026-01-19_152612606.png","width":1954,"height":521,"caption":"Lapide.com"},"image":{"@id":"https:\/\/lapide.com\/de\/#\/schema\/logo\/image\/"}}]}},"_links":{"self":[{"href":"https:\/\/lapide.com\/de\/wp-json\/wp\/v2\/pages\/3787","targetHints":{"allow":["GET"]}}],"collection":[{"href":"https:\/\/lapide.com\/de\/wp-json\/wp\/v2\/pages"}],"about":[{"href":"https:\/\/lapide.com\/de\/wp-json\/wp\/v2\/types\/page"}],"author":[{"embeddable":true,"href":"https:\/\/lapide.com\/de\/wp-json\/wp\/v2\/users\/7"}],"replies":[{"embeddable":true,"href":"https:\/\/lapide.com\/de\/wp-json\/wp\/v2\/comments?post=3787"}],"version-history":[{"count":2,"href":"https:\/\/lapide.com\/de\/wp-json\/wp\/v2\/pages\/3787\/revisions"}],"predecessor-version":[{"id":3852,"href":"https:\/\/lapide.com\/de\/wp-json\/wp\/v2\/pages\/3787\/revisions\/3852"}],"up":[{"embeddable":true,"href":"https:\/\/lapide.com\/de\/wp-json\/wp\/v2\/pages\/3781"}],"wp:attachment":[{"href":"https:\/\/lapide.com\/de\/wp-json\/wp\/v2\/media?parent=3787"}],"curies":[{"name":"wp","href":"https:\/\/api.w.org\/{rel}","templated":true}]}}