{"id":3789,"date":"2026-01-29T13:24:41","date_gmt":"2026-01-29T13:24:41","guid":{"rendered":"https:\/\/lapide.com\/lapide-rocks\/"},"modified":"2026-04-29T10:38:34","modified_gmt":"2026-04-29T10:38:34","slug":"lapide-rocks","status":"publish","type":"page","link":"https:\/\/lapide.com\/de\/lapide-rocks\/","title":{"rendered":"LAPIDE Rocks"},"content":{"rendered":"    <section class=\"block-breadcrumbs\">\r\n        <div class=\"block-inner\">\r\n            <div class=\"block-content breadcrumb-container\">\r\n                <div class=\"breadcrumb-wrapper\">\r\n                    \r\n                            <a href=\"https:\/\/lapide.com\/de\/\"\r\n                                target=\"_self\"\r\n                                class=\"breadcrumb-link is-standard\">\r\n                                home                            <\/a>\r\n\r\n                                                            <span class=\"breadcrumb-separator\">\/<\/span>\r\n                            \r\n                    \r\n                            <a href=\"https:\/\/lapide.com\/de\/lapide-rocks\/\"\r\n                                target=\"_self\"\r\n                                class=\"breadcrumb-link is-last\">\r\n                                LAPIDE Rocks                            <\/a>\r\n\r\n                            \r\n                                    <\/div>\r\n            <\/div>\r\n        <\/div>\r\n    <\/section>\r\n<!-- \/block-breacdrumbs -->\n\n\n<div class=\"block block-specs\">\n    <div class=\"block-inner\">\n                    <div class=\"faq-title-wrapper reveal-slide-up\">\n                <div class=\"block-content container container-wide\">\n                    <div class=\"faq-main-title\">\n                        <h1>LAPIDE <em>Rocks<\/em><\/h1>\n                    <\/div>\n                <\/div>\n            <\/div>\n                <div class=\"container container-small\">\n            <div class=\"faq-columns\">\n\n                                                    <div class=\"faq-left reveal-fade\">\n                        <div class=\"faq-intro\">\n                            <p>Nat\u00fcrlich unregelm\u00e4\u00dfig und ausdrucksstark verleihen LAPIDE Rocks jeder Oberfl\u00e4che eine organische Textur und mediterranen Charakter. Mit vielf\u00e4ltigen Formen und satten Erdt\u00f6nen verwandeln sie W\u00e4nde in haptische, zeitlose Statements. Im Innen- wie im Au\u00dfenbereich.  <\/p>\n                        <\/div>\n                    <\/div>\n                \n                                                    <div class=\"faq-right reveal-slide-left reveal-delay-1\">\n                        <div class=\"faq-list\">\n                            <ul class=\"faq-bullets\">\n                                                                        <li>F\u00fcr nat\u00fcrliche, organische Fassaden<\/li>\n                                                                        <li>Ein Produkt von Mutter Erde<\/li>\n                                                                        <li>Innen- und Au\u00dfenbereich<\/li>\n                                                            <\/ul>\n                        <\/div>\n                    <\/div>\n                \n            <\/div>\n        <\/div>\n    <\/div>\n<\/div>\n<!-- \/block-faq -->\n\n\r\n<section id=\"image-grid-2-block_15472c6423bbff94efb051d181ffa53d\" class=\"block-img-50-50\">\r\n    <div class=\"block-inner\">\r\n        <div class=\"block-content container container-medium\">\r\n            <div class=\"image-grid-2-wrapper\">\r\n\r\n                                    <div class=\"image-grid-2-item reveal-slide-right\">\r\n                                                                                <a href=\"https:\/\/lapide.com\/de\/lapide-rocks\/lapide-rocks-produkte\/\"\r\n                                target=\"_self\"\r\n                                class=\"image-grid-2-visual image-grid-2-link\">\r\n                            \r\n                                <img decoding=\"async\" src=\"https:\/\/lapide.com\/wp-content\/uploads\/2026\/02\/LAPIDE-Rocks-9.jpg\"\r\n                                    alt=\"Image 1\"\r\n                                    class=\"image-grid-2-img\"\r\n                                    draggable=\"false\"\r\n                                    loading=\"lazy\">\r\n\r\n                                <div class=\"image-grid-2-overlay\">\r\n                                                                            <div class=\"image-grid-2-title\">\r\n                                            <h2>Unsere <em>Produkte<\/em><\/h2>\n                                        <\/div>\r\n                                    \r\n                                                                            <div class=\"image-grid-2-action\">\r\n                                            <span class=\"btn-swap\">\r\n                                                <span class=\"btn-swap-text primary\">\r\n                                                    Mehr Informationen                                                <\/span>\r\n                                                <span class=\"btn-swap-text hover\">\r\n                                                    Produkte ansehen                                                <\/span>\r\n                                            <\/span>\r\n                                        <\/div>\r\n                                                                    <\/div>\r\n\r\n                                                            <\/a>\r\n                                    <\/div>\r\n        \r\n\r\n                    <div class=\"image-grid-2-item reveal-slide-left reveal-delay-1\">\r\n                                                        <a href=\"https:\/\/lapide.com\/de\/lapide-rocks\/lapide-rocks-projekte\/\"\r\n                        target=\"_self\"\r\n                        class=\"image-grid-2-visual image-grid-2-link\">\r\n                    \r\n                        <img decoding=\"async\" src=\"https:\/\/lapide.com\/wp-content\/uploads\/2026\/02\/Project-JVY-LAPIDE-Rocks-Karlovy-Vary-KV12R.jpg\"\r\n                            alt=\"Image 2\"\r\n                            class=\"image-grid-2-img\"\r\n                            draggable=\"false\"\r\n                            loading=\"lazy\">\r\n\r\n                        <div class=\"image-grid-2-overlay\">\r\n                                                            <div class=\"image-grid-2-title\">\r\n                                    <h2>Unsere <em>Projekte<\/em><\/h2>\n                                <\/div>\r\n                            \r\n                                                            <div class=\"image-grid-2-action\">\r\n                                    <span class=\"btn-swap\">\r\n                                        <span class=\"btn-swap-text primary\">\r\n                                            Mehr Informationen                                        <\/span>\r\n                                        <span class=\"btn-swap-text hover\">\r\n                                            Projekte ansehen                                        <\/span>\r\n                                    <\/span>\r\n                                <\/div>\r\n                                                    <\/div>\r\n\r\n                                            <\/a>\r\n                        <\/div>\r\n    \r\n    <\/div>\r\n    <\/div>\r\n    <\/div>\r\n<\/section>\r\n<!-- \/block-img-50-50 -->\n\n\n<section class=\"block-txt\">\n    <div class=\"block-inner\">\n        <div class=\"block-content container container-small\">\n            <div class=\"info-wrapper\">\n                                    <div class=\"info-title reveal-slide-up\">\n                        <h3>Ein rohes Statement aus Naturstein<\/h3>\n                    <\/div>\n                \n                                    <div class=\"info-cols info-double-col\">\n\n                                                    <div class=\"info-col info-col--left reveal-slide-right reveal-delay-1\">\n                                <div class=\"info-text\">\n                                    <p>LAPIDE Rocks bieten eine robuste Eleganz, die von der Erde geformt wurde. Mit variierenden H\u00f6hen und freien L\u00e4ngen bringt jede Auswahl ihren eigenen Rhythmus und ihre eigene Pers\u00f6nlichkeit mit. Von kleineren Dimensionen bis hin zu substanzielleren Formaten bewahrt jedes St\u00fcck eine handgespaltene Haptik und rohe Integrit\u00e4t. Diese Steine eignen sich sowohl f\u00fcr massives Mauerwerk als auch f\u00fcr Verblendungen,   <\/p>\n                                <\/div>\n                            <\/div>\n                        \n                                                    <div class=\"info-col info-col--right reveal-slide-left reveal-delay-2\">\n                                <div class=\"info-text\">\n                                    <p>abh\u00e4ngig von der gew\u00e4hlten Variante. Ob f\u00fcr komplette Fassaden oder als markante Akzente \u2013 LAPIDE Rocks zelebrieren die nat\u00fcrliche Unvollkommenheit. Das Ergebnis ist eine Oberfl\u00e4che, die durch Schatten und Tiefe lebendig wirkt. In der Tradition verwurzelt und doch passend f\u00fcr zeitgen\u00f6ssische Ausdrucksformen.   <\/p>\n                                <\/div>\n                            <\/div>\n                        \n                    <\/div>\n                \n            <\/div>\n        <\/div>\n    <\/div>\n<\/section>\n<!-- \/block-txt -->\n\n\n<section class=\"block-img-70-30 \">\n    <div class=\"block-inner\">\n        <div class=\"block-content container $container-medium\">\n            <div class=\"image-duo-wrapper\">\n                                    <div class=\"image-duo-col image-duo-col--small reveal-slide-right\">\n                        <div class=\"image-duo-figure\">\n                            <img decoding=\"async\" width=\"683\" height=\"1024\" src=\"https:\/\/lapide.com\/wp-content\/uploads\/2026\/02\/Exclusive-forest-retreat-Garderen-LAPIDE-Rocks-Bukarest-BK12R-5-683x1024.jpg\" class=\"image-duo-img js-lightbox\" alt=\"\" draggable=\"false\" loading=\"lazy\" data-large=\"https:\/\/lapide.com\/wp-content\/uploads\/2026\/02\/Exclusive-forest-retreat-Garderen-LAPIDE-Rocks-Bukarest-BK12R-5-scaled.jpg\" srcset=\"https:\/\/lapide.com\/wp-content\/uploads\/2026\/02\/Exclusive-forest-retreat-Garderen-LAPIDE-Rocks-Bukarest-BK12R-5-683x1024.jpg 683w, https:\/\/lapide.com\/wp-content\/uploads\/2026\/02\/Exclusive-forest-retreat-Garderen-LAPIDE-Rocks-Bukarest-BK12R-5-200x300.jpg 200w, https:\/\/lapide.com\/wp-content\/uploads\/2026\/02\/Exclusive-forest-retreat-Garderen-LAPIDE-Rocks-Bukarest-BK12R-5-768x1152.jpg 768w, https:\/\/lapide.com\/wp-content\/uploads\/2026\/02\/Exclusive-forest-retreat-Garderen-LAPIDE-Rocks-Bukarest-BK12R-5-1024x1536.jpg 1024w, https:\/\/lapide.com\/wp-content\/uploads\/2026\/02\/Exclusive-forest-retreat-Garderen-LAPIDE-Rocks-Bukarest-BK12R-5-1365x2048.jpg 1365w, https:\/\/lapide.com\/wp-content\/uploads\/2026\/02\/Exclusive-forest-retreat-Garderen-LAPIDE-Rocks-Bukarest-BK12R-5-scaled.jpg 1707w\" sizes=\"auto, (max-width: 683px) 100vw, 683px\" \/>                        <\/div>\n                    <\/div>\n                \n                                    <div class=\"image-duo-col image-duo-col--bigger reveal-slide-left reveal-delay-1\">\n                        <div class=\"image-duo-figure\">\n                            <img decoding=\"async\" width=\"680\" height=\"1024\" src=\"https:\/\/lapide.com\/wp-content\/uploads\/2026\/02\/Timeless-villa-Dokkum-LAPIDE-Rocks-Karlovy-Vary-KV12R-6-680x1024.jpg\" class=\"image-duo-img js-lightbox\" alt=\"\" draggable=\"false\" loading=\"lazy\" data-large=\"https:\/\/lapide.com\/wp-content\/uploads\/2026\/02\/Timeless-villa-Dokkum-LAPIDE-Rocks-Karlovy-Vary-KV12R-6.jpg\" srcset=\"https:\/\/lapide.com\/wp-content\/uploads\/2026\/02\/Timeless-villa-Dokkum-LAPIDE-Rocks-Karlovy-Vary-KV12R-6-680x1024.jpg 680w, https:\/\/lapide.com\/wp-content\/uploads\/2026\/02\/Timeless-villa-Dokkum-LAPIDE-Rocks-Karlovy-Vary-KV12R-6-199x300.jpg 199w, https:\/\/lapide.com\/wp-content\/uploads\/2026\/02\/Timeless-villa-Dokkum-LAPIDE-Rocks-Karlovy-Vary-KV12R-6-768x1157.jpg 768w, https:\/\/lapide.com\/wp-content\/uploads\/2026\/02\/Timeless-villa-Dokkum-LAPIDE-Rocks-Karlovy-Vary-KV12R-6-1020x1536.jpg 1020w, https:\/\/lapide.com\/wp-content\/uploads\/2026\/02\/Timeless-villa-Dokkum-LAPIDE-Rocks-Karlovy-Vary-KV12R-6-1360x2048.jpg 1360w, https:\/\/lapide.com\/wp-content\/uploads\/2026\/02\/Timeless-villa-Dokkum-LAPIDE-Rocks-Karlovy-Vary-KV12R-6.jpg 1500w\" sizes=\"auto, (max-width: 680px) 100vw, 680px\" \/>                        <\/div>\n                    <\/div>\n                            <\/div>\n        <\/div>\n    <\/div>\n<\/section>\n<!-- \/block-img-70-30 -->\n\n\r\n<section class=\"block-img-quote\">\r\n    <div class=\"block-inner\">\r\n                    <div class=\"big-picture-quote__bg\">\r\n                <img decoding=\"async\" width=\"1500\" height=\"1000\" src=\"https:\/\/lapide.com\/wp-content\/uploads\/2026\/02\/Mediterranean-forest-villa-LAPIDE-Rocks-Christiani-CH12R-11.jpg\" class=\"big-picture-quote__img\" alt=\"\" draggable=\"false\" loading=\"lazy\" srcset=\"https:\/\/lapide.com\/wp-content\/uploads\/2026\/02\/Mediterranean-forest-villa-LAPIDE-Rocks-Christiani-CH12R-11.jpg 1500w, https:\/\/lapide.com\/wp-content\/uploads\/2026\/02\/Mediterranean-forest-villa-LAPIDE-Rocks-Christiani-CH12R-11-300x200.jpg 300w, https:\/\/lapide.com\/wp-content\/uploads\/2026\/02\/Mediterranean-forest-villa-LAPIDE-Rocks-Christiani-CH12R-11-1024x683.jpg 1024w, https:\/\/lapide.com\/wp-content\/uploads\/2026\/02\/Mediterranean-forest-villa-LAPIDE-Rocks-Christiani-CH12R-11-768x512.jpg 768w\" sizes=\"auto, (max-width: 1500px) 100vw, 1500px\" \/>            <\/div>\r\n                <div class=\"block-content container $container-medium\">\r\n            <div class=\"big-picture-quote__content\">\r\n                                    <div class=\"big-picture-quote__title reveal-slide-up\">\r\n                        <h2>Made to make<br \/>\n<em>memories last<\/em><\/h2>\n                    <\/div>\r\n                            <\/div>\r\n        <\/div>\r\n    <\/div>\r\n<\/section>\r\n<!-- \/block-img-quote -->\n\n\n<section class=\"block-txt\">\n    <div class=\"block-inner\">\n        <div class=\"block-content container container-small\">\n            <div class=\"info-wrapper\">\n                                    <div class=\"info-title reveal-slide-up\">\n                        <h3>Von Ibiza-W\u00e4rme bis zu modernem Kontrast<\/h3>\n                    <\/div>\n                \n                                    <div class=\"info-cols info-double-col\">\n\n                                                    <div class=\"info-col info-col--left reveal-slide-right reveal-delay-1\">\n                                <div class=\"info-text\">\n                                    <p>Gestalten Sie sonnendurchflutete Au\u00dfenbereiche mit Ibiza-Flair oder setzen Sie rustikale Kontraste zu glatt verputzten W\u00e4nden. LAPIDE Rocks sind unglaublich vielseitig. Ihre warmen Farbt\u00f6ne und gebrochenen Konturen erinnern an den entspannten Charme s\u00fcdlicher Architektur, w\u00e4hrend sie sich in modernen Designkontexten gleicherma\u00dfen zu Hause f\u00fchlen.  <\/p>\n                                <\/div>\n                            <\/div>\n                        \n                                                    <div class=\"info-col info-col--right reveal-slide-left reveal-delay-2\">\n                                <div class=\"info-text\">\n                                    <p>Kombinieren Sie Freiform-Layouts f\u00fcr einen wilden, nat\u00fcrlichen Effekt oder w\u00e4hlen Sie engere Kompositionen f\u00fcr ein raffinierteres Erscheinungsbild. Die Sch\u00f6nheit von LAPIDE Rocks liegt in ihrer Anpassungsf\u00e4higkeit: Jede Konfiguration erz\u00e4hlt eine andere Geschichte, aber immer mit Textur, W\u00e4rme und Pr\u00e4senz. Es ist die Natur, geformt zu Stil.  <\/p>\n                                <\/div>\n                            <\/div>\n                        \n                    <\/div>\n                \n            <\/div>\n        <\/div>\n    <\/div>\n<\/section>\n<!-- \/block-txt -->\n\n\n<section class=\"block-cta\">\n    <div class=\"block-inner container container-small\">\n        <div class=\"block-content\">\n                            <div class=\"get-in-touch__text text-width-small reveal-fade\">\n                    <h2 style=\"text-align: center\">Get in touch to explore <em>nature\u2019s finest<\/em><\/h2>\n                <\/div>\n            \n                                <div class=\"get-in-touch__button\">\n                        <a href=\"https:\/\/lapide.com\/de\/kontakt\/\"\n                            target=\"_self\"\n                            class=\"btn-grow reveal-slide-up reveal-delay-1\">\n                            <span>Kontakt<\/span>\n                        <\/a>\n                    <\/div>\n                                    <\/div>\n    <\/div>\n<\/section>\n<!-- \/block-get-in-touch -->","protected":false},"excerpt":{"rendered":"","protected":false},"author":7,"featured_media":0,"parent":0,"menu_order":0,"comment_status":"closed","ping_status":"closed","template":"","meta":{"_acf_changed":false,"footnotes":""},"class_list":["post-3789","page","type-page","status-publish","hentry"],"acf":[],"yoast_head":"<!-- This site is optimized with the Yoast SEO plugin v27.4 - https:\/\/yoast.com\/product\/yoast-seo-wordpress\/ -->\n<title>LAPIDE Rocks - Lapide.com<\/title>\n<meta name=\"robots\" content=\"index, follow, max-snippet:-1, max-image-preview:large, max-video-preview:-1\" \/>\n<link rel=\"canonical\" href=\"https:\/\/lapide.com\/de\/lapide-rocks\/\" \/>\n<meta property=\"og:locale\" content=\"de_DE\" \/>\n<meta property=\"og:type\" content=\"article\" \/>\n<meta property=\"og:title\" content=\"LAPIDE Rocks - Lapide.com\" \/>\n<meta property=\"og:url\" content=\"https:\/\/lapide.com\/de\/lapide-rocks\/\" \/>\n<meta property=\"og:site_name\" content=\"Lapide.com\" \/>\n<meta property=\"article:modified_time\" content=\"2026-04-29T10:38:34+00:00\" \/>\n<meta name=\"twitter:card\" content=\"summary_large_image\" \/>\n<script type=\"application\/ld+json\" class=\"yoast-schema-graph\">{\"@context\":\"https:\\\/\\\/schema.org\",\"@graph\":[{\"@type\":\"WebPage\",\"@id\":\"https:\\\/\\\/lapide.com\\\/de\\\/lapide-rocks\\\/\",\"url\":\"https:\\\/\\\/lapide.com\\\/de\\\/lapide-rocks\\\/\",\"name\":\"LAPIDE Rocks - Lapide.com\",\"isPartOf\":{\"@id\":\"https:\\\/\\\/lapide.com\\\/de\\\/#website\"},\"datePublished\":\"2026-01-29T13:24:41+00:00\",\"dateModified\":\"2026-04-29T10:38:34+00:00\",\"breadcrumb\":{\"@id\":\"https:\\\/\\\/lapide.com\\\/de\\\/lapide-rocks\\\/#breadcrumb\"},\"inLanguage\":\"de\",\"potentialAction\":[{\"@type\":\"ReadAction\",\"target\":[\"https:\\\/\\\/lapide.com\\\/de\\\/lapide-rocks\\\/\"]}]},{\"@type\":\"BreadcrumbList\",\"@id\":\"https:\\\/\\\/lapide.com\\\/de\\\/lapide-rocks\\\/#breadcrumb\",\"itemListElement\":[{\"@type\":\"ListItem\",\"position\":1,\"name\":\"Home\",\"item\":\"https:\\\/\\\/lapide.com\\\/de\\\/home\\\/\"},{\"@type\":\"ListItem\",\"position\":2,\"name\":\"LAPIDE Rocks\"}]},{\"@type\":\"WebSite\",\"@id\":\"https:\\\/\\\/lapide.com\\\/de\\\/#website\",\"url\":\"https:\\\/\\\/lapide.com\\\/de\\\/\",\"name\":\"Lapide.com\",\"description\":\"Natures Finest\",\"publisher\":{\"@id\":\"https:\\\/\\\/lapide.com\\\/de\\\/#organization\"},\"potentialAction\":[{\"@type\":\"SearchAction\",\"target\":{\"@type\":\"EntryPoint\",\"urlTemplate\":\"https:\\\/\\\/lapide.com\\\/de\\\/?s={search_term_string}\"},\"query-input\":{\"@type\":\"PropertyValueSpecification\",\"valueRequired\":true,\"valueName\":\"search_term_string\"}}],\"inLanguage\":\"de\"},{\"@type\":\"Organization\",\"@id\":\"https:\\\/\\\/lapide.com\\\/de\\\/#organization\",\"name\":\"Lapide.com\",\"url\":\"https:\\\/\\\/lapide.com\\\/de\\\/\",\"logo\":{\"@type\":\"ImageObject\",\"inLanguage\":\"de\",\"@id\":\"https:\\\/\\\/lapide.com\\\/de\\\/#\\\/schema\\\/logo\\\/image\\\/\",\"url\":\"https:\\\/\\\/lapide.com\\\/wp-content\\\/uploads\\\/2026\\\/01\\\/cropped-image_2026-01-19_152612606.png\",\"contentUrl\":\"https:\\\/\\\/lapide.com\\\/wp-content\\\/uploads\\\/2026\\\/01\\\/cropped-image_2026-01-19_152612606.png\",\"width\":1954,\"height\":521,\"caption\":\"Lapide.com\"},\"image\":{\"@id\":\"https:\\\/\\\/lapide.com\\\/de\\\/#\\\/schema\\\/logo\\\/image\\\/\"}}]}<\/script>\n<!-- \/ Yoast SEO plugin. -->","yoast_head_json":{"title":"LAPIDE Rocks - Lapide.com","robots":{"index":"index","follow":"follow","max-snippet":"max-snippet:-1","max-image-preview":"max-image-preview:large","max-video-preview":"max-video-preview:-1"},"canonical":"https:\/\/lapide.com\/de\/lapide-rocks\/","og_locale":"de_DE","og_type":"article","og_title":"LAPIDE Rocks - Lapide.com","og_url":"https:\/\/lapide.com\/de\/lapide-rocks\/","og_site_name":"Lapide.com","article_modified_time":"2026-04-29T10:38:34+00:00","twitter_card":"summary_large_image","schema":{"@context":"https:\/\/schema.org","@graph":[{"@type":"WebPage","@id":"https:\/\/lapide.com\/de\/lapide-rocks\/","url":"https:\/\/lapide.com\/de\/lapide-rocks\/","name":"LAPIDE Rocks - Lapide.com","isPartOf":{"@id":"https:\/\/lapide.com\/de\/#website"},"datePublished":"2026-01-29T13:24:41+00:00","dateModified":"2026-04-29T10:38:34+00:00","breadcrumb":{"@id":"https:\/\/lapide.com\/de\/lapide-rocks\/#breadcrumb"},"inLanguage":"de","potentialAction":[{"@type":"ReadAction","target":["https:\/\/lapide.com\/de\/lapide-rocks\/"]}]},{"@type":"BreadcrumbList","@id":"https:\/\/lapide.com\/de\/lapide-rocks\/#breadcrumb","itemListElement":[{"@type":"ListItem","position":1,"name":"Home","item":"https:\/\/lapide.com\/de\/home\/"},{"@type":"ListItem","position":2,"name":"LAPIDE Rocks"}]},{"@type":"WebSite","@id":"https:\/\/lapide.com\/de\/#website","url":"https:\/\/lapide.com\/de\/","name":"Lapide.com","description":"Natures Finest","publisher":{"@id":"https:\/\/lapide.com\/de\/#organization"},"potentialAction":[{"@type":"SearchAction","target":{"@type":"EntryPoint","urlTemplate":"https:\/\/lapide.com\/de\/?s={search_term_string}"},"query-input":{"@type":"PropertyValueSpecification","valueRequired":true,"valueName":"search_term_string"}}],"inLanguage":"de"},{"@type":"Organization","@id":"https:\/\/lapide.com\/de\/#organization","name":"Lapide.com","url":"https:\/\/lapide.com\/de\/","logo":{"@type":"ImageObject","inLanguage":"de","@id":"https:\/\/lapide.com\/de\/#\/schema\/logo\/image\/","url":"https:\/\/lapide.com\/wp-content\/uploads\/2026\/01\/cropped-image_2026-01-19_152612606.png","contentUrl":"https:\/\/lapide.com\/wp-content\/uploads\/2026\/01\/cropped-image_2026-01-19_152612606.png","width":1954,"height":521,"caption":"Lapide.com"},"image":{"@id":"https:\/\/lapide.com\/de\/#\/schema\/logo\/image\/"}}]}},"_links":{"self":[{"href":"https:\/\/lapide.com\/de\/wp-json\/wp\/v2\/pages\/3789","targetHints":{"allow":["GET"]}}],"collection":[{"href":"https:\/\/lapide.com\/de\/wp-json\/wp\/v2\/pages"}],"about":[{"href":"https:\/\/lapide.com\/de\/wp-json\/wp\/v2\/types\/page"}],"author":[{"embeddable":true,"href":"https:\/\/lapide.com\/de\/wp-json\/wp\/v2\/users\/7"}],"replies":[{"embeddable":true,"href":"https:\/\/lapide.com\/de\/wp-json\/wp\/v2\/comments?post=3789"}],"version-history":[{"count":3,"href":"https:\/\/lapide.com\/de\/wp-json\/wp\/v2\/pages\/3789\/revisions"}],"predecessor-version":[{"id":3853,"href":"https:\/\/lapide.com\/de\/wp-json\/wp\/v2\/pages\/3789\/revisions\/3853"}],"wp:attachment":[{"href":"https:\/\/lapide.com\/de\/wp-json\/wp\/v2\/media?parent=3789"}],"curies":[{"name":"wp","href":"https:\/\/api.w.org\/{rel}","templated":true}]}}