{"id":3795,"date":"2026-01-29T13:26:38","date_gmt":"2026-01-29T13:26:38","guid":{"rendered":"https:\/\/lapide.com\/lapide-pavers\/"},"modified":"2026-04-29T10:41:08","modified_gmt":"2026-04-29T10:41:08","slug":"lapide-pavers","status":"publish","type":"page","link":"https:\/\/lapide.com\/de\/lapide-pavers\/","title":{"rendered":"LAPIDE Pavers"},"content":{"rendered":"    <section class=\"block-breadcrumbs\">\r\n        <div class=\"block-inner\">\r\n            <div class=\"block-content breadcrumb-container\">\r\n                <div class=\"breadcrumb-wrapper\">\r\n                    \r\n                            <a href=\"https:\/\/lapide.com\/de\/\"\r\n                                target=\"_self\"\r\n                                class=\"breadcrumb-link is-standard\">\r\n                                home                            <\/a>\r\n\r\n                                                            <span class=\"breadcrumb-separator\">\/<\/span>\r\n                            \r\n                    \r\n                            <a href=\"https:\/\/lapide.com\/de\/lapide-pavers\/\"\r\n                                target=\"_self\"\r\n                                class=\"breadcrumb-link is-last\">\r\n                                LAPIDE Pavers                            <\/a>\r\n\r\n                            \r\n                                    <\/div>\r\n            <\/div>\r\n        <\/div>\r\n    <\/section>\r\n<!-- \/block-breacdrumbs -->\n\n\n<div class=\"block block-specs\">\n    <div class=\"block-inner\">\n                    <div class=\"faq-title-wrapper reveal-slide-up\">\n                <div class=\"block-content container container-wide\">\n                    <div class=\"faq-main-title\">\n                        <h1>LAPIDE <em>Pavers<\/em><\/h1>\n                    <\/div>\n                <\/div>\n            <\/div>\n                <div class=\"container container-small\">\n            <div class=\"faq-columns\">\n\n                                                    <div class=\"faq-left reveal-fade\">\n                        <div class=\"faq-intro\">\n                            <p>LAPIDE Pavers verleihen Au\u00dfenbereichen Struktur und Charme. In klassischen oder zeitgen\u00f6ssischen Blockformaten erh\u00e4ltlich, helfen sie dabei, G\u00e4rten und Wege mit zeitlosen Mustern und nat\u00fcrlicher Textur zu gestalten. <\/p>\n                        <\/div>\n                    <\/div>\n                \n                                                    <div class=\"faq-right reveal-slide-left reveal-delay-1\">\n                        <div class=\"faq-list\">\n                            <ul class=\"faq-bullets\">\n                                                                        <li>Pflasterung f\u00fcr G\u00e4rten oder urbane Projekte<\/li>\n                                                                        <li>Geeignet f\u00fcr verschiedene Muster<\/li>\n                                                                        <li>Au\u00dfenbereich<\/li>\n                                                            <\/ul>\n                        <\/div>\n                    <\/div>\n                \n            <\/div>\n        <\/div>\n    <\/div>\n<\/div>\n<!-- \/block-faq -->\n\n\r\n<section id=\"image-grid-2-block_de721878043cde4bb2074084c93e43a1\" class=\"block-img-50-50\">\r\n    <div class=\"block-inner\">\r\n        <div class=\"block-content container container-medium\">\r\n            <div class=\"image-grid-2-wrapper\">\r\n\r\n                                    <div class=\"image-grid-2-item reveal-slide-right\">\r\n                                                                                <a href=\"https:\/\/lapide.com\/de\/lapide-pavers\/lapide-pavers-produkte\/\"\r\n                                target=\"_self\"\r\n                                class=\"image-grid-2-visual image-grid-2-link\">\r\n                            \r\n                                <img decoding=\"async\" src=\"https:\/\/lapide.com\/wp-content\/uploads\/2026\/02\/Lapide-Pavers-6.jpg\"\r\n                                    alt=\"Image 1\"\r\n                                    class=\"image-grid-2-img\"\r\n                                    draggable=\"false\"\r\n                                    loading=\"lazy\">\r\n\r\n                                <div class=\"image-grid-2-overlay\">\r\n                                                                            <div class=\"image-grid-2-title\">\r\n                                            <h2>Unsere <em>Produkte<\/em><\/h2>\n                                        <\/div>\r\n                                    \r\n                                                                            <div class=\"image-grid-2-action\">\r\n                                            <span class=\"btn-swap\">\r\n                                                <span class=\"btn-swap-text primary\">\r\n                                                    Mehr Informationen                                                <\/span>\r\n                                                <span class=\"btn-swap-text hover\">\r\n                                                    Produkte ansehen                                                <\/span>\r\n                                            <\/span>\r\n                                        <\/div>\r\n                                                                    <\/div>\r\n\r\n                                                            <\/a>\r\n                                    <\/div>\r\n        \r\n\r\n                    <div class=\"image-grid-2-item reveal-slide-left reveal-delay-1\">\r\n                                                        <a href=\"https:\/\/lapide.com\/de\/lapide-pavers\/lapide-pavers-projekte\/\"\r\n                        target=\"_self\"\r\n                        class=\"image-grid-2-visual image-grid-2-link\">\r\n                    \r\n                        <img decoding=\"async\" src=\"https:\/\/lapide.com\/wp-content\/uploads\/2026\/02\/LAPIDE-Pavers-11.jpg\"\r\n                            alt=\"Image 2\"\r\n                            class=\"image-grid-2-img\"\r\n                            draggable=\"false\"\r\n                            loading=\"lazy\">\r\n\r\n                        <div class=\"image-grid-2-overlay\">\r\n                                                            <div class=\"image-grid-2-title\">\r\n                                    <h2>Unsere <em>Projekte<\/em><\/h2>\n                                <\/div>\r\n                            \r\n                                                            <div class=\"image-grid-2-action\">\r\n                                    <span class=\"btn-swap\">\r\n                                        <span class=\"btn-swap-text primary\">\r\n                                            Mehr Informationen                                        <\/span>\r\n                                        <span class=\"btn-swap-text hover\">\r\n                                            Projekte ansehen                                        <\/span>\r\n                                    <\/span>\r\n                                <\/div>\r\n                                                    <\/div>\r\n\r\n                                            <\/a>\r\n                        <\/div>\r\n    \r\n    <\/div>\r\n    <\/div>\r\n    <\/div>\r\n<\/section>\r\n<!-- \/block-img-50-50 -->\n\n\n<section class=\"block-txt\">\n    <div class=\"block-inner\">\n        <div class=\"block-content container container-small\">\n            <div class=\"info-wrapper\">\n                                    <div class=\"info-title reveal-slide-up\">\n                        <h3>Designed, um Au\u00dfenbereiche zu definieren<\/h3>\n                    <\/div>\n                \n                                    <div class=\"info-cols info-double-col\">\n\n                                                    <div class=\"info-col info-col--left reveal-slide-right reveal-delay-1\">\n                                <div class=\"info-text\">\n                                    <p>Von verfeinerten Wegen bis hin zu ausdrucksstarken Terrassen verleihen LAPIDE Pavers dem Au\u00dfendesign architektonischen Rhythmus. Ob im Fischgr\u00e4tenmuster verlegt oder in traditionellen Bl\u00f6cken angeordnet, schaffen sie eine taktile Verbindung zwischen bebauter Umgebung und nat\u00fcrlicher Umgebung. Jedes St\u00fcck wirkt geerdet.  <\/p>\n                                <\/div>\n                            <\/div>\n                        \n                                                    <div class=\"info-col info-col--right reveal-slide-left reveal-delay-2\">\n                                <div class=\"info-text\">\n                                    <p>Strapazierf\u00e4hig unter den F\u00fc\u00dfen,\u5374 optisch weich. Diese Pflastersteine k\u00f6nnen als Basis, Akzent oder Einfassung verwendet werden und strukturieren Au\u00dfenbereiche mit einer distinkten, komponierten Eleganz. Subtile Farbvariationen und handber\u00fchrte Oberfl\u00e4chen verleihen jeder Fl\u00e4che W\u00e4rme und Charakter.  <\/p>\n                                <\/div>\n                            <\/div>\n                        \n                    <\/div>\n                \n            <\/div>\n        <\/div>\n    <\/div>\n<\/section>\n<!-- \/block-txt -->\n\n\n<section class=\"block-img-70-30 \">\n    <div class=\"block-inner\">\n        <div class=\"block-content container $container-medium\">\n            <div class=\"image-duo-wrapper\">\n                                    <div class=\"image-duo-col image-duo-col--small reveal-slide-right\">\n                        <div class=\"image-duo-figure\">\n                            <img decoding=\"async\" width=\"768\" height=\"1024\" src=\"https:\/\/lapide.com\/wp-content\/uploads\/2026\/02\/SA20-32P-2-4-768x1024.png\" class=\"image-duo-img js-lightbox\" alt=\"\" draggable=\"false\" loading=\"lazy\" data-large=\"https:\/\/lapide.com\/wp-content\/uploads\/2026\/02\/SA20-32P-2-4.png\" srcset=\"https:\/\/lapide.com\/wp-content\/uploads\/2026\/02\/SA20-32P-2-4-768x1024.png 768w, https:\/\/lapide.com\/wp-content\/uploads\/2026\/02\/SA20-32P-2-4-225x300.png 225w, https:\/\/lapide.com\/wp-content\/uploads\/2026\/02\/SA20-32P-2-4-1152x1536.png 1152w, https:\/\/lapide.com\/wp-content\/uploads\/2026\/02\/SA20-32P-2-4.png 1350w\" sizes=\"auto, (max-width: 768px) 100vw, 768px\" \/>                        <\/div>\n                    <\/div>\n                \n                                    <div class=\"image-duo-col image-duo-col--bigger reveal-slide-left reveal-delay-1\">\n                        <div class=\"image-duo-figure\">\n                            <img decoding=\"async\" width=\"768\" height=\"1024\" src=\"https:\/\/lapide.com\/wp-content\/uploads\/2026\/02\/MA20-32P-2-2-768x1024.png\" class=\"image-duo-img js-lightbox\" alt=\"\" draggable=\"false\" loading=\"lazy\" data-large=\"https:\/\/lapide.com\/wp-content\/uploads\/2026\/02\/MA20-32P-2-2.png\" srcset=\"https:\/\/lapide.com\/wp-content\/uploads\/2026\/02\/MA20-32P-2-2-768x1024.png 768w, https:\/\/lapide.com\/wp-content\/uploads\/2026\/02\/MA20-32P-2-2-225x300.png 225w, https:\/\/lapide.com\/wp-content\/uploads\/2026\/02\/MA20-32P-2-2-1152x1536.png 1152w, https:\/\/lapide.com\/wp-content\/uploads\/2026\/02\/MA20-32P-2-2.png 1350w\" sizes=\"auto, (max-width: 768px) 100vw, 768px\" \/>                        <\/div>\n                    <\/div>\n                            <\/div>\n        <\/div>\n    <\/div>\n<\/section>\n<!-- \/block-img-70-30 -->\n\n\r\n<section class=\"block-img-quote\">\r\n    <div class=\"block-inner\">\r\n                    <div class=\"big-picture-quote__bg\">\r\n                <img decoding=\"async\" width=\"1500\" height=\"1000\" src=\"https:\/\/lapide.com\/wp-content\/uploads\/2026\/02\/LAPIDE-Pavers-18.jpg\" class=\"big-picture-quote__img\" alt=\"\" draggable=\"false\" loading=\"lazy\" srcset=\"https:\/\/lapide.com\/wp-content\/uploads\/2026\/02\/LAPIDE-Pavers-18.jpg 1500w, https:\/\/lapide.com\/wp-content\/uploads\/2026\/02\/LAPIDE-Pavers-18-300x200.jpg 300w, https:\/\/lapide.com\/wp-content\/uploads\/2026\/02\/LAPIDE-Pavers-18-1024x683.jpg 1024w, https:\/\/lapide.com\/wp-content\/uploads\/2026\/02\/LAPIDE-Pavers-18-768x512.jpg 768w\" sizes=\"auto, (max-width: 1500px) 100vw, 1500px\" \/>            <\/div>\r\n                <div class=\"block-content container $container-medium\">\r\n            <div class=\"big-picture-quote__content\">\r\n                                    <div class=\"big-picture-quote__title reveal-slide-up\">\r\n                        <h2>Made to make<br \/>\n<em>memories last<\/em><\/h2>\n                    <\/div>\r\n                            <\/div>\r\n        <\/div>\r\n    <\/div>\r\n<\/section>\r\n<!-- \/block-img-quote -->\n\n\n<section class=\"block-txt\">\n    <div class=\"block-inner\">\n        <div class=\"block-content container container-small\">\n            <div class=\"info-wrapper\">\n                                    <div class=\"info-title reveal-slide-up\">\n                        <h3>Gestalten Sie Ihre Landschaft mit Variation<\/h3>\n                    <\/div>\n                \n                                    <div class=\"info-cols info-double-col\">\n\n                                                    <div class=\"info-col info-col--left reveal-slide-right reveal-delay-1\">\n                                <div class=\"info-text\">\n                                    <p>LAPIDE Pavers sind in verschiedenen Formaten erh\u00e4ltlich, um den Charakter Ihres Raumes zu unterstreichen. W\u00e4hlen Sie den klassischen Look von Waalformat-Steinen (Waalformat bezeichnet eine typisch niederl\u00e4ndische Ziegelgr\u00f6\u00dfe: ca. 210 x 50 mm) f\u00fcr strukturierte Muster wie Fischgr\u00e4t, oder entscheiden Sie sich f\u00fcr kleinere Bl\u00f6cke, die einzeln oder als Teil eines gr\u00f6\u00dferen Musters verwendet werden k\u00f6nnen. Die Kollektion umfasst auch \u00dcbergangselemente, ideal zum Definieren von Kanten oder zum Verbinden mehrerer Oberfl\u00e4chen.  <\/p>\n                                <\/div>\n                            <\/div>\n                        \n                                                    <div class=\"info-col info-col--right reveal-slide-left reveal-delay-2\">\n                                <div class=\"info-text\">\n                                    <p>Mit der richtigen Komposition k\u00f6nnen LAPIDE Pavers einen Gartenweg in ein Designmerkmal oder eine Terrasse in ein Statement verwandeln. Diese Steine sind nicht nur funktional, sondern bereichern auch die Atmosph\u00e4re jeder Landschaft \u2013 ob in modernen G\u00e4rten, traditionellen Pflasterungen oder urbanen Projekten, bei denen ein klassischer Stra\u00dfencharakter gew\u00fcnscht wird. <\/p>\n                                <\/div>\n                            <\/div>\n                        \n                    <\/div>\n                \n            <\/div>\n        <\/div>\n    <\/div>\n<\/section>\n<!-- \/block-txt -->\n\n\n<section class=\"block-cta\">\n    <div class=\"block-inner container container-small\">\n        <div class=\"block-content\">\n                            <div class=\"get-in-touch__text text-width-small reveal-fade\">\n                    <h2 style=\"text-align: center\">Get in touch to explore <em>nature\u2019s finest<\/em><\/h2>\n                <\/div>\n            \n                                <div class=\"get-in-touch__button\">\n                        <a href=\"https:\/\/lapide.com\/de\/kontakt\/\"\n                            target=\"_self\"\n                            class=\"btn-grow reveal-slide-up reveal-delay-1\">\n                            <span>Kontakt<\/span>\n                        <\/a>\n                    <\/div>\n                                    <\/div>\n    <\/div>\n<\/section>\n<!-- \/block-get-in-touch -->","protected":false},"excerpt":{"rendered":"","protected":false},"author":7,"featured_media":0,"parent":0,"menu_order":0,"comment_status":"closed","ping_status":"closed","template":"","meta":{"_acf_changed":false,"footnotes":""},"class_list":["post-3795","page","type-page","status-publish","hentry"],"acf":[],"yoast_head":"<!-- This site is optimized with the Yoast SEO plugin v27.4 - https:\/\/yoast.com\/product\/yoast-seo-wordpress\/ -->\n<title>LAPIDE Pavers - Lapide.com<\/title>\n<meta name=\"robots\" content=\"index, follow, max-snippet:-1, max-image-preview:large, max-video-preview:-1\" \/>\n<link rel=\"canonical\" href=\"https:\/\/lapide.com\/de\/lapide-pavers\/\" \/>\n<meta property=\"og:locale\" content=\"de_DE\" \/>\n<meta property=\"og:type\" content=\"article\" \/>\n<meta property=\"og:title\" content=\"LAPIDE Pavers - Lapide.com\" \/>\n<meta property=\"og:url\" content=\"https:\/\/lapide.com\/de\/lapide-pavers\/\" \/>\n<meta property=\"og:site_name\" content=\"Lapide.com\" \/>\n<meta property=\"article:modified_time\" content=\"2026-04-29T10:41:08+00:00\" \/>\n<meta name=\"twitter:card\" content=\"summary_large_image\" \/>\n<script type=\"application\/ld+json\" class=\"yoast-schema-graph\">{\"@context\":\"https:\\\/\\\/schema.org\",\"@graph\":[{\"@type\":\"WebPage\",\"@id\":\"https:\\\/\\\/lapide.com\\\/de\\\/lapide-pavers\\\/\",\"url\":\"https:\\\/\\\/lapide.com\\\/de\\\/lapide-pavers\\\/\",\"name\":\"LAPIDE Pavers - Lapide.com\",\"isPartOf\":{\"@id\":\"https:\\\/\\\/lapide.com\\\/de\\\/#website\"},\"datePublished\":\"2026-01-29T13:26:38+00:00\",\"dateModified\":\"2026-04-29T10:41:08+00:00\",\"breadcrumb\":{\"@id\":\"https:\\\/\\\/lapide.com\\\/de\\\/lapide-pavers\\\/#breadcrumb\"},\"inLanguage\":\"de\",\"potentialAction\":[{\"@type\":\"ReadAction\",\"target\":[\"https:\\\/\\\/lapide.com\\\/de\\\/lapide-pavers\\\/\"]}]},{\"@type\":\"BreadcrumbList\",\"@id\":\"https:\\\/\\\/lapide.com\\\/de\\\/lapide-pavers\\\/#breadcrumb\",\"itemListElement\":[{\"@type\":\"ListItem\",\"position\":1,\"name\":\"Home\",\"item\":\"https:\\\/\\\/lapide.com\\\/de\\\/home\\\/\"},{\"@type\":\"ListItem\",\"position\":2,\"name\":\"LAPIDE Pavers\"}]},{\"@type\":\"WebSite\",\"@id\":\"https:\\\/\\\/lapide.com\\\/de\\\/#website\",\"url\":\"https:\\\/\\\/lapide.com\\\/de\\\/\",\"name\":\"Lapide.com\",\"description\":\"Natures Finest\",\"publisher\":{\"@id\":\"https:\\\/\\\/lapide.com\\\/de\\\/#organization\"},\"potentialAction\":[{\"@type\":\"SearchAction\",\"target\":{\"@type\":\"EntryPoint\",\"urlTemplate\":\"https:\\\/\\\/lapide.com\\\/de\\\/?s={search_term_string}\"},\"query-input\":{\"@type\":\"PropertyValueSpecification\",\"valueRequired\":true,\"valueName\":\"search_term_string\"}}],\"inLanguage\":\"de\"},{\"@type\":\"Organization\",\"@id\":\"https:\\\/\\\/lapide.com\\\/de\\\/#organization\",\"name\":\"Lapide.com\",\"url\":\"https:\\\/\\\/lapide.com\\\/de\\\/\",\"logo\":{\"@type\":\"ImageObject\",\"inLanguage\":\"de\",\"@id\":\"https:\\\/\\\/lapide.com\\\/de\\\/#\\\/schema\\\/logo\\\/image\\\/\",\"url\":\"https:\\\/\\\/lapide.com\\\/wp-content\\\/uploads\\\/2026\\\/01\\\/cropped-image_2026-01-19_152612606.png\",\"contentUrl\":\"https:\\\/\\\/lapide.com\\\/wp-content\\\/uploads\\\/2026\\\/01\\\/cropped-image_2026-01-19_152612606.png\",\"width\":1954,\"height\":521,\"caption\":\"Lapide.com\"},\"image\":{\"@id\":\"https:\\\/\\\/lapide.com\\\/de\\\/#\\\/schema\\\/logo\\\/image\\\/\"}}]}<\/script>\n<!-- \/ Yoast SEO plugin. -->","yoast_head_json":{"title":"LAPIDE Pavers - Lapide.com","robots":{"index":"index","follow":"follow","max-snippet":"max-snippet:-1","max-image-preview":"max-image-preview:large","max-video-preview":"max-video-preview:-1"},"canonical":"https:\/\/lapide.com\/de\/lapide-pavers\/","og_locale":"de_DE","og_type":"article","og_title":"LAPIDE Pavers - Lapide.com","og_url":"https:\/\/lapide.com\/de\/lapide-pavers\/","og_site_name":"Lapide.com","article_modified_time":"2026-04-29T10:41:08+00:00","twitter_card":"summary_large_image","schema":{"@context":"https:\/\/schema.org","@graph":[{"@type":"WebPage","@id":"https:\/\/lapide.com\/de\/lapide-pavers\/","url":"https:\/\/lapide.com\/de\/lapide-pavers\/","name":"LAPIDE Pavers - Lapide.com","isPartOf":{"@id":"https:\/\/lapide.com\/de\/#website"},"datePublished":"2026-01-29T13:26:38+00:00","dateModified":"2026-04-29T10:41:08+00:00","breadcrumb":{"@id":"https:\/\/lapide.com\/de\/lapide-pavers\/#breadcrumb"},"inLanguage":"de","potentialAction":[{"@type":"ReadAction","target":["https:\/\/lapide.com\/de\/lapide-pavers\/"]}]},{"@type":"BreadcrumbList","@id":"https:\/\/lapide.com\/de\/lapide-pavers\/#breadcrumb","itemListElement":[{"@type":"ListItem","position":1,"name":"Home","item":"https:\/\/lapide.com\/de\/home\/"},{"@type":"ListItem","position":2,"name":"LAPIDE Pavers"}]},{"@type":"WebSite","@id":"https:\/\/lapide.com\/de\/#website","url":"https:\/\/lapide.com\/de\/","name":"Lapide.com","description":"Natures Finest","publisher":{"@id":"https:\/\/lapide.com\/de\/#organization"},"potentialAction":[{"@type":"SearchAction","target":{"@type":"EntryPoint","urlTemplate":"https:\/\/lapide.com\/de\/?s={search_term_string}"},"query-input":{"@type":"PropertyValueSpecification","valueRequired":true,"valueName":"search_term_string"}}],"inLanguage":"de"},{"@type":"Organization","@id":"https:\/\/lapide.com\/de\/#organization","name":"Lapide.com","url":"https:\/\/lapide.com\/de\/","logo":{"@type":"ImageObject","inLanguage":"de","@id":"https:\/\/lapide.com\/de\/#\/schema\/logo\/image\/","url":"https:\/\/lapide.com\/wp-content\/uploads\/2026\/01\/cropped-image_2026-01-19_152612606.png","contentUrl":"https:\/\/lapide.com\/wp-content\/uploads\/2026\/01\/cropped-image_2026-01-19_152612606.png","width":1954,"height":521,"caption":"Lapide.com"},"image":{"@id":"https:\/\/lapide.com\/de\/#\/schema\/logo\/image\/"}}]}},"_links":{"self":[{"href":"https:\/\/lapide.com\/de\/wp-json\/wp\/v2\/pages\/3795","targetHints":{"allow":["GET"]}}],"collection":[{"href":"https:\/\/lapide.com\/de\/wp-json\/wp\/v2\/pages"}],"about":[{"href":"https:\/\/lapide.com\/de\/wp-json\/wp\/v2\/types\/page"}],"author":[{"embeddable":true,"href":"https:\/\/lapide.com\/de\/wp-json\/wp\/v2\/users\/7"}],"replies":[{"embeddable":true,"href":"https:\/\/lapide.com\/de\/wp-json\/wp\/v2\/comments?post=3795"}],"version-history":[{"count":3,"href":"https:\/\/lapide.com\/de\/wp-json\/wp\/v2\/pages\/3795\/revisions"}],"predecessor-version":[{"id":3857,"href":"https:\/\/lapide.com\/de\/wp-json\/wp\/v2\/pages\/3795\/revisions\/3857"}],"wp:attachment":[{"href":"https:\/\/lapide.com\/de\/wp-json\/wp\/v2\/media?parent=3795"}],"curies":[{"name":"wp","href":"https:\/\/api.w.org\/{rel}","templated":true}]}}