{"id":3801,"date":"2026-01-29T12:17:15","date_gmt":"2026-01-29T12:17:15","guid":{"rendered":"https:\/\/lapide.com\/lapide-niederlande\/"},"modified":"2026-04-28T09:23:53","modified_gmt":"2026-04-28T09:23:53","slug":"lapide-niederlande","status":"publish","type":"page","link":"https:\/\/lapide.com\/de\/lapide-niederlande\/","title":{"rendered":"LAPIDE Niederlande"},"content":{"rendered":"    <section class=\"block-breadcrumbs\">\r\n        <div class=\"block-inner\">\r\n            <div class=\"block-content breadcrumb-container\">\r\n                <div class=\"breadcrumb-wrapper\">\r\n                    \r\n                            <a href=\"https:\/\/lapide.com\/de\/\"\r\n                                target=\"_self\"\r\n                                class=\"breadcrumb-link is-standard\">\r\n                                home                            <\/a>\r\n\r\n                                                            <span class=\"breadcrumb-separator\">\/<\/span>\r\n                            \r\n                    \r\n                            <a href=\"https:\/\/lapide.com\/de\/kontakt\/\"\r\n                                target=\"_self\"\r\n                                class=\"breadcrumb-link is-standard\">\r\n                                Kontakt                            <\/a>\r\n\r\n                                                            <span class=\"breadcrumb-separator\">\/<\/span>\r\n                            \r\n                    \r\n                            <a href=\"https:\/\/lapide.com\/de\/lapide-niederlande\/\"\r\n                                target=\"_self\"\r\n                                class=\"breadcrumb-link is-last\">\r\n                                LAPIDE Niederlande                            <\/a>\r\n\r\n                            \r\n                                    <\/div>\r\n            <\/div>\r\n        <\/div>\r\n    <\/section>\r\n<!-- \/block-breacdrumbs -->\n\n<!-- block-intro.php -->\n\n<section id=\"block-intro-block_1c51cc81f242264f5732798649621a1f\" class=\"block-intro\" style=\"display: block !important; visibility: visible !important;\">\n    <div class=\"block-inner\">\n        <div class=\"block-content container container-small\">\n            <div class=\"block-intro__wrapper\">\n\n                <div class=\"block-intro__title reveal-slide-up\">\n                                            <h1>LAPIDE <em>Niederlande<\/em><\/h1>\n                                    <\/div>\n\n                \n                                    <div class=\"block-intro__description reveal-fade reveal-delay-2\">\n                        <p>Von zeitlosen Fassaden bis hin zu architektonischen Innenr\u00e4umen ist LAPIDE in den gesamten Niederlanden \u00fcber NG Bouwen met Natuursteen und ausgew\u00e4hlte Partner erh\u00e4ltlich. Gerne beraten wir Sie, empfangen Sie in einem unserer Showrooms oder besuchen Ihr Projekt vor Ort. <\/p>\n                    <\/div>\n                \n                                    <div class=\"block-intro__action reveal-slide-up reveal-delay-3\">\n                                                <a href=\"https:\/\/lapide.com\/de\/kontakt\/\"\n                            class=\"btn-grow\"\n                            target=\"_self\">\n                            <span>Kontakt<\/span>\n                        <\/a>\n                    <\/div>\n                \n            <\/div>\n        <\/div>\n    <\/div>\n<\/section>\n<!-- \/block-intro -->\n\n\r\n<section class=\"block-stakeholders\">\r\n    <div class=\"block-inner container $container-medium\">\r\n                    <div class=\"block-content people-grid-wrapper\">\r\n\r\n                                    <div class=\"person-card reveal-scale reveal-delay-1\">\r\n                        <div class=\"person-card-inner\">\r\n\r\n                            <!-- Foto sectie (links) -->\r\n                            <div class=\"person-image-section\">\r\n                                                                    <div class=\"person-image-wrapper\">\r\n                                        <img decoding=\"async\" width=\"683\" height=\"1024\" src=\"https:\/\/lapide.com\/wp-content\/uploads\/2026\/02\/DSC09688-683x1024.jpg\" class=\"person-img\" alt=\"\" draggable=\"false\" loading=\"lazy\" srcset=\"https:\/\/lapide.com\/wp-content\/uploads\/2026\/02\/DSC09688-683x1024.jpg 683w, https:\/\/lapide.com\/wp-content\/uploads\/2026\/02\/DSC09688-200x300.jpg 200w, https:\/\/lapide.com\/wp-content\/uploads\/2026\/02\/DSC09688-768x1152.jpg 768w, https:\/\/lapide.com\/wp-content\/uploads\/2026\/02\/DSC09688-1024x1536.jpg 1024w, https:\/\/lapide.com\/wp-content\/uploads\/2026\/02\/DSC09688-1365x2048.jpg 1365w, https:\/\/lapide.com\/wp-content\/uploads\/2026\/02\/DSC09688.jpg 1500w\" sizes=\"auto, (max-width: 683px) 100vw, 683px\" \/>                                    <\/div>\r\n                                \r\n                                <!-- Naam overlay (onder foto) -->\r\n                                                                    <div class=\"person-name-overlay\">\r\n                                        <h4 class=\"person-name\">MICHEL ENTING<\/h4>\r\n                                    <\/div>\r\n                                                            <\/div>\r\n\r\n                            <!-- Tekst sectie (rechts) -->\r\n                            <div class=\"person-content-section\">\r\n                                                                    <div class=\"person-bio\">\r\n                                        <p>Mein Team und ich unterst\u00fctzen Sie gerne bei der Materialisierung Ihres Projekts. Wir bieten einzigartige, edle Produkte aus Mutter Erde, die Ihr Projekt zum Gl\u00e4nzen bringen. Kontaktieren Sie mich gerne, und wir besprechen die M\u00f6glichkeiten.  <\/p>\n                                    <\/div>\r\n                                \r\n                                <div class=\"person-contact\">\r\n                                                                            <a href=\"tel:+31621191448\" class=\"person-link\">\r\n                                            +316 21191448                                        <\/a>\r\n                                    \r\n                                                                            <a href=\"mailto:&#109;i&#99;hel&#64;lapi&#100;e.com\" class=\"person-link\">\r\n                                            michel@lapide.com                                        <\/a>\r\n                                                                    <\/div>\r\n                            <\/div>\r\n\r\n                        <\/div>\r\n                    <\/div>\r\n                \r\n            <\/div>\r\n            <\/div>\r\n<\/section>\r\n<!-- \/block-stakeholders -->\n\n\n<section class=\"block-txt\">\n    <div class=\"block-inner\">\n        <div class=\"block-content container container-small\">\n            <div class=\"info-wrapper\">\n                                    <div class=\"info-title reveal-slide-up\">\n                        <h3>Unsere lokalen Experten<\/h3>\n                    <\/div>\n                \n                                    <div class=\"info-cols info-double-col\">\n\n                                                    <div class=\"info-col info-col--left reveal-slide-right reveal-delay-1\">\n                                <div class=\"info-text\">\n                                    <p>Von zeitlosen Fassaden bis hin zu architektonischen Innenr\u00e4umen ist LAPIDE in den gesamten Niederlanden \u00fcber NG Bouwen met Natuursteen und ein sorgf\u00e4ltig ausgew\u00e4hltes Netzwerk von Vertriebspartnern erh\u00e4ltlich. Wir beraten Sie, empfangen Sie in unseren Showrooms oder besuchen Ihr Projekt vor Ort. NG Bouwen met Natuursteen wurde aus der \u00dcberzeugung heraus gegr\u00fcndet, dass Naturstein eine zeitgem\u00e4\u00dfe und ehrliche Rolle in der Architektur verdient, mit Respekt vor Mensch, Material und Herkunft. Mit starken Wurzeln in Nordmazedonien investiert NG in Handwerkskunst und Produktion an der Quelle, wodurch hochwertiger Naturstein f\u00fcr den europ\u00e4ischen Markt zug\u00e4nglich gemacht wird.   <\/p>\n                                <\/div>\n                            <\/div>\n                        \n                                                    <div class=\"info-col info-col--right reveal-slide-left reveal-delay-2\">\n                                <div class=\"info-text\">\n                                    <p>Diese Vision f\u00fchrte zur Entwicklung von Natuurgevelsteen und sp\u00e4ter zu LAPIDE: Nature\u2019s Finest \u2013 Naturstein, der durch Design und Handwerkskunst in hochwertige architektonische Bauprodukte \u00fcbersetzt wird. NG Bouwen met Natuursteen ist Miteigent\u00fcmer und exklusiver Lieferant von LAPIDE in den Niederlanden und bildet die niederl\u00e4ndische Grundlage der internationalen Marke. Die LAPIDE-Kollektion ist \u00fcber ein landesweites Netzwerk mehrerer anerkannter Verkaufsstandorte erh\u00e4ltlich. Unsere lokalen Experten unterst\u00fctzen Architekten, Designer und Bauherren mit fundiertem Materialwissen und Designsensibilit\u00e4t, um sicherzustellen, dass jedes Projekt technische Leistung und architektonischen Ausdruck in Einklang bringt.   <\/p>\n                                <\/div>\n                            <\/div>\n                        \n                    <\/div>\n                \n            <\/div>\n        <\/div>\n    <\/div>\n<\/section>\n<!-- \/block-txt -->\n\n\n<section class=\"block-cta\">\n    <div class=\"block-inner container container-small\">\n        <div class=\"block-content\">\n                            <div class=\"get-in-touch__text text-width-small reveal-fade\">\n                    <h2 style=\"text-align: center\">Get in touch to explore <em>nature\u2019s finest<\/em><\/h2>\n                <\/div>\n            \n                                <div class=\"get-in-touch__button\">\n                        <a href=\"https:\/\/lapide.com\/de\/kontakt\/\"\n                            target=\"_self\"\n                            class=\"btn-grow reveal-slide-up reveal-delay-1\">\n                            <span>Kontakt<\/span>\n                        <\/a>\n                    <\/div>\n                                    <\/div>\n    <\/div>\n<\/section>\n<!-- \/block-get-in-touch -->","protected":false},"excerpt":{"rendered":"","protected":false},"author":7,"featured_media":0,"parent":0,"menu_order":0,"comment_status":"closed","ping_status":"closed","template":"","meta":{"_acf_changed":false,"footnotes":""},"class_list":["post-3801","page","type-page","status-publish","hentry"],"acf":[],"yoast_head":"<!-- This site is optimized with the Yoast SEO plugin v27.4 - https:\/\/yoast.com\/product\/yoast-seo-wordpress\/ -->\n<title>LAPIDE Niederlande - Lapide.com<\/title>\n<meta name=\"robots\" content=\"index, follow, max-snippet:-1, max-image-preview:large, max-video-preview:-1\" \/>\n<link rel=\"canonical\" href=\"https:\/\/lapide.com\/de\/lapide-niederlande\/\" \/>\n<meta property=\"og:locale\" content=\"de_DE\" \/>\n<meta property=\"og:type\" content=\"article\" \/>\n<meta property=\"og:title\" content=\"LAPIDE Niederlande - Lapide.com\" \/>\n<meta property=\"og:url\" content=\"https:\/\/lapide.com\/de\/lapide-niederlande\/\" \/>\n<meta property=\"og:site_name\" content=\"Lapide.com\" \/>\n<meta property=\"article:modified_time\" content=\"2026-04-28T09:23:53+00:00\" \/>\n<meta name=\"twitter:card\" content=\"summary_large_image\" \/>\n<script type=\"application\/ld+json\" class=\"yoast-schema-graph\">{\"@context\":\"https:\\\/\\\/schema.org\",\"@graph\":[{\"@type\":\"WebPage\",\"@id\":\"https:\\\/\\\/lapide.com\\\/de\\\/lapide-niederlande\\\/\",\"url\":\"https:\\\/\\\/lapide.com\\\/de\\\/lapide-niederlande\\\/\",\"name\":\"LAPIDE Niederlande - Lapide.com\",\"isPartOf\":{\"@id\":\"https:\\\/\\\/lapide.com\\\/de\\\/#website\"},\"datePublished\":\"2026-01-29T12:17:15+00:00\",\"dateModified\":\"2026-04-28T09:23:53+00:00\",\"breadcrumb\":{\"@id\":\"https:\\\/\\\/lapide.com\\\/de\\\/lapide-niederlande\\\/#breadcrumb\"},\"inLanguage\":\"de\",\"potentialAction\":[{\"@type\":\"ReadAction\",\"target\":[\"https:\\\/\\\/lapide.com\\\/de\\\/lapide-niederlande\\\/\"]}]},{\"@type\":\"BreadcrumbList\",\"@id\":\"https:\\\/\\\/lapide.com\\\/de\\\/lapide-niederlande\\\/#breadcrumb\",\"itemListElement\":[{\"@type\":\"ListItem\",\"position\":1,\"name\":\"Home\",\"item\":\"https:\\\/\\\/lapide.com\\\/de\\\/home\\\/\"},{\"@type\":\"ListItem\",\"position\":2,\"name\":\"LAPIDE Niederlande\"}]},{\"@type\":\"WebSite\",\"@id\":\"https:\\\/\\\/lapide.com\\\/de\\\/#website\",\"url\":\"https:\\\/\\\/lapide.com\\\/de\\\/\",\"name\":\"Lapide.com\",\"description\":\"Natures Finest\",\"publisher\":{\"@id\":\"https:\\\/\\\/lapide.com\\\/de\\\/#organization\"},\"potentialAction\":[{\"@type\":\"SearchAction\",\"target\":{\"@type\":\"EntryPoint\",\"urlTemplate\":\"https:\\\/\\\/lapide.com\\\/de\\\/?s={search_term_string}\"},\"query-input\":{\"@type\":\"PropertyValueSpecification\",\"valueRequired\":true,\"valueName\":\"search_term_string\"}}],\"inLanguage\":\"de\"},{\"@type\":\"Organization\",\"@id\":\"https:\\\/\\\/lapide.com\\\/de\\\/#organization\",\"name\":\"Lapide.com\",\"url\":\"https:\\\/\\\/lapide.com\\\/de\\\/\",\"logo\":{\"@type\":\"ImageObject\",\"inLanguage\":\"de\",\"@id\":\"https:\\\/\\\/lapide.com\\\/de\\\/#\\\/schema\\\/logo\\\/image\\\/\",\"url\":\"https:\\\/\\\/lapide.com\\\/wp-content\\\/uploads\\\/2026\\\/01\\\/cropped-image_2026-01-19_152612606.png\",\"contentUrl\":\"https:\\\/\\\/lapide.com\\\/wp-content\\\/uploads\\\/2026\\\/01\\\/cropped-image_2026-01-19_152612606.png\",\"width\":1954,\"height\":521,\"caption\":\"Lapide.com\"},\"image\":{\"@id\":\"https:\\\/\\\/lapide.com\\\/de\\\/#\\\/schema\\\/logo\\\/image\\\/\"}}]}<\/script>\n<!-- \/ Yoast SEO plugin. -->","yoast_head_json":{"title":"LAPIDE Niederlande - Lapide.com","robots":{"index":"index","follow":"follow","max-snippet":"max-snippet:-1","max-image-preview":"max-image-preview:large","max-video-preview":"max-video-preview:-1"},"canonical":"https:\/\/lapide.com\/de\/lapide-niederlande\/","og_locale":"de_DE","og_type":"article","og_title":"LAPIDE Niederlande - Lapide.com","og_url":"https:\/\/lapide.com\/de\/lapide-niederlande\/","og_site_name":"Lapide.com","article_modified_time":"2026-04-28T09:23:53+00:00","twitter_card":"summary_large_image","schema":{"@context":"https:\/\/schema.org","@graph":[{"@type":"WebPage","@id":"https:\/\/lapide.com\/de\/lapide-niederlande\/","url":"https:\/\/lapide.com\/de\/lapide-niederlande\/","name":"LAPIDE Niederlande - Lapide.com","isPartOf":{"@id":"https:\/\/lapide.com\/de\/#website"},"datePublished":"2026-01-29T12:17:15+00:00","dateModified":"2026-04-28T09:23:53+00:00","breadcrumb":{"@id":"https:\/\/lapide.com\/de\/lapide-niederlande\/#breadcrumb"},"inLanguage":"de","potentialAction":[{"@type":"ReadAction","target":["https:\/\/lapide.com\/de\/lapide-niederlande\/"]}]},{"@type":"BreadcrumbList","@id":"https:\/\/lapide.com\/de\/lapide-niederlande\/#breadcrumb","itemListElement":[{"@type":"ListItem","position":1,"name":"Home","item":"https:\/\/lapide.com\/de\/home\/"},{"@type":"ListItem","position":2,"name":"LAPIDE Niederlande"}]},{"@type":"WebSite","@id":"https:\/\/lapide.com\/de\/#website","url":"https:\/\/lapide.com\/de\/","name":"Lapide.com","description":"Natures Finest","publisher":{"@id":"https:\/\/lapide.com\/de\/#organization"},"potentialAction":[{"@type":"SearchAction","target":{"@type":"EntryPoint","urlTemplate":"https:\/\/lapide.com\/de\/?s={search_term_string}"},"query-input":{"@type":"PropertyValueSpecification","valueRequired":true,"valueName":"search_term_string"}}],"inLanguage":"de"},{"@type":"Organization","@id":"https:\/\/lapide.com\/de\/#organization","name":"Lapide.com","url":"https:\/\/lapide.com\/de\/","logo":{"@type":"ImageObject","inLanguage":"de","@id":"https:\/\/lapide.com\/de\/#\/schema\/logo\/image\/","url":"https:\/\/lapide.com\/wp-content\/uploads\/2026\/01\/cropped-image_2026-01-19_152612606.png","contentUrl":"https:\/\/lapide.com\/wp-content\/uploads\/2026\/01\/cropped-image_2026-01-19_152612606.png","width":1954,"height":521,"caption":"Lapide.com"},"image":{"@id":"https:\/\/lapide.com\/de\/#\/schema\/logo\/image\/"}}]}},"_links":{"self":[{"href":"https:\/\/lapide.com\/de\/wp-json\/wp\/v2\/pages\/3801","targetHints":{"allow":["GET"]}}],"collection":[{"href":"https:\/\/lapide.com\/de\/wp-json\/wp\/v2\/pages"}],"about":[{"href":"https:\/\/lapide.com\/de\/wp-json\/wp\/v2\/types\/page"}],"author":[{"embeddable":true,"href":"https:\/\/lapide.com\/de\/wp-json\/wp\/v2\/users\/7"}],"replies":[{"embeddable":true,"href":"https:\/\/lapide.com\/de\/wp-json\/wp\/v2\/comments?post=3801"}],"version-history":[{"count":2,"href":"https:\/\/lapide.com\/de\/wp-json\/wp\/v2\/pages\/3801\/revisions"}],"predecessor-version":[{"id":3842,"href":"https:\/\/lapide.com\/de\/wp-json\/wp\/v2\/pages\/3801\/revisions\/3842"}],"wp:attachment":[{"href":"https:\/\/lapide.com\/de\/wp-json\/wp\/v2\/media?parent=3801"}],"curies":[{"name":"wp","href":"https:\/\/api.w.org\/{rel}","templated":true}]}}