{"id":3803,"date":"2026-01-29T13:22:05","date_gmt":"2026-01-29T13:22:05","guid":{"rendered":"https:\/\/lapide.com\/lapide-bricks\/"},"modified":"2026-04-29T10:32:05","modified_gmt":"2026-04-29T10:32:05","slug":"lapide-bricks","status":"publish","type":"page","link":"https:\/\/lapide.com\/de\/lapide-bricks\/","title":{"rendered":"LAPIDE Bricks"},"content":{"rendered":"    <section class=\"block-breadcrumbs\">\r\n        <div class=\"block-inner\">\r\n            <div class=\"block-content breadcrumb-container\">\r\n                <div class=\"breadcrumb-wrapper\">\r\n                    \r\n                            <a href=\"https:\/\/lapide.com\/de\/\"\r\n                                target=\"_self\"\r\n                                class=\"breadcrumb-link is-standard\">\r\n                                home                            <\/a>\r\n\r\n                                                            <span class=\"breadcrumb-separator\">\/<\/span>\r\n                            \r\n                    \r\n                            <a href=\"https:\/\/lapide.com\/de\/lapide-bricks\/\"\r\n                                target=\"_self\"\r\n                                class=\"breadcrumb-link is-last\">\r\n                                LAPIDE Bricks                            <\/a>\r\n\r\n                            \r\n                                    <\/div>\r\n            <\/div>\r\n        <\/div>\r\n    <\/section>\r\n<!-- \/block-breacdrumbs -->\n\n\n<div class=\"block block-specs\">\n    <div class=\"block-inner\">\n                    <div class=\"faq-title-wrapper reveal-slide-up\">\n                <div class=\"block-content container container-wide\">\n                    <div class=\"faq-main-title\">\n                        <h1>LAPIDE <em>Bricks\u00ae<\/em><\/h1>\n                    <\/div>\n                <\/div>\n            <\/div>\n                <div class=\"container container-small\">\n            <div class=\"faq-columns\">\n\n                                                    <div class=\"faq-left reveal-fade\">\n                        <div class=\"faq-intro\">\n                            <p>LAPIDE Bricks verbinden robusten Naturstein mit klaren, modernen Linien. Mit verschiedenen Gr\u00f6\u00dfen und Oberfl\u00e4chenausf\u00fchrungen bieten sie Planern die Freiheit, architektonische Fassaden zu gestalten, die den authentischen Charakter des Steins widerspiegeln. Von dezent texturiert bis hin zu glatt veredelt, bleiben sie dabei stets detailreich und raffiniert.  <\/p>\n                        <\/div>\n                    <\/div>\n                \n                                                    <div class=\"faq-right reveal-slide-left reveal-delay-1\">\n                        <div class=\"faq-list\">\n                            <ul class=\"faq-bullets\">\n                                                                        <li>F\u00fcr moderne, einzigartige Fassaden<\/li>\n                                                                        <li>Ein Produkt von Mutter Erde<\/li>\n                                                                        <li>Innen- und Au\u00dfenbereich<\/li>\n                                                            <\/ul>\n                        <\/div>\n                    <\/div>\n                \n            <\/div>\n        <\/div>\n    <\/div>\n<\/div>\n<!-- \/block-faq -->\n\n\r\n<section id=\"image-grid-2-block_d5d5d821af3fa8a7243cf86fde7369b9\" class=\"block-img-50-50\">\r\n    <div class=\"block-inner\">\r\n        <div class=\"block-content container container-medium\">\r\n            <div class=\"image-grid-2-wrapper\">\r\n\r\n                                    <div class=\"image-grid-2-item reveal-slide-right\">\r\n                                                                                <a href=\"https:\/\/lapide.com\/de\/lapide-bricks-produkte\/\"\r\n                                target=\"_self\"\r\n                                class=\"image-grid-2-visual image-grid-2-link\">\r\n                            \r\n                                <img decoding=\"async\" src=\"https:\/\/lapide.com\/wp-content\/uploads\/2026\/02\/LAPIDE-Bricks-7.jpg\"\r\n                                    alt=\"Image 1\"\r\n                                    class=\"image-grid-2-img\"\r\n                                    draggable=\"false\"\r\n                                    loading=\"lazy\">\r\n\r\n                                <div class=\"image-grid-2-overlay\">\r\n                                                                            <div class=\"image-grid-2-title\">\r\n                                            <h2>Unsere <em>Produkte<\/em><\/h2>\n                                        <\/div>\r\n                                    \r\n                                                                            <div class=\"image-grid-2-action\">\r\n                                            <span class=\"btn-swap\">\r\n                                                <span class=\"btn-swap-text primary\">\r\n                                                    Mehr Informationen                                                <\/span>\r\n                                                <span class=\"btn-swap-text hover\">\r\n                                                    Produkte ansehen                                                <\/span>\r\n                                            <\/span>\r\n                                        <\/div>\r\n                                                                    <\/div>\r\n\r\n                                                            <\/a>\r\n                                    <\/div>\r\n        \r\n\r\n                    <div class=\"image-grid-2-item reveal-slide-left reveal-delay-1\">\r\n                                                        <a href=\"https:\/\/lapide.com\/de\/lapide-bricks-projekte\/\"\r\n                        target=\"_self\"\r\n                        class=\"image-grid-2-visual image-grid-2-link\">\r\n                    \r\n                        <img decoding=\"async\" src=\"https:\/\/lapide.com\/wp-content\/uploads\/2026\/02\/Dream-Home-under-a-thatched-roof-LAPIDE-Bricks-Patras-PA16-en-Patras-PA28-5.jpg\"\r\n                            alt=\"Image 2\"\r\n                            class=\"image-grid-2-img\"\r\n                            draggable=\"false\"\r\n                            loading=\"lazy\">\r\n\r\n                        <div class=\"image-grid-2-overlay\">\r\n                                                            <div class=\"image-grid-2-title\">\r\n                                    <h2>Unsere <em>Projekte<\/em><\/h2>\n                                <\/div>\r\n                            \r\n                                                            <div class=\"image-grid-2-action\">\r\n                                    <span class=\"btn-swap\">\r\n                                        <span class=\"btn-swap-text primary\">\r\n                                            Mehr Informationen                                        <\/span>\r\n                                        <span class=\"btn-swap-text hover\">\r\n                                            Projekte ansehen                                        <\/span>\r\n                                    <\/span>\r\n                                <\/div>\r\n                                                    <\/div>\r\n\r\n                                            <\/a>\r\n                        <\/div>\r\n    \r\n    <\/div>\r\n    <\/div>\r\n    <\/div>\r\n<\/section>\r\n<!-- \/block-img-50-50 -->\n\n\n<section class=\"block-txt\">\n    <div class=\"block-inner\">\n        <div class=\"block-content container container-small\">\n            <div class=\"info-wrapper\">\n                                    <div class=\"info-title reveal-slide-up\">\n                        <h3><b>Eine nat\u00fcrliche Wahl mit unendlichen M\u00f6glichkeiten<\/b><\/h3>\n                    <\/div>\n                \n                                    <div class=\"info-cols info-double-col\">\n\n                                                    <div class=\"info-col info-col--left reveal-slide-right reveal-delay-1\">\n                                <div class=\"info-text\">\n                                    <p>LAPIDE Bricks sind in einer breiten Palette von L\u00e4ngen und H\u00f6hen erh\u00e4ltlich, was es Ihnen erm\u00f6glicht, W\u00e4nde mit Rhythmus, Variation und Ausgewogenheit zu entwerfen. Von kompakten Ziegeln bis hin zu langen, schlanken Dimensionen verleiht jedes Format architektonische Relevanz. Ihre massive Zusammensetzung macht sie f\u00fcr tragendes Mauerwerk geeignet,  <\/p>\n                                <\/div>\n                            <\/div>\n                        \n                                                    <div class=\"info-col info-col--right reveal-slide-left reveal-delay-2\">\n                                <div class=\"info-text\">\n                                    <p>w\u00e4hrend d\u00fcnnere Formate ideal f\u00fcr elegante Wandverkleidungen sind. Ob im Innen- oder Au\u00dfenbereich eingesetzt, LAPIDE Bricks passen sich nat\u00fcrlich verschiedenen Stilen und Ma\u00dfst\u00e4ben an und bieten sowohl haptischen Charme als auch eine raffinierte \u00c4sthetik f\u00fcr traditionelle oder moderne Umgebungen. <\/p>\n                                <\/div>\n                            <\/div>\n                        \n                    <\/div>\n                \n            <\/div>\n        <\/div>\n    <\/div>\n<\/section>\n<!-- \/block-txt -->\n\n\n<section class=\"block-img-70-30 \">\n    <div class=\"block-inner\">\n        <div class=\"block-content container $container-medium\">\n            <div class=\"image-duo-wrapper\">\n                                    <div class=\"image-duo-col image-duo-col--small reveal-slide-right\">\n                        <div class=\"image-duo-figure\">\n                            <img decoding=\"async\" width=\"681\" height=\"1024\" src=\"https:\/\/lapide.com\/wp-content\/uploads\/2026\/02\/Modern-bungalow-Zwolle-LAPIDE-Bricks-Matera-MA16-4-681x1024.jpg\" class=\"image-duo-img js-lightbox\" alt=\"\" draggable=\"false\" loading=\"lazy\" data-large=\"https:\/\/lapide.com\/wp-content\/uploads\/2026\/02\/Modern-bungalow-Zwolle-LAPIDE-Bricks-Matera-MA16-4-scaled.jpg\" srcset=\"https:\/\/lapide.com\/wp-content\/uploads\/2026\/02\/Modern-bungalow-Zwolle-LAPIDE-Bricks-Matera-MA16-4-681x1024.jpg 681w, https:\/\/lapide.com\/wp-content\/uploads\/2026\/02\/Modern-bungalow-Zwolle-LAPIDE-Bricks-Matera-MA16-4-200x300.jpg 200w, https:\/\/lapide.com\/wp-content\/uploads\/2026\/02\/Modern-bungalow-Zwolle-LAPIDE-Bricks-Matera-MA16-4-768x1154.jpg 768w, https:\/\/lapide.com\/wp-content\/uploads\/2026\/02\/Modern-bungalow-Zwolle-LAPIDE-Bricks-Matera-MA16-4-1022x1536.jpg 1022w, https:\/\/lapide.com\/wp-content\/uploads\/2026\/02\/Modern-bungalow-Zwolle-LAPIDE-Bricks-Matera-MA16-4-1363x2048.jpg 1363w, https:\/\/lapide.com\/wp-content\/uploads\/2026\/02\/Modern-bungalow-Zwolle-LAPIDE-Bricks-Matera-MA16-4-scaled.jpg 1703w\" sizes=\"auto, (max-width: 681px) 100vw, 681px\" \/>                        <\/div>\n                    <\/div>\n                \n                                    <div class=\"image-duo-col image-duo-col--bigger reveal-slide-left reveal-delay-1\">\n                        <div class=\"image-duo-figure\">\n                            <img decoding=\"async\" width=\"683\" height=\"1024\" src=\"https:\/\/lapide.com\/wp-content\/uploads\/2026\/02\/Dreamvilla-Hollandscheveld-LAPIDE-Bricks-Karlovy-Vary-KV12-7-683x1024.jpg\" class=\"image-duo-img js-lightbox\" alt=\"\" draggable=\"false\" loading=\"lazy\" data-large=\"https:\/\/lapide.com\/wp-content\/uploads\/2026\/02\/Dreamvilla-Hollandscheveld-LAPIDE-Bricks-Karlovy-Vary-KV12-7.jpg\" srcset=\"https:\/\/lapide.com\/wp-content\/uploads\/2026\/02\/Dreamvilla-Hollandscheveld-LAPIDE-Bricks-Karlovy-Vary-KV12-7-683x1024.jpg 683w, https:\/\/lapide.com\/wp-content\/uploads\/2026\/02\/Dreamvilla-Hollandscheveld-LAPIDE-Bricks-Karlovy-Vary-KV12-7-200x300.jpg 200w, https:\/\/lapide.com\/wp-content\/uploads\/2026\/02\/Dreamvilla-Hollandscheveld-LAPIDE-Bricks-Karlovy-Vary-KV12-7-768x1152.jpg 768w, https:\/\/lapide.com\/wp-content\/uploads\/2026\/02\/Dreamvilla-Hollandscheveld-LAPIDE-Bricks-Karlovy-Vary-KV12-7-1024x1536.jpg 1024w, https:\/\/lapide.com\/wp-content\/uploads\/2026\/02\/Dreamvilla-Hollandscheveld-LAPIDE-Bricks-Karlovy-Vary-KV12-7-1365x2048.jpg 1365w, https:\/\/lapide.com\/wp-content\/uploads\/2026\/02\/Dreamvilla-Hollandscheveld-LAPIDE-Bricks-Karlovy-Vary-KV12-7.jpg 1500w\" sizes=\"auto, (max-width: 683px) 100vw, 683px\" \/>                        <\/div>\n                    <\/div>\n                            <\/div>\n        <\/div>\n    <\/div>\n<\/section>\n<!-- \/block-img-70-30 -->\n\n\r\n<section class=\"block-img-quote\">\r\n    <div class=\"block-inner\">\r\n                    <div class=\"big-picture-quote__bg\">\r\n                <img decoding=\"async\" width=\"2000\" height=\"1334\" src=\"https:\/\/lapide.com\/wp-content\/uploads\/2026\/02\/Dream-Home-under-a-thatched-roof-LAPIDE-Bricks-Patras-PA16-en-Patras-PA28-11.jpg\" class=\"big-picture-quote__img\" alt=\"\" draggable=\"false\" loading=\"lazy\" srcset=\"https:\/\/lapide.com\/wp-content\/uploads\/2026\/02\/Dream-Home-under-a-thatched-roof-LAPIDE-Bricks-Patras-PA16-en-Patras-PA28-11.jpg 2000w, https:\/\/lapide.com\/wp-content\/uploads\/2026\/02\/Dream-Home-under-a-thatched-roof-LAPIDE-Bricks-Patras-PA16-en-Patras-PA28-11-300x200.jpg 300w, https:\/\/lapide.com\/wp-content\/uploads\/2026\/02\/Dream-Home-under-a-thatched-roof-LAPIDE-Bricks-Patras-PA16-en-Patras-PA28-11-1024x683.jpg 1024w, https:\/\/lapide.com\/wp-content\/uploads\/2026\/02\/Dream-Home-under-a-thatched-roof-LAPIDE-Bricks-Patras-PA16-en-Patras-PA28-11-768x512.jpg 768w, https:\/\/lapide.com\/wp-content\/uploads\/2026\/02\/Dream-Home-under-a-thatched-roof-LAPIDE-Bricks-Patras-PA16-en-Patras-PA28-11-1536x1025.jpg 1536w\" sizes=\"auto, (max-width: 2000px) 100vw, 2000px\" \/>            <\/div>\r\n                <div class=\"block-content container $container-medium\">\r\n            <div class=\"big-picture-quote__content\">\r\n                                    <div class=\"big-picture-quote__title reveal-slide-up\">\r\n                        <h2>Made to make<br \/>\n<em>memories last<\/em><\/h2>\n                    <\/div>\r\n                            <\/div>\r\n        <\/div>\r\n    <\/div>\r\n<\/section>\r\n<!-- \/block-img-quote -->\n\n\n<section class=\"block-txt\">\n    <div class=\"block-inner\">\n        <div class=\"block-content container container-small\">\n            <div class=\"info-wrapper\">\n                                    <div class=\"info-title reveal-slide-up\">\n                        <h3><b>Definiert durch das Finish, geformt durch die Intention<\/b><\/h3>\n                    <\/div>\n                \n                                    <div class=\"info-cols info-double-col\">\n\n                                                    <div class=\"info-col info-col--left reveal-slide-right reveal-delay-1\">\n                                <div class=\"info-text\">\n                                    <p>LAPIDE Bricks erz\u00e4hlen Geschichten, die durch Textur gepr\u00e4gt sind. W\u00e4hlen Sie eine markante Spaltfl\u00e4che f\u00fcr ausdrucksstarke St\u00e4rke oder ein geb\u00fcrstetes Finish f\u00fcr subtile Raffinesse. Oder kombinieren Sie beides, um Details mit Tiefe zu kontrastieren. Diese Behandlungen beeinflussen nicht nur das Aussehen und die Haptik, sie steuern auch, wie das Licht auf jeder Oberfl\u00e4che spielt.   <\/p>\n                                <\/div>\n                            <\/div>\n                        \n                                                    <div class=\"info-col info-col--right reveal-slide-left reveal-delay-2\">\n                                <div class=\"info-text\">\n                                    <p>Schatten fallen in nat\u00fcrliche Vertiefungen, Kanten fangen die Sonne ein und das Material erwacht zum Leben. LAPIDE Bricks sind mehr als nur eine Fassade: Sie sind Werkzeuge, um Architektur mit Charakter, Haptik und der stillen Dramatik der offenbarten Natur aufzuwerten. Immer im Stein verwurzelt, immer unverkennbar LAPIDE.  <\/p>\n                                <\/div>\n                            <\/div>\n                        \n                    <\/div>\n                \n            <\/div>\n        <\/div>\n    <\/div>\n<\/section>\n<!-- \/block-txt -->\n\n\n<section class=\"block-cta\">\n    <div class=\"block-inner container container-small\">\n        <div class=\"block-content\">\n                            <div class=\"get-in-touch__text text-width-small reveal-fade\">\n                    <h2 style=\"text-align: center\">Get in touch to explore <em>nature\u2019s finest<\/em><\/h2>\n                <\/div>\n            \n                                <div class=\"get-in-touch__button\">\n                        <a href=\"https:\/\/lapide.com\/de\/kontakt\/\"\n                            target=\"_self\"\n                            class=\"btn-grow reveal-slide-up reveal-delay-1\">\n                            <span>Kontakt<\/span>\n                        <\/a>\n                    <\/div>\n                                    <\/div>\n    <\/div>\n<\/section>\n<!-- \/block-get-in-touch -->","protected":false},"excerpt":{"rendered":"","protected":false},"author":7,"featured_media":0,"parent":0,"menu_order":0,"comment_status":"closed","ping_status":"closed","template":"","meta":{"_acf_changed":false,"footnotes":""},"class_list":["post-3803","page","type-page","status-publish","hentry"],"acf":[],"yoast_head":"<!-- This site is optimized with the Yoast SEO plugin v27.4 - https:\/\/yoast.com\/product\/yoast-seo-wordpress\/ -->\n<title>LAPIDE Bricks - Lapide.com<\/title>\n<meta name=\"robots\" content=\"index, follow, max-snippet:-1, max-image-preview:large, max-video-preview:-1\" \/>\n<link rel=\"canonical\" href=\"https:\/\/lapide.com\/de\/lapide-bricks\/\" \/>\n<meta property=\"og:locale\" content=\"de_DE\" \/>\n<meta property=\"og:type\" content=\"article\" \/>\n<meta property=\"og:title\" content=\"LAPIDE Bricks - Lapide.com\" \/>\n<meta property=\"og:url\" content=\"https:\/\/lapide.com\/de\/lapide-bricks\/\" \/>\n<meta property=\"og:site_name\" content=\"Lapide.com\" \/>\n<meta property=\"article:modified_time\" content=\"2026-04-29T10:32:05+00:00\" \/>\n<meta name=\"twitter:card\" content=\"summary_large_image\" \/>\n<script type=\"application\/ld+json\" class=\"yoast-schema-graph\">{\"@context\":\"https:\\\/\\\/schema.org\",\"@graph\":[{\"@type\":\"WebPage\",\"@id\":\"https:\\\/\\\/lapide.com\\\/de\\\/lapide-bricks\\\/\",\"url\":\"https:\\\/\\\/lapide.com\\\/de\\\/lapide-bricks\\\/\",\"name\":\"LAPIDE Bricks - Lapide.com\",\"isPartOf\":{\"@id\":\"https:\\\/\\\/lapide.com\\\/de\\\/#website\"},\"datePublished\":\"2026-01-29T13:22:05+00:00\",\"dateModified\":\"2026-04-29T10:32:05+00:00\",\"breadcrumb\":{\"@id\":\"https:\\\/\\\/lapide.com\\\/de\\\/lapide-bricks\\\/#breadcrumb\"},\"inLanguage\":\"de\",\"potentialAction\":[{\"@type\":\"ReadAction\",\"target\":[\"https:\\\/\\\/lapide.com\\\/de\\\/lapide-bricks\\\/\"]}]},{\"@type\":\"BreadcrumbList\",\"@id\":\"https:\\\/\\\/lapide.com\\\/de\\\/lapide-bricks\\\/#breadcrumb\",\"itemListElement\":[{\"@type\":\"ListItem\",\"position\":1,\"name\":\"Home\",\"item\":\"https:\\\/\\\/lapide.com\\\/de\\\/home\\\/\"},{\"@type\":\"ListItem\",\"position\":2,\"name\":\"LAPIDE Bricks\"}]},{\"@type\":\"WebSite\",\"@id\":\"https:\\\/\\\/lapide.com\\\/de\\\/#website\",\"url\":\"https:\\\/\\\/lapide.com\\\/de\\\/\",\"name\":\"Lapide.com\",\"description\":\"Natures Finest\",\"publisher\":{\"@id\":\"https:\\\/\\\/lapide.com\\\/de\\\/#organization\"},\"potentialAction\":[{\"@type\":\"SearchAction\",\"target\":{\"@type\":\"EntryPoint\",\"urlTemplate\":\"https:\\\/\\\/lapide.com\\\/de\\\/?s={search_term_string}\"},\"query-input\":{\"@type\":\"PropertyValueSpecification\",\"valueRequired\":true,\"valueName\":\"search_term_string\"}}],\"inLanguage\":\"de\"},{\"@type\":\"Organization\",\"@id\":\"https:\\\/\\\/lapide.com\\\/de\\\/#organization\",\"name\":\"Lapide.com\",\"url\":\"https:\\\/\\\/lapide.com\\\/de\\\/\",\"logo\":{\"@type\":\"ImageObject\",\"inLanguage\":\"de\",\"@id\":\"https:\\\/\\\/lapide.com\\\/de\\\/#\\\/schema\\\/logo\\\/image\\\/\",\"url\":\"https:\\\/\\\/lapide.com\\\/wp-content\\\/uploads\\\/2026\\\/01\\\/cropped-image_2026-01-19_152612606.png\",\"contentUrl\":\"https:\\\/\\\/lapide.com\\\/wp-content\\\/uploads\\\/2026\\\/01\\\/cropped-image_2026-01-19_152612606.png\",\"width\":1954,\"height\":521,\"caption\":\"Lapide.com\"},\"image\":{\"@id\":\"https:\\\/\\\/lapide.com\\\/de\\\/#\\\/schema\\\/logo\\\/image\\\/\"}}]}<\/script>\n<!-- \/ Yoast SEO plugin. -->","yoast_head_json":{"title":"LAPIDE Bricks - Lapide.com","robots":{"index":"index","follow":"follow","max-snippet":"max-snippet:-1","max-image-preview":"max-image-preview:large","max-video-preview":"max-video-preview:-1"},"canonical":"https:\/\/lapide.com\/de\/lapide-bricks\/","og_locale":"de_DE","og_type":"article","og_title":"LAPIDE Bricks - Lapide.com","og_url":"https:\/\/lapide.com\/de\/lapide-bricks\/","og_site_name":"Lapide.com","article_modified_time":"2026-04-29T10:32:05+00:00","twitter_card":"summary_large_image","schema":{"@context":"https:\/\/schema.org","@graph":[{"@type":"WebPage","@id":"https:\/\/lapide.com\/de\/lapide-bricks\/","url":"https:\/\/lapide.com\/de\/lapide-bricks\/","name":"LAPIDE Bricks - Lapide.com","isPartOf":{"@id":"https:\/\/lapide.com\/de\/#website"},"datePublished":"2026-01-29T13:22:05+00:00","dateModified":"2026-04-29T10:32:05+00:00","breadcrumb":{"@id":"https:\/\/lapide.com\/de\/lapide-bricks\/#breadcrumb"},"inLanguage":"de","potentialAction":[{"@type":"ReadAction","target":["https:\/\/lapide.com\/de\/lapide-bricks\/"]}]},{"@type":"BreadcrumbList","@id":"https:\/\/lapide.com\/de\/lapide-bricks\/#breadcrumb","itemListElement":[{"@type":"ListItem","position":1,"name":"Home","item":"https:\/\/lapide.com\/de\/home\/"},{"@type":"ListItem","position":2,"name":"LAPIDE Bricks"}]},{"@type":"WebSite","@id":"https:\/\/lapide.com\/de\/#website","url":"https:\/\/lapide.com\/de\/","name":"Lapide.com","description":"Natures Finest","publisher":{"@id":"https:\/\/lapide.com\/de\/#organization"},"potentialAction":[{"@type":"SearchAction","target":{"@type":"EntryPoint","urlTemplate":"https:\/\/lapide.com\/de\/?s={search_term_string}"},"query-input":{"@type":"PropertyValueSpecification","valueRequired":true,"valueName":"search_term_string"}}],"inLanguage":"de"},{"@type":"Organization","@id":"https:\/\/lapide.com\/de\/#organization","name":"Lapide.com","url":"https:\/\/lapide.com\/de\/","logo":{"@type":"ImageObject","inLanguage":"de","@id":"https:\/\/lapide.com\/de\/#\/schema\/logo\/image\/","url":"https:\/\/lapide.com\/wp-content\/uploads\/2026\/01\/cropped-image_2026-01-19_152612606.png","contentUrl":"https:\/\/lapide.com\/wp-content\/uploads\/2026\/01\/cropped-image_2026-01-19_152612606.png","width":1954,"height":521,"caption":"Lapide.com"},"image":{"@id":"https:\/\/lapide.com\/de\/#\/schema\/logo\/image\/"}}]}},"_links":{"self":[{"href":"https:\/\/lapide.com\/de\/wp-json\/wp\/v2\/pages\/3803","targetHints":{"allow":["GET"]}}],"collection":[{"href":"https:\/\/lapide.com\/de\/wp-json\/wp\/v2\/pages"}],"about":[{"href":"https:\/\/lapide.com\/de\/wp-json\/wp\/v2\/types\/page"}],"author":[{"embeddable":true,"href":"https:\/\/lapide.com\/de\/wp-json\/wp\/v2\/users\/7"}],"replies":[{"embeddable":true,"href":"https:\/\/lapide.com\/de\/wp-json\/wp\/v2\/comments?post=3803"}],"version-history":[{"count":2,"href":"https:\/\/lapide.com\/de\/wp-json\/wp\/v2\/pages\/3803\/revisions"}],"predecessor-version":[{"id":3843,"href":"https:\/\/lapide.com\/de\/wp-json\/wp\/v2\/pages\/3803\/revisions\/3843"}],"wp:attachment":[{"href":"https:\/\/lapide.com\/de\/wp-json\/wp\/v2\/media?parent=3803"}],"curies":[{"name":"wp","href":"https:\/\/api.w.org\/{rel}","templated":true}]}}