{"id":3807,"date":"2026-01-29T13:05:00","date_gmt":"2026-01-29T13:05:00","guid":{"rendered":"https:\/\/lapide.com\/lapide-bricks\/lapide-bricks-projekte\/"},"modified":"2026-04-29T10:35:17","modified_gmt":"2026-04-29T10:35:17","slug":"lapide-bricks-projekte","status":"publish","type":"page","link":"https:\/\/lapide.com\/de\/lapide-bricks\/lapide-bricks-projekte\/","title":{"rendered":"LAPIDE Bricks Projekte"},"content":{"rendered":"    <section class=\"block-breadcrumbs\">\r\n        <div class=\"block-inner\">\r\n            <div class=\"block-content breadcrumb-container\">\r\n                <div class=\"breadcrumb-wrapper\">\r\n                    \r\n                            <a href=\"https:\/\/lapide.com\/de\/\"\r\n                                target=\"_self\"\r\n                                class=\"breadcrumb-link is-standard\">\r\n                                home                            <\/a>\r\n\r\n                                                            <span class=\"breadcrumb-separator\">\/<\/span>\r\n                            \r\n                    \r\n                            <a href=\"https:\/\/lapide.com\/de\/lapide-bricks\/\"\r\n                                target=\"_self\"\r\n                                class=\"breadcrumb-link is-standard\">\r\n                                LAPIDE Bricks                            <\/a>\r\n\r\n                                                            <span class=\"breadcrumb-separator\">\/<\/span>\r\n                            \r\n                    \r\n                            <a href=\"https:\/\/lapide.com\/de\/lapide-bricks\/lapide-bricks-projekte\/\"\r\n                                target=\"_self\"\r\n                                class=\"breadcrumb-link is-last\">\r\n                                LAPIDE Bricks Projekte                            <\/a>\r\n\r\n                            \r\n                                    <\/div>\r\n            <\/div>\r\n        <\/div>\r\n    <\/section>\r\n<!-- \/block-breacdrumbs -->\n\n<!-- block-intro.php -->\n\n<section id=\"block-intro-block_5746a0ba22c9741ba8f0c7786030eee2\" class=\"block-intro\" style=\"display: block !important; visibility: visible !important;\">\n    <div class=\"block-inner\">\n        <div class=\"block-content container container-small\">\n            <div class=\"block-intro__wrapper\">\n\n                <div class=\"block-intro__title reveal-slide-up\">\n                                            <h1>LAPIDE <em>Bricks<span class=\"sc-jXbUNg jFdUzx AT-ate-chip--compact ate-chip--marker ate-chip--em ate-chip ate-chip--compact\" data-segment=\"gid_0\" data-type=\"g\"><span class=\"sc-imWYAI hXteRa\">\u00ae<\/span><\/span><\/em><\/h1>\n                                    <\/div>\n\n                                    <div class=\"block-intro__subtitle reveal-fade reveal-delay-1\">\n                        PROJEKTE                    <\/div>\n                \n                                    <div class=\"block-intro__description reveal-fade reveal-delay-2\">\n                        <p>LAPIDE Bricks beweisen ihre Vielseitigkeit in einer Vielzahl von Stilrichtungen \u2013 von modernen Villen bis hin zu l\u00e4ndlichen Anwesen. Diese Projekte unterstreichen den nat\u00fcrlichen Charakter des Ziegels und die anspruchsvolle Handwerkskunst sowohl in der traditionellen als auch in der zeitgen\u00f6ssischen Architektur.  <\/p>\n                    <\/div>\n                \n                                    <div class=\"block-intro__action reveal-slide-up reveal-delay-3\">\n                                                <a href=\"https:\/\/lapide.com\/de\/lapide-bricks\/lapide-bricks-produkte\/\"\n                            class=\"btn-grow\"\n                            target=\"_self\">\n                            <span>Unsere Produkte<\/span>\n                        <\/a>\n                    <\/div>\n                \n            <\/div>\n        <\/div>\n    <\/div>\n<\/section>\n<!-- \/block-intro -->\n\n\n<div class=\"block block-projects\">\n    <div class=\"block-inner\">\n        <div class=\"block-content container\">\n\n            <div class=\"project-list\">\n                \n                    \n                    <div class=\"card card-project\">\n                        <!-- Overlay link (hele kaart klikbaar) -->\n                        <a class=\"card-permalink\"\n                            href=\"https:\/\/lapide.com\/projects\/dream-home-under-a-thatched-roof\/\"\n                            aria-label=\"Dream Home under a thatched roof\">\n                        <\/a>\n\n                        <div class=\"card-inner\">\n                            <div class=\"card-content\">\n\n                                <div class=\"big-img\">\n                                                                            <img loading=\"lazy\" decoding=\"async\" width=\"1024\" height=\"683\" src=\"https:\/\/lapide.com\/wp-content\/uploads\/2026\/02\/Dream-Home-under-a-thatched-roof-LAPIDE-Bricks-Patras-PA16-en-Patras-PA28-1024x683.jpg\" class=\"img\" alt=\"\" srcset=\"https:\/\/lapide.com\/wp-content\/uploads\/2026\/02\/Dream-Home-under-a-thatched-roof-LAPIDE-Bricks-Patras-PA16-en-Patras-PA28-1024x683.jpg 1024w, https:\/\/lapide.com\/wp-content\/uploads\/2026\/02\/Dream-Home-under-a-thatched-roof-LAPIDE-Bricks-Patras-PA16-en-Patras-PA28-300x200.jpg 300w, https:\/\/lapide.com\/wp-content\/uploads\/2026\/02\/Dream-Home-under-a-thatched-roof-LAPIDE-Bricks-Patras-PA16-en-Patras-PA28-768x512.jpg 768w, https:\/\/lapide.com\/wp-content\/uploads\/2026\/02\/Dream-Home-under-a-thatched-roof-LAPIDE-Bricks-Patras-PA16-en-Patras-PA28-1536x1025.jpg 1536w, https:\/\/lapide.com\/wp-content\/uploads\/2026\/02\/Dream-Home-under-a-thatched-roof-LAPIDE-Bricks-Patras-PA16-en-Patras-PA28.jpg 2000w\" sizes=\"auto, (max-width: 1024px) 100vw, 1024px\" \/>                                                                    <\/div>\n\n                                <div class=\"info\">\n                                    <div class=\"detail-img\">\n                                                                                    <img loading=\"lazy\" decoding=\"async\" width=\"1024\" height=\"683\" src=\"https:\/\/lapide.com\/wp-content\/uploads\/2026\/02\/Dream-Home-under-a-thatched-roof-LAPIDE-Bricks-Patras-PA16-en-Patras-PA28-9-1024x683.jpg\" class=\"img\" alt=\"\" srcset=\"https:\/\/lapide.com\/wp-content\/uploads\/2026\/02\/Dream-Home-under-a-thatched-roof-LAPIDE-Bricks-Patras-PA16-en-Patras-PA28-9-1024x683.jpg 1024w, https:\/\/lapide.com\/wp-content\/uploads\/2026\/02\/Dream-Home-under-a-thatched-roof-LAPIDE-Bricks-Patras-PA16-en-Patras-PA28-9-300x200.jpg 300w, https:\/\/lapide.com\/wp-content\/uploads\/2026\/02\/Dream-Home-under-a-thatched-roof-LAPIDE-Bricks-Patras-PA16-en-Patras-PA28-9-768x512.jpg 768w, https:\/\/lapide.com\/wp-content\/uploads\/2026\/02\/Dream-Home-under-a-thatched-roof-LAPIDE-Bricks-Patras-PA16-en-Patras-PA28-9-1536x1025.jpg 1536w, https:\/\/lapide.com\/wp-content\/uploads\/2026\/02\/Dream-Home-under-a-thatched-roof-LAPIDE-Bricks-Patras-PA16-en-Patras-PA28-9.jpg 2000w\" sizes=\"auto, (max-width: 1024px) 100vw, 1024px\" \/>                                                                            <\/div>\n\n                                    <div class=\"wrapper\">\n                                        <div class=\"header\">\n                                            <div class=\"title\">\n                                                <h2>Dream Home under a thatched roof<\/h2>\n                                            <\/div>\n\n                                            <div class=\"excerpt\">\n                                                <p>This exceptional thatched-roof villa blends refined rural charm with contemporary luxury.<\/p>\n                                            <\/div>\n                                        <\/div>\n\n                                        <a class=\"cta\" href=\"https:\/\/lapide.com\/projects\/dream-home-under-a-thatched-roof\/\">\n                                            <span class=\"switch-hover\">\n                                                <span class=\"btn-text btn-text--normal\">\n                                                    Get inspired                                                <\/span>\n                                                <span class=\"btn-text btn-text--hover\">\n                                                    View project                                                <\/span>\n                                                <span class=\"btn-chevron\" aria-hidden=\"true\">\n                                                    <svg width=\"20\" height=\"20\" viewBox=\"0 0 24 24\">\n                                                        <path d=\"M9 6l6 6-6 6\" fill=\"none\" stroke=\"currentColor\" stroke-width=\"2\" \/>\n                                                    <\/svg>\n                                                <\/span>\n                                            <\/span>\n                                        <\/a>\n\n                                    <\/div>\n                                <\/div>\n\n                            <\/div>\n                        <\/div>\n                    <\/div>\n\n                \n                    \n                    <div class=\"card card-project\">\n                        <!-- Overlay link (hele kaart klikbaar) -->\n                        <a class=\"card-permalink\"\n                            href=\"https:\/\/lapide.com\/projects\/dreamvilla-hollandscheveld\/\"\n                            aria-label=\"Dreamvilla Hollandscheveld\">\n                        <\/a>\n\n                        <div class=\"card-inner\">\n                            <div class=\"card-content\">\n\n                                <div class=\"big-img\">\n                                                                            <img loading=\"lazy\" decoding=\"async\" width=\"1024\" height=\"682\" src=\"https:\/\/lapide.com\/wp-content\/uploads\/2026\/02\/Dreamvilla-Hollandscheveld-LAPIDE-Bricks-Karlovy-Vary-KV12-1024x682.jpg\" class=\"img\" alt=\"\" srcset=\"https:\/\/lapide.com\/wp-content\/uploads\/2026\/02\/Dreamvilla-Hollandscheveld-LAPIDE-Bricks-Karlovy-Vary-KV12-1024x682.jpg 1024w, https:\/\/lapide.com\/wp-content\/uploads\/2026\/02\/Dreamvilla-Hollandscheveld-LAPIDE-Bricks-Karlovy-Vary-KV12-300x200.jpg 300w, https:\/\/lapide.com\/wp-content\/uploads\/2026\/02\/Dreamvilla-Hollandscheveld-LAPIDE-Bricks-Karlovy-Vary-KV12-768x512.jpg 768w, https:\/\/lapide.com\/wp-content\/uploads\/2026\/02\/Dreamvilla-Hollandscheveld-LAPIDE-Bricks-Karlovy-Vary-KV12-1536x1024.jpg 1536w, https:\/\/lapide.com\/wp-content\/uploads\/2026\/02\/Dreamvilla-Hollandscheveld-LAPIDE-Bricks-Karlovy-Vary-KV12.jpg 2000w\" sizes=\"auto, (max-width: 1024px) 100vw, 1024px\" \/>                                                                    <\/div>\n\n                                <div class=\"info\">\n                                    <div class=\"detail-img\">\n                                                                                    <img loading=\"lazy\" decoding=\"async\" width=\"683\" height=\"1024\" src=\"https:\/\/lapide.com\/wp-content\/uploads\/2026\/02\/Dreamvilla-Hollandscheveld-LAPIDE-Bricks-Karlovy-Vary-KV12-7-683x1024.jpg\" class=\"img\" alt=\"\" srcset=\"https:\/\/lapide.com\/wp-content\/uploads\/2026\/02\/Dreamvilla-Hollandscheveld-LAPIDE-Bricks-Karlovy-Vary-KV12-7-683x1024.jpg 683w, https:\/\/lapide.com\/wp-content\/uploads\/2026\/02\/Dreamvilla-Hollandscheveld-LAPIDE-Bricks-Karlovy-Vary-KV12-7-200x300.jpg 200w, https:\/\/lapide.com\/wp-content\/uploads\/2026\/02\/Dreamvilla-Hollandscheveld-LAPIDE-Bricks-Karlovy-Vary-KV12-7-768x1152.jpg 768w, https:\/\/lapide.com\/wp-content\/uploads\/2026\/02\/Dreamvilla-Hollandscheveld-LAPIDE-Bricks-Karlovy-Vary-KV12-7-1024x1536.jpg 1024w, https:\/\/lapide.com\/wp-content\/uploads\/2026\/02\/Dreamvilla-Hollandscheveld-LAPIDE-Bricks-Karlovy-Vary-KV12-7-1365x2048.jpg 1365w, https:\/\/lapide.com\/wp-content\/uploads\/2026\/02\/Dreamvilla-Hollandscheveld-LAPIDE-Bricks-Karlovy-Vary-KV12-7.jpg 1500w\" sizes=\"auto, (max-width: 683px) 100vw, 683px\" \/>                                                                            <\/div>\n\n                                    <div class=\"wrapper\">\n                                        <div class=\"header\">\n                                            <div class=\"title\">\n                                                <h2>Dreamvilla Hollandscheveld<\/h2>\n                                            <\/div>\n\n                                            <div class=\"excerpt\">\n                                                <p>This distinguished villa in Hollandscheveld combines modern architectural clarity with timeless material refinement.<\/p>\n                                            <\/div>\n                                        <\/div>\n\n                                        <a class=\"cta\" href=\"https:\/\/lapide.com\/projects\/dreamvilla-hollandscheveld\/\">\n                                            <span class=\"switch-hover\">\n                                                <span class=\"btn-text btn-text--normal\">\n                                                    Get inspired                                                <\/span>\n                                                <span class=\"btn-text btn-text--hover\">\n                                                    View project                                                <\/span>\n                                                <span class=\"btn-chevron\" aria-hidden=\"true\">\n                                                    <svg width=\"20\" height=\"20\" viewBox=\"0 0 24 24\">\n                                                        <path d=\"M9 6l6 6-6 6\" fill=\"none\" stroke=\"currentColor\" stroke-width=\"2\" \/>\n                                                    <\/svg>\n                                                <\/span>\n                                            <\/span>\n                                        <\/a>\n\n                                    <\/div>\n                                <\/div>\n\n                            <\/div>\n                        <\/div>\n                    <\/div>\n\n                \n                    \n                    <div class=\"card card-project\">\n                        <!-- Overlay link (hele kaart klikbaar) -->\n                        <a class=\"card-permalink\"\n                            href=\"https:\/\/lapide.com\/projects\/modern-bungalow-zwolle\/\"\n                            aria-label=\"Modern bungalow Zwolle\">\n                        <\/a>\n\n                        <div class=\"card-inner\">\n                            <div class=\"card-content\">\n\n                                <div class=\"big-img\">\n                                                                            <img loading=\"lazy\" decoding=\"async\" width=\"1024\" height=\"682\" src=\"https:\/\/lapide.com\/wp-content\/uploads\/2026\/02\/Modern-bungalow-Zwolle-LAPIDE-Bricks-Matera-MA16-1024x682.jpg\" class=\"img\" alt=\"\" srcset=\"https:\/\/lapide.com\/wp-content\/uploads\/2026\/02\/Modern-bungalow-Zwolle-LAPIDE-Bricks-Matera-MA16-1024x682.jpg 1024w, https:\/\/lapide.com\/wp-content\/uploads\/2026\/02\/Modern-bungalow-Zwolle-LAPIDE-Bricks-Matera-MA16-300x200.jpg 300w, https:\/\/lapide.com\/wp-content\/uploads\/2026\/02\/Modern-bungalow-Zwolle-LAPIDE-Bricks-Matera-MA16-768x511.jpg 768w, https:\/\/lapide.com\/wp-content\/uploads\/2026\/02\/Modern-bungalow-Zwolle-LAPIDE-Bricks-Matera-MA16-1536x1022.jpg 1536w, https:\/\/lapide.com\/wp-content\/uploads\/2026\/02\/Modern-bungalow-Zwolle-LAPIDE-Bricks-Matera-MA16-2048x1363.jpg 2048w\" sizes=\"auto, (max-width: 1024px) 100vw, 1024px\" \/>                                                                    <\/div>\n\n                                <div class=\"info\">\n                                    <div class=\"detail-img\">\n                                                                                    <img loading=\"lazy\" decoding=\"async\" width=\"681\" height=\"1024\" src=\"https:\/\/lapide.com\/wp-content\/uploads\/2026\/02\/Modern-bungalow-Zwolle-LAPIDE-Bricks-Matera-MA16-4-681x1024.jpg\" class=\"img\" alt=\"\" srcset=\"https:\/\/lapide.com\/wp-content\/uploads\/2026\/02\/Modern-bungalow-Zwolle-LAPIDE-Bricks-Matera-MA16-4-681x1024.jpg 681w, https:\/\/lapide.com\/wp-content\/uploads\/2026\/02\/Modern-bungalow-Zwolle-LAPIDE-Bricks-Matera-MA16-4-200x300.jpg 200w, https:\/\/lapide.com\/wp-content\/uploads\/2026\/02\/Modern-bungalow-Zwolle-LAPIDE-Bricks-Matera-MA16-4-768x1154.jpg 768w, https:\/\/lapide.com\/wp-content\/uploads\/2026\/02\/Modern-bungalow-Zwolle-LAPIDE-Bricks-Matera-MA16-4-1022x1536.jpg 1022w, https:\/\/lapide.com\/wp-content\/uploads\/2026\/02\/Modern-bungalow-Zwolle-LAPIDE-Bricks-Matera-MA16-4-1363x2048.jpg 1363w, https:\/\/lapide.com\/wp-content\/uploads\/2026\/02\/Modern-bungalow-Zwolle-LAPIDE-Bricks-Matera-MA16-4-scaled.jpg 1703w\" sizes=\"auto, (max-width: 681px) 100vw, 681px\" \/>                                                                            <\/div>\n\n                                    <div class=\"wrapper\">\n                                        <div class=\"header\">\n                                            <div class=\"title\">\n                                                <h2>Modern bungalow Zwolle<\/h2>\n                                            <\/div>\n\n                                            <div class=\"excerpt\">\n                                                <p>This modern bungalow in Zwolle exemplifies elegant simplicity with a clear architectural vision. <\/p>\n                                            <\/div>\n                                        <\/div>\n\n                                        <a class=\"cta\" href=\"https:\/\/lapide.com\/projects\/modern-bungalow-zwolle\/\">\n                                            <span class=\"switch-hover\">\n                                                <span class=\"btn-text btn-text--normal\">\n                                                    Get inspired                                                <\/span>\n                                                <span class=\"btn-text btn-text--hover\">\n                                                    View project                                                <\/span>\n                                                <span class=\"btn-chevron\" aria-hidden=\"true\">\n                                                    <svg width=\"20\" height=\"20\" viewBox=\"0 0 24 24\">\n                                                        <path d=\"M9 6l6 6-6 6\" fill=\"none\" stroke=\"currentColor\" stroke-width=\"2\" \/>\n                                                    <\/svg>\n                                                <\/span>\n                                            <\/span>\n                                        <\/a>\n\n                                    <\/div>\n                                <\/div>\n\n                            <\/div>\n                        <\/div>\n                    <\/div>\n\n                            <\/div>\n\n            \n        <\/div>\n    <\/div>\n<\/div>\n<!-- \/block-projects -->\n\n\n<section class=\"block-cta\">\n    <div class=\"block-inner container container-small\">\n        <div class=\"block-content\">\n                            <div class=\"get-in-touch__text text-width-small reveal-fade\">\n                    <h2>Get in touch to explore <em>nature\u2019s finest<\/em><\/h2>\n                <\/div>\n            \n                                <div class=\"get-in-touch__button\">\n                        <a href=\"https:\/\/lapide.com\/de\/kontakt\/\"\n                            target=\"_self\"\n                            class=\"btn-grow reveal-slide-up reveal-delay-1\">\n                            <span>Kontakt<\/span>\n                        <\/a>\n                    <\/div>\n                                    <\/div>\n    <\/div>\n<\/section>\n<!-- \/block-get-in-touch -->","protected":false},"excerpt":{"rendered":"","protected":false},"author":7,"featured_media":0,"parent":3803,"menu_order":0,"comment_status":"closed","ping_status":"closed","template":"","meta":{"_acf_changed":false,"footnotes":""},"class_list":["post-3807","page","type-page","status-publish","hentry"],"acf":[],"yoast_head":"<!-- This site is optimized with the Yoast SEO plugin v27.4 - https:\/\/yoast.com\/product\/yoast-seo-wordpress\/ -->\n<title>LAPIDE Bricks Projekte - Lapide.com<\/title>\n<meta name=\"robots\" content=\"index, follow, max-snippet:-1, max-image-preview:large, max-video-preview:-1\" \/>\n<link rel=\"canonical\" href=\"https:\/\/lapide.com\/de\/lapide-bricks\/lapide-bricks-projekte\/\" \/>\n<meta property=\"og:locale\" content=\"de_DE\" \/>\n<meta property=\"og:type\" content=\"article\" \/>\n<meta property=\"og:title\" content=\"LAPIDE Bricks Projekte - Lapide.com\" \/>\n<meta property=\"og:url\" content=\"https:\/\/lapide.com\/de\/lapide-bricks\/lapide-bricks-projekte\/\" \/>\n<meta property=\"og:site_name\" content=\"Lapide.com\" \/>\n<meta property=\"article:modified_time\" content=\"2026-04-29T10:35:17+00:00\" \/>\n<meta name=\"twitter:card\" content=\"summary_large_image\" \/>\n<script type=\"application\/ld+json\" class=\"yoast-schema-graph\">{\"@context\":\"https:\\\/\\\/schema.org\",\"@graph\":[{\"@type\":\"WebPage\",\"@id\":\"https:\\\/\\\/lapide.com\\\/de\\\/lapide-bricks\\\/lapide-bricks-projekte\\\/\",\"url\":\"https:\\\/\\\/lapide.com\\\/de\\\/lapide-bricks\\\/lapide-bricks-projekte\\\/\",\"name\":\"LAPIDE Bricks Projekte - Lapide.com\",\"isPartOf\":{\"@id\":\"https:\\\/\\\/lapide.com\\\/de\\\/#website\"},\"datePublished\":\"2026-01-29T13:05:00+00:00\",\"dateModified\":\"2026-04-29T10:35:17+00:00\",\"breadcrumb\":{\"@id\":\"https:\\\/\\\/lapide.com\\\/de\\\/lapide-bricks\\\/lapide-bricks-projekte\\\/#breadcrumb\"},\"inLanguage\":\"de\",\"potentialAction\":[{\"@type\":\"ReadAction\",\"target\":[\"https:\\\/\\\/lapide.com\\\/de\\\/lapide-bricks\\\/lapide-bricks-projekte\\\/\"]}]},{\"@type\":\"BreadcrumbList\",\"@id\":\"https:\\\/\\\/lapide.com\\\/de\\\/lapide-bricks\\\/lapide-bricks-projekte\\\/#breadcrumb\",\"itemListElement\":[{\"@type\":\"ListItem\",\"position\":1,\"name\":\"Home\",\"item\":\"https:\\\/\\\/lapide.com\\\/de\\\/home\\\/\"},{\"@type\":\"ListItem\",\"position\":2,\"name\":\"LAPIDE Bricks\",\"item\":\"https:\\\/\\\/lapide.com\\\/de\\\/lapide-bricks\\\/\"},{\"@type\":\"ListItem\",\"position\":3,\"name\":\"LAPIDE Bricks Projekte\"}]},{\"@type\":\"WebSite\",\"@id\":\"https:\\\/\\\/lapide.com\\\/de\\\/#website\",\"url\":\"https:\\\/\\\/lapide.com\\\/de\\\/\",\"name\":\"Lapide.com\",\"description\":\"Natures Finest\",\"publisher\":{\"@id\":\"https:\\\/\\\/lapide.com\\\/de\\\/#organization\"},\"potentialAction\":[{\"@type\":\"SearchAction\",\"target\":{\"@type\":\"EntryPoint\",\"urlTemplate\":\"https:\\\/\\\/lapide.com\\\/de\\\/?s={search_term_string}\"},\"query-input\":{\"@type\":\"PropertyValueSpecification\",\"valueRequired\":true,\"valueName\":\"search_term_string\"}}],\"inLanguage\":\"de\"},{\"@type\":\"Organization\",\"@id\":\"https:\\\/\\\/lapide.com\\\/de\\\/#organization\",\"name\":\"Lapide.com\",\"url\":\"https:\\\/\\\/lapide.com\\\/de\\\/\",\"logo\":{\"@type\":\"ImageObject\",\"inLanguage\":\"de\",\"@id\":\"https:\\\/\\\/lapide.com\\\/de\\\/#\\\/schema\\\/logo\\\/image\\\/\",\"url\":\"https:\\\/\\\/lapide.com\\\/wp-content\\\/uploads\\\/2026\\\/01\\\/cropped-image_2026-01-19_152612606.png\",\"contentUrl\":\"https:\\\/\\\/lapide.com\\\/wp-content\\\/uploads\\\/2026\\\/01\\\/cropped-image_2026-01-19_152612606.png\",\"width\":1954,\"height\":521,\"caption\":\"Lapide.com\"},\"image\":{\"@id\":\"https:\\\/\\\/lapide.com\\\/de\\\/#\\\/schema\\\/logo\\\/image\\\/\"}}]}<\/script>\n<!-- \/ Yoast SEO plugin. -->","yoast_head_json":{"title":"LAPIDE Bricks Projekte - Lapide.com","robots":{"index":"index","follow":"follow","max-snippet":"max-snippet:-1","max-image-preview":"max-image-preview:large","max-video-preview":"max-video-preview:-1"},"canonical":"https:\/\/lapide.com\/de\/lapide-bricks\/lapide-bricks-projekte\/","og_locale":"de_DE","og_type":"article","og_title":"LAPIDE Bricks Projekte - Lapide.com","og_url":"https:\/\/lapide.com\/de\/lapide-bricks\/lapide-bricks-projekte\/","og_site_name":"Lapide.com","article_modified_time":"2026-04-29T10:35:17+00:00","twitter_card":"summary_large_image","schema":{"@context":"https:\/\/schema.org","@graph":[{"@type":"WebPage","@id":"https:\/\/lapide.com\/de\/lapide-bricks\/lapide-bricks-projekte\/","url":"https:\/\/lapide.com\/de\/lapide-bricks\/lapide-bricks-projekte\/","name":"LAPIDE Bricks Projekte - Lapide.com","isPartOf":{"@id":"https:\/\/lapide.com\/de\/#website"},"datePublished":"2026-01-29T13:05:00+00:00","dateModified":"2026-04-29T10:35:17+00:00","breadcrumb":{"@id":"https:\/\/lapide.com\/de\/lapide-bricks\/lapide-bricks-projekte\/#breadcrumb"},"inLanguage":"de","potentialAction":[{"@type":"ReadAction","target":["https:\/\/lapide.com\/de\/lapide-bricks\/lapide-bricks-projekte\/"]}]},{"@type":"BreadcrumbList","@id":"https:\/\/lapide.com\/de\/lapide-bricks\/lapide-bricks-projekte\/#breadcrumb","itemListElement":[{"@type":"ListItem","position":1,"name":"Home","item":"https:\/\/lapide.com\/de\/home\/"},{"@type":"ListItem","position":2,"name":"LAPIDE Bricks","item":"https:\/\/lapide.com\/de\/lapide-bricks\/"},{"@type":"ListItem","position":3,"name":"LAPIDE Bricks Projekte"}]},{"@type":"WebSite","@id":"https:\/\/lapide.com\/de\/#website","url":"https:\/\/lapide.com\/de\/","name":"Lapide.com","description":"Natures Finest","publisher":{"@id":"https:\/\/lapide.com\/de\/#organization"},"potentialAction":[{"@type":"SearchAction","target":{"@type":"EntryPoint","urlTemplate":"https:\/\/lapide.com\/de\/?s={search_term_string}"},"query-input":{"@type":"PropertyValueSpecification","valueRequired":true,"valueName":"search_term_string"}}],"inLanguage":"de"},{"@type":"Organization","@id":"https:\/\/lapide.com\/de\/#organization","name":"Lapide.com","url":"https:\/\/lapide.com\/de\/","logo":{"@type":"ImageObject","inLanguage":"de","@id":"https:\/\/lapide.com\/de\/#\/schema\/logo\/image\/","url":"https:\/\/lapide.com\/wp-content\/uploads\/2026\/01\/cropped-image_2026-01-19_152612606.png","contentUrl":"https:\/\/lapide.com\/wp-content\/uploads\/2026\/01\/cropped-image_2026-01-19_152612606.png","width":1954,"height":521,"caption":"Lapide.com"},"image":{"@id":"https:\/\/lapide.com\/de\/#\/schema\/logo\/image\/"}}]}},"_links":{"self":[{"href":"https:\/\/lapide.com\/de\/wp-json\/wp\/v2\/pages\/3807","targetHints":{"allow":["GET"]}}],"collection":[{"href":"https:\/\/lapide.com\/de\/wp-json\/wp\/v2\/pages"}],"about":[{"href":"https:\/\/lapide.com\/de\/wp-json\/wp\/v2\/types\/page"}],"author":[{"embeddable":true,"href":"https:\/\/lapide.com\/de\/wp-json\/wp\/v2\/users\/7"}],"replies":[{"embeddable":true,"href":"https:\/\/lapide.com\/de\/wp-json\/wp\/v2\/comments?post=3807"}],"version-history":[{"count":2,"href":"https:\/\/lapide.com\/de\/wp-json\/wp\/v2\/pages\/3807\/revisions"}],"predecessor-version":[{"id":3851,"href":"https:\/\/lapide.com\/de\/wp-json\/wp\/v2\/pages\/3807\/revisions\/3851"}],"up":[{"embeddable":true,"href":"https:\/\/lapide.com\/de\/wp-json\/wp\/v2\/pages\/3803"}],"wp:attachment":[{"href":"https:\/\/lapide.com\/de\/wp-json\/wp\/v2\/media?parent=3807"}],"curies":[{"name":"wp","href":"https:\/\/api.w.org\/{rel}","templated":true}]}}