{"id":3809,"date":"2026-01-29T12:18:03","date_gmt":"2026-01-29T12:18:03","guid":{"rendered":"https:\/\/lapide.com\/lapide-belgien\/"},"modified":"2026-04-28T07:52:10","modified_gmt":"2026-04-28T07:52:10","slug":"lapide-belgien","status":"publish","type":"page","link":"https:\/\/lapide.com\/de\/lapide-belgien\/","title":{"rendered":"LAPIDE Belgien"},"content":{"rendered":"    <section class=\"block-breadcrumbs\">\r\n        <div class=\"block-inner\">\r\n            <div class=\"block-content breadcrumb-container\">\r\n                <div class=\"breadcrumb-wrapper\">\r\n                    \r\n                            <a href=\"https:\/\/lapide.com\/de\/\"\r\n                                target=\"_self\"\r\n                                class=\"breadcrumb-link is-standard\">\r\n                                home                            <\/a>\r\n\r\n                                                            <span class=\"breadcrumb-separator\">\/<\/span>\r\n                            \r\n                    \r\n                            <a href=\"https:\/\/lapide.com\/de\/kontakt\/\"\r\n                                target=\"_self\"\r\n                                class=\"breadcrumb-link is-standard\">\r\n                                Kontakt                            <\/a>\r\n\r\n                                                            <span class=\"breadcrumb-separator\">\/<\/span>\r\n                            \r\n                    \r\n                            <a href=\"https:\/\/lapide.com\/de\/lapide-belgien\/\"\r\n                                target=\"_self\"\r\n                                class=\"breadcrumb-link is-last\">\r\n                                LAPIDE Belgien                            <\/a>\r\n\r\n                            \r\n                                    <\/div>\r\n            <\/div>\r\n        <\/div>\r\n    <\/section>\r\n<!-- \/block-breacdrumbs --><!-- block-intro.php -->\n\n<section id=\"block-intro-block_ebe2b747ff99846a4fd1858b08a3d656\" class=\"block-intro\" style=\"display: block !important; visibility: visible !important;\">\n    <div class=\"block-inner\">\n        <div class=\"block-content container container-small\">\n            <div class=\"block-intro__wrapper\">\n\n                <div class=\"block-intro__title reveal-slide-up\">\n                                            <h1>LAPIDE <em>Belgien<\/em><\/h1>\n                                    <\/div>\n\n                \n                                    <div class=\"block-intro__description reveal-fade reveal-delay-2\">\n                        <p>Von eleganten Fassaden bis hin zu rustikalen Pflasterfl\u00e4chen: LAPIDE Belgien unterst\u00fctzt Sie dabei, den perfekten Naturstein f\u00fcr Ihr Projekt zu finden. Gerne besuchen wir Sie vor Ort oder vereinbaren einen Termin, um die M\u00f6glichkeiten gemeinsam zu besprechen. <\/p>\n                    <\/div>\n                \n                                    <div class=\"block-intro__action reveal-slide-up reveal-delay-3\">\n                                                <a href=\"https:\/\/lapide.com\/de\/kontakt\/\"\n                            class=\"btn-grow\"\n                            target=\"_self\">\n                            <span>Kontakt<\/span>\n                        <\/a>\n                    <\/div>\n                \n            <\/div>\n        <\/div>\n    <\/div>\n<\/section>\n<!-- \/block-intro -->\r\n<section class=\"block-stakeholders\">\r\n    <div class=\"block-inner container $container-medium\">\r\n                    <div class=\"block-content people-grid-wrapper\">\r\n\r\n                                    <div class=\"person-card reveal-scale reveal-delay-1\">\r\n                        <div class=\"person-card-inner\">\r\n\r\n                            <!-- Foto sectie (links) -->\r\n                            <div class=\"person-image-section\">\r\n                                                                    <div class=\"person-image-wrapper\">\r\n                                        <img decoding=\"async\" width=\"683\" height=\"1024\" src=\"https:\/\/lapide.com\/wp-content\/uploads\/2026\/02\/DSC05567-683x1024.jpg\" class=\"person-img\" alt=\"\" draggable=\"false\" loading=\"lazy\" srcset=\"https:\/\/lapide.com\/wp-content\/uploads\/2026\/02\/DSC05567-683x1024.jpg 683w, https:\/\/lapide.com\/wp-content\/uploads\/2026\/02\/DSC05567-200x300.jpg 200w, https:\/\/lapide.com\/wp-content\/uploads\/2026\/02\/DSC05567-768x1152.jpg 768w, https:\/\/lapide.com\/wp-content\/uploads\/2026\/02\/DSC05567-1024x1536.jpg 1024w, https:\/\/lapide.com\/wp-content\/uploads\/2026\/02\/DSC05567-1365x2048.jpg 1365w, https:\/\/lapide.com\/wp-content\/uploads\/2026\/02\/DSC05567.jpg 1500w\" sizes=\"auto, (max-width: 683px) 100vw, 683px\" \/>                                    <\/div>\r\n                                \r\n                                <!-- Naam overlay (onder foto) -->\r\n                                                                    <div class=\"person-name-overlay\">\r\n                                        <h4 class=\"person-name\">Joris Verelst<\/h4>\r\n                                    <\/div>\r\n                                                            <\/div>\r\n\r\n                            <!-- Tekst sectie (rechts) -->\r\n                            <div class=\"person-content-section\">\r\n                                                                    <div class=\"person-bio\">\r\n                                        <p>Mit meiner Leidenschaft und Expertise begleite ich Sie gerne durch Ihr Projekt. Gemeinsam finden wir das passende Natursteinprodukt, um Ihr Vorhaben aufzuwerten. Von der ersten Skizze bis zur finalen Ausf\u00fchrung unterst\u00fctzen wir jeden Schritt des Prozesses.   <\/p>\n                                    <\/div>\r\n                                \r\n                                <div class=\"person-contact\">\r\n                                                                            <a href=\"tel:+32498664313\" class=\"person-link\">\r\n                                            +32 498 66 43 13                                        <\/a>\r\n                                    \r\n                                                                            <a href=\"mailto:&#106;&#111;r&#105;&#115;&#64;l&#97;p&#105;de&#46;&#99;o&#109;\" class=\"person-link\">\r\n                                            joris@lapide.com                                        <\/a>\r\n                                                                    <\/div>\r\n                            <\/div>\r\n\r\n                        <\/div>\r\n                    <\/div>\r\n                \r\n            <\/div>\r\n            <\/div>\r\n<\/section>\r\n<!-- \/block-stakeholders -->\n<section class=\"block-txt\">\n    <div class=\"block-inner\">\n        <div class=\"block-content container container-small\">\n            <div class=\"info-wrapper\">\n                                    <div class=\"info-title reveal-slide-up\">\n                        <h3>Unsere lokalen Experten<\/h3>\n                    <\/div>\n                \n                                    <div class=\"info-cols info-double-col\">\n\n                                                    <div class=\"info-col info-col--left reveal-slide-right reveal-delay-1\">\n                                <div class=\"info-text\">\n                                    <p>Von Architektur bis zu den edelsten Materialien \u2013 das ist es, was LAPIDE Belgien antreibt. Mit \u00fcber 18 Jahren Erfahrung unterst\u00fctzt LAPIDE Belgien Architekten und Kunden bei der Suche nach der passenden Natursteinl\u00f6sung \u2013 beginnend bei der Fassade und \u00fcber das gesamte Projekt hinweg. LAPIDE Belgien verfolgt dabei einen ganzheitlichen Ansatz. Neben der Auswahl des idealen Natursteins f\u00fcr Fassaden bietet die Kollektion passende L\u00f6sungen f\u00fcr Innen- und Au\u00dfenanwendungen \u2013 alles aus demselben Material. So entsteht eine stimmige und harmonische Architektursprache.    <\/p>\n                                <\/div>\n                            <\/div>\n                        \n                                                    <div class=\"info-col info-col--right reveal-slide-left reveal-delay-2\">\n                                <div class=\"info-text\">\n                                    <p>Da jedes Projekt einzigartig ist, arbeitet LAPIDE Belgien \u00fcberwiegend vor Ort. Sorgf\u00e4ltig ausgew\u00e4hlte Muster werden im Projektkontext pr\u00e4sentiert, sodass Material, Licht und Umgebung gemeinsam beurteilt werden k\u00f6nnen \u2013 oft mit mehr Erkenntnisgewinn als bei einem klassischen Showroom-Besuch. Zum Service geh\u00f6ren au\u00dferdem technische Unterst\u00fctzung f\u00fcr Verarbeiter sowie Beratung zu geeigneten M\u00f6rtelsystemen, um eine reibungslose und langlebige Verarbeitung sicherzustellen. So erreicht jedes Projekt nicht nur \u00e4sthetische Qualit\u00e4t, sondern auch technische Pr\u00e4zision.   <\/p>\n                                <\/div>\n                            <\/div>\n                        \n                    <\/div>\n                \n            <\/div>\n        <\/div>\n    <\/div>\n<\/section>\n<!-- \/block-txt -->\n<section class=\"block-cta\">\n    <div class=\"block-inner container container-small\">\n        <div class=\"block-content\">\n                            <div class=\"get-in-touch__text text-width-small reveal-fade\">\n                    <h2 style=\"text-align: center\">Get in touch to explore nature\u2019s finest<\/h2>\n                <\/div>\n            \n                                <div class=\"get-in-touch__button\">\n                        <a href=\"https:\/\/lapide.com\/de\/kontakt\/\"\n                            target=\"_self\"\n                            class=\"btn-grow reveal-slide-up reveal-delay-1\">\n                            <span>Kontakt<\/span>\n                        <\/a>\n                    <\/div>\n                                    <\/div>\n    <\/div>\n<\/section>\n<!-- \/block-get-in-touch -->","protected":false},"excerpt":{"rendered":"","protected":false},"author":7,"featured_media":0,"parent":0,"menu_order":0,"comment_status":"closed","ping_status":"closed","template":"","meta":{"_acf_changed":false,"footnotes":""},"class_list":["post-3809","page","type-page","status-publish","hentry"],"acf":[],"yoast_head":"<!-- This site is optimized with the Yoast SEO plugin v27.4 - https:\/\/yoast.com\/product\/yoast-seo-wordpress\/ -->\n<title>LAPIDE Belgien - Lapide.com<\/title>\n<meta name=\"robots\" content=\"index, follow, max-snippet:-1, max-image-preview:large, max-video-preview:-1\" \/>\n<link rel=\"canonical\" href=\"https:\/\/lapide.com\/de\/lapide-belgien\/\" \/>\n<meta property=\"og:locale\" content=\"de_DE\" \/>\n<meta property=\"og:type\" content=\"article\" \/>\n<meta property=\"og:title\" content=\"LAPIDE Belgien - Lapide.com\" \/>\n<meta property=\"og:url\" content=\"https:\/\/lapide.com\/de\/lapide-belgien\/\" \/>\n<meta property=\"og:site_name\" content=\"Lapide.com\" \/>\n<meta property=\"article:modified_time\" content=\"2026-04-28T07:52:10+00:00\" \/>\n<meta name=\"twitter:card\" content=\"summary_large_image\" \/>\n<script type=\"application\/ld+json\" class=\"yoast-schema-graph\">{\"@context\":\"https:\\\/\\\/schema.org\",\"@graph\":[{\"@type\":\"WebPage\",\"@id\":\"https:\\\/\\\/lapide.com\\\/de\\\/lapide-belgien\\\/\",\"url\":\"https:\\\/\\\/lapide.com\\\/de\\\/lapide-belgien\\\/\",\"name\":\"LAPIDE Belgien - Lapide.com\",\"isPartOf\":{\"@id\":\"https:\\\/\\\/lapide.com\\\/de\\\/#website\"},\"datePublished\":\"2026-01-29T12:18:03+00:00\",\"dateModified\":\"2026-04-28T07:52:10+00:00\",\"breadcrumb\":{\"@id\":\"https:\\\/\\\/lapide.com\\\/de\\\/lapide-belgien\\\/#breadcrumb\"},\"inLanguage\":\"de\",\"potentialAction\":[{\"@type\":\"ReadAction\",\"target\":[\"https:\\\/\\\/lapide.com\\\/de\\\/lapide-belgien\\\/\"]}]},{\"@type\":\"BreadcrumbList\",\"@id\":\"https:\\\/\\\/lapide.com\\\/de\\\/lapide-belgien\\\/#breadcrumb\",\"itemListElement\":[{\"@type\":\"ListItem\",\"position\":1,\"name\":\"Home\",\"item\":\"https:\\\/\\\/lapide.com\\\/de\\\/home\\\/\"},{\"@type\":\"ListItem\",\"position\":2,\"name\":\"LAPIDE Belgien\"}]},{\"@type\":\"WebSite\",\"@id\":\"https:\\\/\\\/lapide.com\\\/de\\\/#website\",\"url\":\"https:\\\/\\\/lapide.com\\\/de\\\/\",\"name\":\"Lapide.com\",\"description\":\"Natures Finest\",\"publisher\":{\"@id\":\"https:\\\/\\\/lapide.com\\\/de\\\/#organization\"},\"potentialAction\":[{\"@type\":\"SearchAction\",\"target\":{\"@type\":\"EntryPoint\",\"urlTemplate\":\"https:\\\/\\\/lapide.com\\\/de\\\/?s={search_term_string}\"},\"query-input\":{\"@type\":\"PropertyValueSpecification\",\"valueRequired\":true,\"valueName\":\"search_term_string\"}}],\"inLanguage\":\"de\"},{\"@type\":\"Organization\",\"@id\":\"https:\\\/\\\/lapide.com\\\/de\\\/#organization\",\"name\":\"Lapide.com\",\"url\":\"https:\\\/\\\/lapide.com\\\/de\\\/\",\"logo\":{\"@type\":\"ImageObject\",\"inLanguage\":\"de\",\"@id\":\"https:\\\/\\\/lapide.com\\\/de\\\/#\\\/schema\\\/logo\\\/image\\\/\",\"url\":\"https:\\\/\\\/lapide.com\\\/wp-content\\\/uploads\\\/2026\\\/01\\\/cropped-image_2026-01-19_152612606.png\",\"contentUrl\":\"https:\\\/\\\/lapide.com\\\/wp-content\\\/uploads\\\/2026\\\/01\\\/cropped-image_2026-01-19_152612606.png\",\"width\":1954,\"height\":521,\"caption\":\"Lapide.com\"},\"image\":{\"@id\":\"https:\\\/\\\/lapide.com\\\/de\\\/#\\\/schema\\\/logo\\\/image\\\/\"}}]}<\/script>\n<!-- \/ Yoast SEO plugin. -->","yoast_head_json":{"title":"LAPIDE Belgien - Lapide.com","robots":{"index":"index","follow":"follow","max-snippet":"max-snippet:-1","max-image-preview":"max-image-preview:large","max-video-preview":"max-video-preview:-1"},"canonical":"https:\/\/lapide.com\/de\/lapide-belgien\/","og_locale":"de_DE","og_type":"article","og_title":"LAPIDE Belgien - Lapide.com","og_url":"https:\/\/lapide.com\/de\/lapide-belgien\/","og_site_name":"Lapide.com","article_modified_time":"2026-04-28T07:52:10+00:00","twitter_card":"summary_large_image","schema":{"@context":"https:\/\/schema.org","@graph":[{"@type":"WebPage","@id":"https:\/\/lapide.com\/de\/lapide-belgien\/","url":"https:\/\/lapide.com\/de\/lapide-belgien\/","name":"LAPIDE Belgien - Lapide.com","isPartOf":{"@id":"https:\/\/lapide.com\/de\/#website"},"datePublished":"2026-01-29T12:18:03+00:00","dateModified":"2026-04-28T07:52:10+00:00","breadcrumb":{"@id":"https:\/\/lapide.com\/de\/lapide-belgien\/#breadcrumb"},"inLanguage":"de","potentialAction":[{"@type":"ReadAction","target":["https:\/\/lapide.com\/de\/lapide-belgien\/"]}]},{"@type":"BreadcrumbList","@id":"https:\/\/lapide.com\/de\/lapide-belgien\/#breadcrumb","itemListElement":[{"@type":"ListItem","position":1,"name":"Home","item":"https:\/\/lapide.com\/de\/home\/"},{"@type":"ListItem","position":2,"name":"LAPIDE Belgien"}]},{"@type":"WebSite","@id":"https:\/\/lapide.com\/de\/#website","url":"https:\/\/lapide.com\/de\/","name":"Lapide.com","description":"Natures Finest","publisher":{"@id":"https:\/\/lapide.com\/de\/#organization"},"potentialAction":[{"@type":"SearchAction","target":{"@type":"EntryPoint","urlTemplate":"https:\/\/lapide.com\/de\/?s={search_term_string}"},"query-input":{"@type":"PropertyValueSpecification","valueRequired":true,"valueName":"search_term_string"}}],"inLanguage":"de"},{"@type":"Organization","@id":"https:\/\/lapide.com\/de\/#organization","name":"Lapide.com","url":"https:\/\/lapide.com\/de\/","logo":{"@type":"ImageObject","inLanguage":"de","@id":"https:\/\/lapide.com\/de\/#\/schema\/logo\/image\/","url":"https:\/\/lapide.com\/wp-content\/uploads\/2026\/01\/cropped-image_2026-01-19_152612606.png","contentUrl":"https:\/\/lapide.com\/wp-content\/uploads\/2026\/01\/cropped-image_2026-01-19_152612606.png","width":1954,"height":521,"caption":"Lapide.com"},"image":{"@id":"https:\/\/lapide.com\/de\/#\/schema\/logo\/image\/"}}]}},"_links":{"self":[{"href":"https:\/\/lapide.com\/de\/wp-json\/wp\/v2\/pages\/3809","targetHints":{"allow":["GET"]}}],"collection":[{"href":"https:\/\/lapide.com\/de\/wp-json\/wp\/v2\/pages"}],"about":[{"href":"https:\/\/lapide.com\/de\/wp-json\/wp\/v2\/types\/page"}],"author":[{"embeddable":true,"href":"https:\/\/lapide.com\/de\/wp-json\/wp\/v2\/users\/7"}],"replies":[{"embeddable":true,"href":"https:\/\/lapide.com\/de\/wp-json\/wp\/v2\/comments?post=3809"}],"version-history":[{"count":1,"href":"https:\/\/lapide.com\/de\/wp-json\/wp\/v2\/pages\/3809\/revisions"}],"predecessor-version":[{"id":3810,"href":"https:\/\/lapide.com\/de\/wp-json\/wp\/v2\/pages\/3809\/revisions\/3810"}],"wp:attachment":[{"href":"https:\/\/lapide.com\/de\/wp-json\/wp\/v2\/media?parent=3809"}],"curies":[{"name":"wp","href":"https:\/\/api.w.org\/{rel}","templated":true}]}}