{"id":3811,"date":"2026-01-29T11:03:33","date_gmt":"2026-01-29T11:03:33","guid":{"rendered":"https:\/\/lapide.com\/home\/"},"modified":"2026-04-28T07:56:16","modified_gmt":"2026-04-28T07:56:16","slug":"home","status":"publish","type":"page","link":"https:\/\/lapide.com\/de\/","title":{"rendered":"home"},"content":{"rendered":"<!-- Collections Block -->\n    <section id=\"collections-block_f98c93cd1dcda61488bac0d91a56c728\" class=\"block-collections-grid\">\n        <div class=\"block-inner\">\n            <div class=\"container medium block-content\">\n                                    <div class=\"collections-grid__title reveal-slide-up\">\n                        <h1>UNSERE <em>Kollektionen<\/em><\/h1>\n                    <\/div>\n                \n                                    <a href=\"https:\/\/lapide.com\/de\/lapide-bricks\/\" target=\"_self\" class=\"card-collection reveal-scale reveal-delay-1\">\n\n                                                    <div class=\"card-collection__bg\">\n                                <img decoding=\"async\" src=\"https:\/\/lapide.com\/wp-content\/uploads\/2026\/02\/LAPIDE-Bricks.jpg\"\n                                    alt=\"\"\n                                    loading=\"lazy\"\n                                    draggable=\"false\">\n                            <\/div>\n                        \n                        <div class=\"card-collection__overlay\">\n                                                            <div class=\"card-collection__title\">\n                                    <h2>LAPIDE<br \/>\n<em>Bricks<\/em><\/h2>\n                                <\/div>\n                            \n                            <div class=\"btn-swap\">\n                                <span class=\"btn-swap-text primary\">\n                                    Lassen Sie sich inspirieren                                <\/span>\n                                <span class=\"btn-swap-text hover\">\n                                    Mehr Informationen                                <\/span>\n                            <\/div>\n                        <\/div>\n                    <\/a>\n                                    <a href=\"https:\/\/lapide.com\/de\/lapide-rocks\/\" target=\"_self\" class=\"card-collection reveal-scale reveal-delay-2\">\n\n                                                    <div class=\"card-collection__bg\">\n                                <img decoding=\"async\" src=\"https:\/\/lapide.com\/wp-content\/uploads\/2026\/02\/LAPIDE-Rocks-22.jpg\"\n                                    alt=\"\"\n                                    loading=\"lazy\"\n                                    draggable=\"false\">\n                            <\/div>\n                        \n                        <div class=\"card-collection__overlay\">\n                                                            <div class=\"card-collection__title\">\n                                    <h2>LAPIDE<br \/>\n<em>Rocks<\/em><\/h2>\n                                <\/div>\n                            \n                            <div class=\"btn-swap\">\n                                <span class=\"btn-swap-text primary\">\n                                    Lassen Sie sich inspirieren                                <\/span>\n                                <span class=\"btn-swap-text hover\">\n                                    Mehr Informationen                                <\/span>\n                            <\/div>\n                        <\/div>\n                    <\/a>\n                                    <a href=\"https:\/\/lapide.com\/de\/lapide-tiles\/\" target=\"_self\" class=\"card-collection reveal-scale reveal-delay-3\">\n\n                                                    <div class=\"card-collection__bg\">\n                                <img decoding=\"async\" src=\"https:\/\/lapide.com\/wp-content\/uploads\/2026\/02\/LAPIDE-Tiles-8.jpg\"\n                                    alt=\"\"\n                                    loading=\"lazy\"\n                                    draggable=\"false\">\n                            <\/div>\n                        \n                        <div class=\"card-collection__overlay\">\n                                                            <div class=\"card-collection__title\">\n                                    <h2>LAPIDE<br \/>\n<em>Tiles<\/em><\/h2>\n                                <\/div>\n                            \n                            <div class=\"btn-swap\">\n                                <span class=\"btn-swap-text primary\">\n                                    Lassen Sie sich inspirieren                                <\/span>\n                                <span class=\"btn-swap-text hover\">\n                                    Mehr Informationen                                <\/span>\n                            <\/div>\n                        <\/div>\n                    <\/a>\n                                    <a href=\"https:\/\/lapide.com\/de\/lapide-pavers\/\" target=\"_self\" class=\"card-collection reveal-scale reveal-delay-4\">\n\n                                                    <div class=\"card-collection__bg\">\n                                <img decoding=\"async\" src=\"https:\/\/lapide.com\/wp-content\/uploads\/2026\/02\/LAPIDE-Pavers-28.jpg\"\n                                    alt=\"\"\n                                    loading=\"lazy\"\n                                    draggable=\"false\">\n                            <\/div>\n                        \n                        <div class=\"card-collection__overlay\">\n                                                            <div class=\"card-collection__title\">\n                                    <h2>LAPIDE<br \/>\n<em>Pavers<\/em><\/h2>\n                                <\/div>\n                            \n                            <div class=\"btn-swap\">\n                                <span class=\"btn-swap-text primary\">\n                                    Lassen Sie sich inspirieren                                <\/span>\n                                <span class=\"btn-swap-text hover\">\n                                    Mehr Informationen                                <\/span>\n                            <\/div>\n                        <\/div>\n                    <\/a>\n                            <\/div>\n        <\/div>\n    <\/section>\n<!-- \/block-collections-grid -->\n<section id=\"hero-section-block_c0a9dab2a952560213c583c49db85846\" class=\"block-img-bg-wide\" style=\"background-image: url('https:\/\/lapide.com\/wp-content\/uploads\/2026\/02\/Ohrid-16.jpg');\">\n    <div class=\"block-bg\"><\/div>\n    <div class=\"block-inner\">\n        <div class=\"block-content container container-small\">\n            <div class=\"hero__content\">\n                                    <div class=\"hero__title reveal-slide-up\">\n                        <h2>Nature&#8217;s <em>finest<\/em><\/h2>\n                    <\/div>\n                \n                                    <div class=\"hero__intro reveal-fade reveal-delay-1\">\n                        Aus der rohen Sch\u00f6nheit der Erde gefertigt, erz\u00e4hlen unsere Natursteine Geschichten durch Textur, Licht und zeitloses Design. Bei LAPIDE vereinen sich Natur und Handwerkskunst, um Architekturmaterialien mit stiller St\u00e4rke und dauerhafter Pr\u00e4senz zu schaffen.                     <\/div>\n                \n                                        <div class=\"hero__action reveal-slide-up reveal-delay-2\">\n                                                        <a href=\"https:\/\/lapide.com\/de\/uber-uns\/\"\n                                target=\"_self\"\n                                class=\"btn-grow\">\n                                <span>\u00dcber uns<\/span>\n                            <\/a>\n                        <\/div>\n                                                <\/div>\n\n                            <div class=\"hero__usps-wrapper\">\n                    <div class=\"hero__usps\">\n                                                    <div class=\"hero__usp-item reveal-slide-up reveal-delay-1\">\n                                100% Authentic                            <\/div>\n                                                    <div class=\"hero__usp-item reveal-slide-up reveal-delay-2\">\n                                100% Nature\u2019s product                            <\/div>\n                                                    <div class=\"hero__usp-item reveal-slide-up reveal-delay-3\">\n                                100% Customization                            <\/div>\n                                            <\/div>\n                <\/div>\n                    <\/div>\n    <\/div>\n<\/section>\n<!-- \/block-hero-section -->\r\n<div id=\"media-text-block_90625c3ab7e7a78e09b37d020d424c2f\" class=\"block block-img-text-wide  \">\r\n    <div class=\"block-inner container\">\r\n        <div class=\"block-content media-text__wrapper\">\r\n\r\n                            <div class=\"media-text__col media-text__col--image reveal-slide-right\">\r\n                    <figure class=\"media-text__figure\">\r\n                        <img decoding=\"async\" src=\"https:\/\/lapide.com\/wp-content\/uploads\/2026\/02\/LAPIDE-Bricks-7.jpg\"\r\n                            alt=\"home\"\r\n                            class=\"media-text__img\"\r\n                            draggable=\"false\"\r\n                            loading=\"lazy\">\r\n\r\n                                            <\/figure>\r\n                <\/div>\r\n            \r\n            <div class=\"media-text__col media-text__col--content bg--white\">\r\n                <div class=\"media-text__inner\">\r\n\r\n                                            <div class=\"media-text__title reveal-slide-up\">\r\n                            <h2>LAPIDE <em>Bricks\u00ae<\/em><\/h2>\n                        <\/div>\r\n                    \r\n                                            <div class=\"media-text__description reveal-fade reveal-delay-1\">\r\n                            Klare Linien treffen auf rohe Eleganz. LAPIDE Bricks verbinden die nat\u00fcrliche Tiefe des Steins mit architektonischem Rhythmus und sind damit ideal f\u00fcr moderne Fassaden oder rustikale Texturen mit verfeinerter Kante.                         <\/div>\r\n                    \r\n                                            <div class=\"media-text__action reveal-slide-up reveal-delay-2\">\r\n                                                        <a href=\"https:\/\/lapide.com\/de\/lapide-bricks\/\"\r\n                                class=\"btn-swap\"\r\n                                target=\"_self\">\r\n\r\n                                <span class=\"btn-swap-text primary\">\r\n                                    Lassen Sie sich inspirieren                                <\/span>\r\n\r\n                                <span class=\"btn-swap-text hover\">\r\n                                    Mehr Informationen                                <\/span>\r\n                            <\/a>\r\n                        <\/div>\r\n                    \r\n                <\/div>\r\n            <\/div>\r\n\r\n            \r\n        <\/div>\r\n    <\/div>\r\n<\/div>\r\n<!-- \/block-img-text-wide -->\r\n<div id=\"media-text-block_7de4415f54acd67b2ae6035aa001be89\" class=\"block block-img-text-wide block-img-text-wide--reverse \">\r\n    <div class=\"block-inner container\">\r\n        <div class=\"block-content media-text__wrapper\">\r\n\r\n            \r\n            <div class=\"media-text__col media-text__col--content bg--beige\">\r\n                <div class=\"media-text__inner\">\r\n\r\n                                            <div class=\"media-text__title reveal-slide-up\">\r\n                            <h2>LAPIDE <em>Rocks<\/em><\/h2>\n                        <\/div>\r\n                    \r\n                                            <div class=\"media-text__description reveal-fade reveal-delay-1\">\r\n                            Organisch und ausdrucksstark schaffen LAPIDE Rocks k\u00fchne Fassaden voller Bewegung und Unregelm\u00e4\u00dfigkeit. Jede Oberfl\u00e4che wird zum Statement: roh, mediterran und tief in der Natur verwurzelt.                         <\/div>\r\n                    \r\n                                            <div class=\"media-text__action reveal-slide-up reveal-delay-2\">\r\n                                                        <a href=\"https:\/\/lapide.com\/de\/lapide-rocks\/\"\r\n                                class=\"btn-swap\"\r\n                                target=\"_self\">\r\n\r\n                                <span class=\"btn-swap-text primary\">\r\n                                    Lassen Sie sich inspirieren                                <\/span>\r\n\r\n                                <span class=\"btn-swap-text hover\">\r\n                                    Mehr Informationen                                <\/span>\r\n                            <\/a>\r\n                        <\/div>\r\n                    \r\n                <\/div>\r\n            <\/div>\r\n\r\n                            <div class=\"media-text__col media-text__col--image reveal-slide-left\">\r\n                    <figure class=\"media-text__figure\">\r\n                        <img decoding=\"async\" src=\"https:\/\/lapide.com\/wp-content\/uploads\/2026\/02\/LAPIDE-Rocks-8.jpg\"\r\n                            alt=\"home\"\r\n                            class=\"media-text__img\"\r\n                            draggable=\"false\"\r\n                            loading=\"lazy\">\r\n\r\n                                            <\/figure>\r\n                <\/div>\r\n            \r\n        <\/div>\r\n    <\/div>\r\n<\/div>\r\n<!-- \/block-img-text-wide -->\r\n<div id=\"media-text-block_337741956608d7bc0999690757234a34\" class=\"block block-img-text-wide  \">\r\n    <div class=\"block-inner container\">\r\n        <div class=\"block-content media-text__wrapper\">\r\n\r\n                            <div class=\"media-text__col media-text__col--image reveal-slide-right\">\r\n                    <figure class=\"media-text__figure\">\r\n                        <img decoding=\"async\" src=\"https:\/\/lapide.com\/wp-content\/uploads\/2026\/02\/LAPIDE-Tiles.jpg\"\r\n                            alt=\"home\"\r\n                            class=\"media-text__img\"\r\n                            draggable=\"false\"\r\n                            loading=\"lazy\">\r\n\r\n                                            <\/figure>\r\n                <\/div>\r\n            \r\n            <div class=\"media-text__col media-text__col--content bg--white\">\r\n                <div class=\"media-text__inner\">\r\n\r\n                                            <div class=\"media-text__title reveal-slide-up\">\r\n                            <h2>LAPIDE <em>Tiles<\/em><\/h2>\n                        <\/div>\r\n                    \r\n                                            <div class=\"media-text__description reveal-fade reveal-delay-1\">\r\n                            Von au\u00dfen nach innen bieten LAPIDE Tiles nahtlose \u00dcberg\u00e4nge. Mit verschiedenen Oberfl\u00e4chen und Formaten bringen sie taktile Verfeinerung und visuelle Ruhe auf B\u00f6den, W\u00e4nde und Terrassen.                         <\/div>\r\n                    \r\n                                            <div class=\"media-text__action reveal-slide-up reveal-delay-2\">\r\n                                                        <a href=\"https:\/\/lapide.com\/de\/lapide-tiles\/\"\r\n                                class=\"btn-swap\"\r\n                                target=\"_self\">\r\n\r\n                                <span class=\"btn-swap-text primary\">\r\n                                    Lassen Sie sich inspirieren                                <\/span>\r\n\r\n                                <span class=\"btn-swap-text hover\">\r\n                                    Mehr Informationen                                <\/span>\r\n                            <\/a>\r\n                        <\/div>\r\n                    \r\n                <\/div>\r\n            <\/div>\r\n\r\n            \r\n        <\/div>\r\n    <\/div>\r\n<\/div>\r\n<!-- \/block-img-text-wide -->\r\n<div id=\"media-text-block_c29171ad7cf53b6209fee56b0991c5ba\" class=\"block block-img-text-wide block-img-text-wide--reverse \">\r\n    <div class=\"block-inner container\">\r\n        <div class=\"block-content media-text__wrapper\">\r\n\r\n            \r\n            <div class=\"media-text__col media-text__col--content bg--beige\">\r\n                <div class=\"media-text__inner\">\r\n\r\n                                            <div class=\"media-text__title reveal-slide-up\">\r\n                            <h2>LAPIDE <em>Pavers<\/em><\/h2>\n                        <\/div>\r\n                    \r\n                                            <div class=\"media-text__description reveal-fade reveal-delay-1\">\r\n                            LAPIDE Pavers sind daf\u00fcr gemacht, Au\u00dfenwege und Terrassen mit stiller Eleganz zu gestalten. W\u00e4hlen Sie zwischen zeitlosen Mustern wie Fischgr\u00e4t oder modularen Bl\u00f6cken mit rustikalen Texturen oder verfeinerten, ges\u00e4gten Oberfl\u00e4chen. Stets in nat\u00fcrlicher Harmonie.                          <\/div>\r\n                    \r\n                                            <div class=\"media-text__action reveal-slide-up reveal-delay-2\">\r\n                                                        <a href=\"https:\/\/lapide.com\/de\/lapide-pavers\/\"\r\n                                class=\"btn-swap\"\r\n                                target=\"_self\">\r\n\r\n                                <span class=\"btn-swap-text primary\">\r\n                                    Lassen Sie sich inspirieren                                <\/span>\r\n\r\n                                <span class=\"btn-swap-text hover\">\r\n                                    Mehr Informationen                                <\/span>\r\n                            <\/a>\r\n                        <\/div>\r\n                    \r\n                <\/div>\r\n            <\/div>\r\n\r\n                            <div class=\"media-text__col media-text__col--image reveal-slide-left\">\r\n                    <figure class=\"media-text__figure\">\r\n                        <img decoding=\"async\" src=\"https:\/\/lapide.com\/wp-content\/uploads\/2026\/02\/Lapide-Pavers-2.jpg\"\r\n                            alt=\"home\"\r\n                            class=\"media-text__img\"\r\n                            draggable=\"false\"\r\n                            loading=\"lazy\">\r\n\r\n                                            <\/figure>\r\n                <\/div>\r\n            \r\n        <\/div>\r\n    <\/div>\r\n<\/div>\r\n<!-- \/block-img-text-wide -->\n<section id=\"hero-cta-block_0d1cf1738838f6188e37a6dc1c9fde74\" class=\"block-hero-cta\"  style=\"background-image: url('https:\/\/lapide.com\/wp-content\/uploads\/2026\/02\/DSC09756.jpg');\">\n    <div class=\"block-bg\"><\/div>\n    <div class=\"block-inner container container-small\">\n        <div class=\"block-content hero-cta__content\">\n                            <div class=\"hero-cta__title reveal-slide-up\">\n                    <h1>CO-CREATED WITH YOU<\/h1>\n                <\/div>\n            \n                            <div class=\"hero-cta__action reveal-slide-up reveal-delay-1\">\n                                        <a href=\"https:\/\/lapide.com\/de\/lapide-studio\/\"\n                        class=\"btn-grow\"\n                        target=\"_self\">\n                                                <span>Mehr Informationen<\/span>\n                    <\/a>\n                <\/div>\n            \n        <\/div>\n    <\/div>\n            <div class=\"hero-cta__footer reveal-fade reveal-delay-2\">\n            <div class=\"hero-cta__label\">\n                <h2>LAPIDE <em>Studio<\/em><\/h2>\n            <\/div>\n        <\/div>\n    <\/section>\n<!-- \/block-hero-cta -->\n<section class=\"block-cta\">\n    <div class=\"block-inner container container-small\">\n        <div class=\"block-content\">\n                            <div class=\"get-in-touch__text text-width-small reveal-fade\">\n                    <h2>Get in touch to explore <em>nature&#8217;s finest<\/em><\/h2>\n                <\/div>\n            \n                                <div class=\"get-in-touch__button\">\n                        <a href=\"https:\/\/lapide.com\/de\/kontakt\/\"\n                            target=\"_self\"\n                            class=\"btn-grow reveal-slide-up reveal-delay-1\">\n                            <span>Kontakt<\/span>\n                        <\/a>\n                    <\/div>\n                                    <\/div>\n    <\/div>\n<\/section>\n<!-- \/block-get-in-touch -->","protected":false},"excerpt":{"rendered":"","protected":false},"author":7,"featured_media":0,"parent":0,"menu_order":0,"comment_status":"closed","ping_status":"closed","template":"front-page.php","meta":{"_acf_changed":false,"footnotes":""},"class_list":["post-3811","page","type-page","status-publish","hentry"],"acf":[],"yoast_head":"<!-- This site is optimized with the Yoast SEO plugin v27.4 - https:\/\/yoast.com\/product\/yoast-seo-wordpress\/ -->\n<title>home - Lapide.com<\/title>\n<meta name=\"robots\" content=\"index, follow, max-snippet:-1, max-image-preview:large, max-video-preview:-1\" \/>\n<link rel=\"canonical\" href=\"https:\/\/lapide.com\/de\/\" \/>\n<meta property=\"og:locale\" content=\"de_DE\" \/>\n<meta property=\"og:type\" content=\"article\" \/>\n<meta property=\"og:title\" content=\"home - Lapide.com\" \/>\n<meta property=\"og:url\" content=\"https:\/\/lapide.com\/de\/\" \/>\n<meta property=\"og:site_name\" content=\"Lapide.com\" \/>\n<meta property=\"article:modified_time\" content=\"2026-04-28T07:56:16+00:00\" \/>\n<meta name=\"twitter:card\" content=\"summary_large_image\" \/>\n<script type=\"application\/ld+json\" class=\"yoast-schema-graph\">{\"@context\":\"https:\\\/\\\/schema.org\",\"@graph\":[{\"@type\":\"WebPage\",\"@id\":\"https:\\\/\\\/lapide.com\\\/de\\\/\",\"url\":\"https:\\\/\\\/lapide.com\\\/de\\\/\",\"name\":\"home - Lapide.com\",\"isPartOf\":{\"@id\":\"https:\\\/\\\/lapide.com\\\/de\\\/#website\"},\"datePublished\":\"2026-01-29T11:03:33+00:00\",\"dateModified\":\"2026-04-28T07:56:16+00:00\",\"breadcrumb\":{\"@id\":\"https:\\\/\\\/lapide.com\\\/de\\\/#breadcrumb\"},\"inLanguage\":\"de\",\"potentialAction\":[{\"@type\":\"ReadAction\",\"target\":[\"https:\\\/\\\/lapide.com\\\/de\\\/\"]}]},{\"@type\":\"BreadcrumbList\",\"@id\":\"https:\\\/\\\/lapide.com\\\/de\\\/#breadcrumb\",\"itemListElement\":[{\"@type\":\"ListItem\",\"position\":1,\"name\":\"Home\",\"item\":\"https:\\\/\\\/lapide.com\\\/de\\\/home\\\/\"},{\"@type\":\"ListItem\",\"position\":2,\"name\":\"home\"}]},{\"@type\":\"WebSite\",\"@id\":\"https:\\\/\\\/lapide.com\\\/de\\\/#website\",\"url\":\"https:\\\/\\\/lapide.com\\\/de\\\/\",\"name\":\"Lapide.com\",\"description\":\"Natures Finest\",\"publisher\":{\"@id\":\"https:\\\/\\\/lapide.com\\\/de\\\/#organization\"},\"potentialAction\":[{\"@type\":\"SearchAction\",\"target\":{\"@type\":\"EntryPoint\",\"urlTemplate\":\"https:\\\/\\\/lapide.com\\\/de\\\/?s={search_term_string}\"},\"query-input\":{\"@type\":\"PropertyValueSpecification\",\"valueRequired\":true,\"valueName\":\"search_term_string\"}}],\"inLanguage\":\"de\"},{\"@type\":\"Organization\",\"@id\":\"https:\\\/\\\/lapide.com\\\/de\\\/#organization\",\"name\":\"Lapide.com\",\"url\":\"https:\\\/\\\/lapide.com\\\/de\\\/\",\"logo\":{\"@type\":\"ImageObject\",\"inLanguage\":\"de\",\"@id\":\"https:\\\/\\\/lapide.com\\\/de\\\/#\\\/schema\\\/logo\\\/image\\\/\",\"url\":\"https:\\\/\\\/lapide.com\\\/wp-content\\\/uploads\\\/2026\\\/01\\\/cropped-image_2026-01-19_152612606.png\",\"contentUrl\":\"https:\\\/\\\/lapide.com\\\/wp-content\\\/uploads\\\/2026\\\/01\\\/cropped-image_2026-01-19_152612606.png\",\"width\":1954,\"height\":521,\"caption\":\"Lapide.com\"},\"image\":{\"@id\":\"https:\\\/\\\/lapide.com\\\/de\\\/#\\\/schema\\\/logo\\\/image\\\/\"}}]}<\/script>\n<!-- \/ Yoast SEO plugin. -->","yoast_head_json":{"title":"home - Lapide.com","robots":{"index":"index","follow":"follow","max-snippet":"max-snippet:-1","max-image-preview":"max-image-preview:large","max-video-preview":"max-video-preview:-1"},"canonical":"https:\/\/lapide.com\/de\/","og_locale":"de_DE","og_type":"article","og_title":"home - Lapide.com","og_url":"https:\/\/lapide.com\/de\/","og_site_name":"Lapide.com","article_modified_time":"2026-04-28T07:56:16+00:00","twitter_card":"summary_large_image","schema":{"@context":"https:\/\/schema.org","@graph":[{"@type":"WebPage","@id":"https:\/\/lapide.com\/de\/","url":"https:\/\/lapide.com\/de\/","name":"home - Lapide.com","isPartOf":{"@id":"https:\/\/lapide.com\/de\/#website"},"datePublished":"2026-01-29T11:03:33+00:00","dateModified":"2026-04-28T07:56:16+00:00","breadcrumb":{"@id":"https:\/\/lapide.com\/de\/#breadcrumb"},"inLanguage":"de","potentialAction":[{"@type":"ReadAction","target":["https:\/\/lapide.com\/de\/"]}]},{"@type":"BreadcrumbList","@id":"https:\/\/lapide.com\/de\/#breadcrumb","itemListElement":[{"@type":"ListItem","position":1,"name":"Home","item":"https:\/\/lapide.com\/de\/home\/"},{"@type":"ListItem","position":2,"name":"home"}]},{"@type":"WebSite","@id":"https:\/\/lapide.com\/de\/#website","url":"https:\/\/lapide.com\/de\/","name":"Lapide.com","description":"Natures Finest","publisher":{"@id":"https:\/\/lapide.com\/de\/#organization"},"potentialAction":[{"@type":"SearchAction","target":{"@type":"EntryPoint","urlTemplate":"https:\/\/lapide.com\/de\/?s={search_term_string}"},"query-input":{"@type":"PropertyValueSpecification","valueRequired":true,"valueName":"search_term_string"}}],"inLanguage":"de"},{"@type":"Organization","@id":"https:\/\/lapide.com\/de\/#organization","name":"Lapide.com","url":"https:\/\/lapide.com\/de\/","logo":{"@type":"ImageObject","inLanguage":"de","@id":"https:\/\/lapide.com\/de\/#\/schema\/logo\/image\/","url":"https:\/\/lapide.com\/wp-content\/uploads\/2026\/01\/cropped-image_2026-01-19_152612606.png","contentUrl":"https:\/\/lapide.com\/wp-content\/uploads\/2026\/01\/cropped-image_2026-01-19_152612606.png","width":1954,"height":521,"caption":"Lapide.com"},"image":{"@id":"https:\/\/lapide.com\/de\/#\/schema\/logo\/image\/"}}]}},"_links":{"self":[{"href":"https:\/\/lapide.com\/de\/wp-json\/wp\/v2\/pages\/3811","targetHints":{"allow":["GET"]}}],"collection":[{"href":"https:\/\/lapide.com\/de\/wp-json\/wp\/v2\/pages"}],"about":[{"href":"https:\/\/lapide.com\/de\/wp-json\/wp\/v2\/types\/page"}],"author":[{"embeddable":true,"href":"https:\/\/lapide.com\/de\/wp-json\/wp\/v2\/users\/7"}],"replies":[{"embeddable":true,"href":"https:\/\/lapide.com\/de\/wp-json\/wp\/v2\/comments?post=3811"}],"version-history":[{"count":1,"href":"https:\/\/lapide.com\/de\/wp-json\/wp\/v2\/pages\/3811\/revisions"}],"predecessor-version":[{"id":3812,"href":"https:\/\/lapide.com\/de\/wp-json\/wp\/v2\/pages\/3811\/revisions\/3812"}],"wp:attachment":[{"href":"https:\/\/lapide.com\/de\/wp-json\/wp\/v2\/media?parent=3811"}],"curies":[{"name":"wp","href":"https:\/\/api.w.org\/{rel}","templated":true}]}}