{"id":3817,"date":"2026-01-29T12:30:50","date_gmt":"2026-01-29T12:30:50","guid":{"rendered":"https:\/\/lapide.com\/kontakt\/"},"modified":"2026-04-28T08:00:45","modified_gmt":"2026-04-28T08:00:45","slug":"kontakt","status":"publish","type":"page","link":"https:\/\/lapide.com\/de\/kontakt\/","title":{"rendered":"Kontakt"},"content":{"rendered":"    <section class=\"block-breadcrumbs\">\r\n        <div class=\"block-inner\">\r\n            <div class=\"block-content breadcrumb-container\">\r\n                <div class=\"breadcrumb-wrapper\">\r\n                    \r\n                            <a href=\"https:\/\/lapide.com\/de\/\"\r\n                                target=\"_self\"\r\n                                class=\"breadcrumb-link is-standard\">\r\n                                home                            <\/a>\r\n\r\n                                                            <span class=\"breadcrumb-separator\">\/<\/span>\r\n                            \r\n                    \r\n                            <a href=\"https:\/\/lapide.com\/de\/kontakt\/\"\r\n                                target=\"_self\"\r\n                                class=\"breadcrumb-link is-last\">\r\n                                Kontakt                            <\/a>\r\n\r\n                            \r\n                                    <\/div>\r\n            <\/div>\r\n        <\/div>\r\n    <\/section>\r\n<!-- \/block-breacdrumbs -->\r\n<section class=\"block-intro-cta-img\">\r\n    <div class=\"block-inner cta-grid-wrapper\">\r\n        <div class=\"block-content cta-grid-content-wrapper\">\r\n            <div class=\"container container-small\">\r\n                                    <div class=\"cta-grid-title reveal-slide-up\">\r\n                        <h1>BEREIT, EIN PROJEKT<br \/>ZU STARTEN<\/h1>\n<h1><em>gemeinsam?<\/em><\/h1>\n                    <\/div>\r\n                \r\n                <div class=\"cta-grid-content\">\r\n                                            <div class=\"cta-grid-text reveal-fade reveal-delay-1\">\r\n                            <p>Lassen Sie uns erkunden, wie Naturstein Ihr Projekt bereichern kann. Ob Architekt, Designer oder Privatkunde \u2013 wir beraten, kollaborieren oder besuchen Sie gerne vor Ort. <\/p>\n                        <\/div>\r\n                    \r\n                    <div class=\"cta-grid-actions reveal-slide-up reveal-delay-2\">\r\n                                                                                <a href=\"https:\/\/lapide.com\/de\/angebot\/\"\r\n                                class=\"btn btn-grow btn-grow--beige\"\r\n                                target=\"_self\">\r\n                                <span>Angebot anfordern<\/span>\r\n                            <\/a>\r\n                        \r\n                                                                                <a href=\"mailto:info@lapide.com\"\r\n                                class=\"btn btn-grow btn-grow--white\"\r\n                                target=\"_self\">\r\n                                <span>info@lapide.com<\/span>\r\n                            <\/a>\r\n                                            <\/div>\r\n                <\/div>\r\n            <\/div>\r\n        <\/div>\r\n\r\n        <div class=\"cta-grid-visual reveal-fade reveal-delay-1\">\r\n                            <img decoding=\"async\" width=\"2000\" height=\"1333\" src=\"https:\/\/lapide.com\/wp-content\/uploads\/2026\/02\/DSC09756.jpg\" class=\"cta-grid-img\" alt=\"\" draggable=\"false\" loading=\"lazy\" srcset=\"https:\/\/lapide.com\/wp-content\/uploads\/2026\/02\/DSC09756.jpg 2000w, https:\/\/lapide.com\/wp-content\/uploads\/2026\/02\/DSC09756-300x200.jpg 300w, https:\/\/lapide.com\/wp-content\/uploads\/2026\/02\/DSC09756-1024x682.jpg 1024w, https:\/\/lapide.com\/wp-content\/uploads\/2026\/02\/DSC09756-768x512.jpg 768w, https:\/\/lapide.com\/wp-content\/uploads\/2026\/02\/DSC09756-1536x1024.jpg 1536w\" sizes=\"auto, (max-width: 2000px) 100vw, 2000px\" \/>                    <\/div>\r\n    <\/div>\r\n<\/section>\r\n<!-- \/block-intro-cta-img -->\n<section class=\"block-address-grid\">\n    <div class=\"block-inner container $container-medium\">\n                    <div class=\"block-content address-grid-wrapper\">\n\n                                    <div class=\"address-card reveal-fade reveal-delay-1\">\n                        <div class=\"address-card-inner\">\n\n                            <div class=\"address-info-column\">\n                                                                    <span class=\"address-label\">LAPIDE Niederlande<\/span>\n                                \n                                                                    <div class=\"address-text\">\n                                        Und internationale Anfragen.<br \/>\r\nZuideropgaande 46A<br \/>\r\n7913TN Hollandscheveld                                    <\/div>\n                                \n                                <div class=\"address-contact-links\">\n                                                                            <a href=\"mailto:&#105;&#110;&#102;&#111;&#64;l&#97;&#112;&#105;&#100;&#101;&#46;&#99;o&#109;\" class=\"address-link\">\n                                            info@lapide.com                                        <\/a>\n                                    \n                                                                            <a href=\"tel:+31851110550\" class=\"address-link\">\n                                            +31 851110550                                        <\/a>\n                                                                    <\/div>\n\n                                                                    <div class=\"address-button-wrapper\">\n                                                                                <a href=\"https:\/\/lapide.com\/de\/lapide-niederlande\/\"\n                                            class=\"btn btn-grow btn-grow--address\"\n                                            target=\"_self\">\n                                            <span>Mehr Informationen<\/span>\n                                        <\/a>\n                                    <\/div>\n                                                            <\/div>\n\n                            <div class=\"address-desc-column\">\n                                                                    <div class=\"address-description\">\n                                        In den Niederlanden wird LAPIDE von NG Bouwen met Natuursteen und seinem Showroom-Netzwerk vertreten. Wir hei\u00dfen Sie gerne zu einem Besuch willkommen oder treffen Sie auf Ihrer Baustelle f\u00fcr eine ma\u00dfgeschneiderte Beratung.                                     <\/div>\n                                                            <\/div>\n\n                        <\/div>\n                    <\/div>\n                                    <div class=\"address-card reveal-fade reveal-delay-2\">\n                        <div class=\"address-card-inner\">\n\n                            <div class=\"address-info-column\">\n                                                                    <span class=\"address-label\">LAPIDE Belgien<\/span>\n                                \n                                                                    <div class=\"address-text\">\n                                        Belgien und Luxemburg.<br \/>\r\n                                    <\/div>\n                                \n                                <div class=\"address-contact-links\">\n                                                                            <a href=\"mailto:joris&#64;l&#97;p&#105;&#100;e.&#99;&#111;m\" class=\"address-link\">\n                                            joris@lapide.com                                        <\/a>\n                                    \n                                                                            <a href=\"tel:+32498664313\" class=\"address-link\">\n                                            +32 498 66 43 13                                        <\/a>\n                                                                    <\/div>\n\n                                                                    <div class=\"address-button-wrapper\">\n                                                                                <a href=\"https:\/\/lapide.com\/de\/lapide-belgien\/\"\n                                            class=\"btn btn-grow btn-grow--address\"\n                                            target=\"_self\">\n                                            <span>Mehr Informationen<\/span>\n                                        <\/a>\n                                    <\/div>\n                                                            <\/div>\n\n                            <div class=\"address-desc-column\">\n                                                                    <div class=\"address-description\">\n                                        Mit Sitz in Belgien ist Joris Verelst Ihr lokaler Experte, der Ihnen bei der Auswahl des perfekten Fassadensteins, der Fliese oder des Pflastersteins hilft. Nehmen Sie Kontakt auf, um einen Termin zu vereinbaren \u2013 derzeit nur vor Ort bei Ihrem Architekten oder auf der Baustelle verf\u00fcgbar.                                     <\/div>\n                                                            <\/div>\n\n                        <\/div>\n                    <\/div>\n                \n            <\/div>\n            <\/div>\n<\/section>\n<!-- \/block-address-grid -->","protected":false},"excerpt":{"rendered":"","protected":false},"author":7,"featured_media":0,"parent":0,"menu_order":0,"comment_status":"closed","ping_status":"closed","template":"","meta":{"_acf_changed":false,"footnotes":""},"class_list":["post-3817","page","type-page","status-publish","hentry"],"acf":[],"yoast_head":"<!-- This site is optimized with the Yoast SEO plugin v27.4 - https:\/\/yoast.com\/product\/yoast-seo-wordpress\/ -->\n<title>Kontakt - Lapide.com<\/title>\n<meta name=\"robots\" content=\"index, follow, max-snippet:-1, max-image-preview:large, max-video-preview:-1\" \/>\n<link rel=\"canonical\" href=\"https:\/\/lapide.com\/de\/kontakt\/\" \/>\n<meta property=\"og:locale\" content=\"de_DE\" \/>\n<meta property=\"og:type\" content=\"article\" \/>\n<meta property=\"og:title\" content=\"Kontakt - Lapide.com\" \/>\n<meta property=\"og:url\" content=\"https:\/\/lapide.com\/de\/kontakt\/\" \/>\n<meta property=\"og:site_name\" content=\"Lapide.com\" \/>\n<meta property=\"article:modified_time\" content=\"2026-04-28T08:00:45+00:00\" \/>\n<meta name=\"twitter:card\" content=\"summary_large_image\" \/>\n<script type=\"application\/ld+json\" class=\"yoast-schema-graph\">{\"@context\":\"https:\\\/\\\/schema.org\",\"@graph\":[{\"@type\":\"WebPage\",\"@id\":\"https:\\\/\\\/lapide.com\\\/de\\\/kontakt\\\/\",\"url\":\"https:\\\/\\\/lapide.com\\\/de\\\/kontakt\\\/\",\"name\":\"Kontakt - Lapide.com\",\"isPartOf\":{\"@id\":\"https:\\\/\\\/lapide.com\\\/de\\\/#website\"},\"datePublished\":\"2026-01-29T12:30:50+00:00\",\"dateModified\":\"2026-04-28T08:00:45+00:00\",\"breadcrumb\":{\"@id\":\"https:\\\/\\\/lapide.com\\\/de\\\/kontakt\\\/#breadcrumb\"},\"inLanguage\":\"de\",\"potentialAction\":[{\"@type\":\"ReadAction\",\"target\":[\"https:\\\/\\\/lapide.com\\\/de\\\/kontakt\\\/\"]}]},{\"@type\":\"BreadcrumbList\",\"@id\":\"https:\\\/\\\/lapide.com\\\/de\\\/kontakt\\\/#breadcrumb\",\"itemListElement\":[{\"@type\":\"ListItem\",\"position\":1,\"name\":\"Home\",\"item\":\"https:\\\/\\\/lapide.com\\\/de\\\/home\\\/\"},{\"@type\":\"ListItem\",\"position\":2,\"name\":\"Kontakt\"}]},{\"@type\":\"WebSite\",\"@id\":\"https:\\\/\\\/lapide.com\\\/de\\\/#website\",\"url\":\"https:\\\/\\\/lapide.com\\\/de\\\/\",\"name\":\"Lapide.com\",\"description\":\"Natures Finest\",\"publisher\":{\"@id\":\"https:\\\/\\\/lapide.com\\\/de\\\/#organization\"},\"potentialAction\":[{\"@type\":\"SearchAction\",\"target\":{\"@type\":\"EntryPoint\",\"urlTemplate\":\"https:\\\/\\\/lapide.com\\\/de\\\/?s={search_term_string}\"},\"query-input\":{\"@type\":\"PropertyValueSpecification\",\"valueRequired\":true,\"valueName\":\"search_term_string\"}}],\"inLanguage\":\"de\"},{\"@type\":\"Organization\",\"@id\":\"https:\\\/\\\/lapide.com\\\/de\\\/#organization\",\"name\":\"Lapide.com\",\"url\":\"https:\\\/\\\/lapide.com\\\/de\\\/\",\"logo\":{\"@type\":\"ImageObject\",\"inLanguage\":\"de\",\"@id\":\"https:\\\/\\\/lapide.com\\\/de\\\/#\\\/schema\\\/logo\\\/image\\\/\",\"url\":\"https:\\\/\\\/lapide.com\\\/wp-content\\\/uploads\\\/2026\\\/01\\\/cropped-image_2026-01-19_152612606.png\",\"contentUrl\":\"https:\\\/\\\/lapide.com\\\/wp-content\\\/uploads\\\/2026\\\/01\\\/cropped-image_2026-01-19_152612606.png\",\"width\":1954,\"height\":521,\"caption\":\"Lapide.com\"},\"image\":{\"@id\":\"https:\\\/\\\/lapide.com\\\/de\\\/#\\\/schema\\\/logo\\\/image\\\/\"}}]}<\/script>\n<!-- \/ Yoast SEO plugin. -->","yoast_head_json":{"title":"Kontakt - Lapide.com","robots":{"index":"index","follow":"follow","max-snippet":"max-snippet:-1","max-image-preview":"max-image-preview:large","max-video-preview":"max-video-preview:-1"},"canonical":"https:\/\/lapide.com\/de\/kontakt\/","og_locale":"de_DE","og_type":"article","og_title":"Kontakt - Lapide.com","og_url":"https:\/\/lapide.com\/de\/kontakt\/","og_site_name":"Lapide.com","article_modified_time":"2026-04-28T08:00:45+00:00","twitter_card":"summary_large_image","schema":{"@context":"https:\/\/schema.org","@graph":[{"@type":"WebPage","@id":"https:\/\/lapide.com\/de\/kontakt\/","url":"https:\/\/lapide.com\/de\/kontakt\/","name":"Kontakt - Lapide.com","isPartOf":{"@id":"https:\/\/lapide.com\/de\/#website"},"datePublished":"2026-01-29T12:30:50+00:00","dateModified":"2026-04-28T08:00:45+00:00","breadcrumb":{"@id":"https:\/\/lapide.com\/de\/kontakt\/#breadcrumb"},"inLanguage":"de","potentialAction":[{"@type":"ReadAction","target":["https:\/\/lapide.com\/de\/kontakt\/"]}]},{"@type":"BreadcrumbList","@id":"https:\/\/lapide.com\/de\/kontakt\/#breadcrumb","itemListElement":[{"@type":"ListItem","position":1,"name":"Home","item":"https:\/\/lapide.com\/de\/home\/"},{"@type":"ListItem","position":2,"name":"Kontakt"}]},{"@type":"WebSite","@id":"https:\/\/lapide.com\/de\/#website","url":"https:\/\/lapide.com\/de\/","name":"Lapide.com","description":"Natures Finest","publisher":{"@id":"https:\/\/lapide.com\/de\/#organization"},"potentialAction":[{"@type":"SearchAction","target":{"@type":"EntryPoint","urlTemplate":"https:\/\/lapide.com\/de\/?s={search_term_string}"},"query-input":{"@type":"PropertyValueSpecification","valueRequired":true,"valueName":"search_term_string"}}],"inLanguage":"de"},{"@type":"Organization","@id":"https:\/\/lapide.com\/de\/#organization","name":"Lapide.com","url":"https:\/\/lapide.com\/de\/","logo":{"@type":"ImageObject","inLanguage":"de","@id":"https:\/\/lapide.com\/de\/#\/schema\/logo\/image\/","url":"https:\/\/lapide.com\/wp-content\/uploads\/2026\/01\/cropped-image_2026-01-19_152612606.png","contentUrl":"https:\/\/lapide.com\/wp-content\/uploads\/2026\/01\/cropped-image_2026-01-19_152612606.png","width":1954,"height":521,"caption":"Lapide.com"},"image":{"@id":"https:\/\/lapide.com\/de\/#\/schema\/logo\/image\/"}}]}},"_links":{"self":[{"href":"https:\/\/lapide.com\/de\/wp-json\/wp\/v2\/pages\/3817","targetHints":{"allow":["GET"]}}],"collection":[{"href":"https:\/\/lapide.com\/de\/wp-json\/wp\/v2\/pages"}],"about":[{"href":"https:\/\/lapide.com\/de\/wp-json\/wp\/v2\/types\/page"}],"author":[{"embeddable":true,"href":"https:\/\/lapide.com\/de\/wp-json\/wp\/v2\/users\/7"}],"replies":[{"embeddable":true,"href":"https:\/\/lapide.com\/de\/wp-json\/wp\/v2\/comments?post=3817"}],"version-history":[{"count":1,"href":"https:\/\/lapide.com\/de\/wp-json\/wp\/v2\/pages\/3817\/revisions"}],"predecessor-version":[{"id":3818,"href":"https:\/\/lapide.com\/de\/wp-json\/wp\/v2\/pages\/3817\/revisions\/3818"}],"wp:attachment":[{"href":"https:\/\/lapide.com\/de\/wp-json\/wp\/v2\/media?parent=3817"}],"curies":[{"name":"wp","href":"https:\/\/api.w.org\/{rel}","templated":true}]}}