{"id":3819,"date":"2026-01-29T12:43:10","date_gmt":"2026-01-29T12:43:10","guid":{"rendered":"https:\/\/lapide.com\/ueber-uns\/"},"modified":"2026-04-28T08:06:40","modified_gmt":"2026-04-28T08:06:40","slug":"ueber-uns","status":"publish","type":"page","link":"https:\/\/lapide.com\/de\/ueber-uns\/","title":{"rendered":"\u00dcber uns"},"content":{"rendered":"    <section class=\"block-breadcrumbs\">\r\n        <div class=\"block-inner\">\r\n            <div class=\"block-content breadcrumb-container\">\r\n                <div class=\"breadcrumb-wrapper\">\r\n                    \r\n                            <a href=\"https:\/\/lapide.com\/de\/\"\r\n                                target=\"_self\"\r\n                                class=\"breadcrumb-link is-standard\">\r\n                                home                            <\/a>\r\n\r\n                                                            <span class=\"breadcrumb-separator\">\/<\/span>\r\n                            \r\n                    \r\n                            <a href=\"https:\/\/lapide.com\/de\/uber-uns\/\"\r\n                                target=\"_self\"\r\n                                class=\"breadcrumb-link is-last\">\r\n                                \u00dcber uns                            <\/a>\r\n\r\n                            \r\n                                    <\/div>\r\n            <\/div>\r\n        <\/div>\r\n    <\/section>\r\n<!-- \/block-breacdrumbs -->\n<section class=\"block-txt\">\n    <div class=\"block-inner\">\n        <div class=\"block-content container container-small\">\n            <div class=\"info-wrapper\">\n                                    <div class=\"info-title reveal-slide-up\">\n                        <h3><b>Die Natur ist unser Ursprung<\/b><\/h3>\n                    <\/div>\n                \n                                    <div class=\"info-cols info-double-col\">\n\n                                                    <div class=\"info-col info-col--left reveal-slide-right reveal-delay-1\">\n                                <div class=\"info-text\">\n                                    <p>LAPIDE entstand aus einer Faszination f\u00fcr echte Materialien. Keine von Menschenhand gefertigten Imitationen, sondern durch die Zeit geformter Stein: geschichtet, verwittert und in seiner Pr\u00e4senz best\u00e4ndig. Jedes St\u00fcck tr\u00e4gt die stille Sch\u00f6nheit der Erde, aus der es stammt. Diese Authentizit\u00e4t ist der Ursprung unserer Geschichte. Wir glauben, dass Stein mehr ist als ein Baumaterial. Es ist ein Ausdrucksmedium, das jedem Raum Ruhe, Gewicht, Rhythmus und menschlichen Ma\u00dfstab verleihen kann.     <\/p>\n                                <\/div>\n                            <\/div>\n                        \n                                                    <div class=\"info-col info-col--right reveal-slide-left reveal-delay-2\">\n                                <div class=\"info-text\">\n                                    <p>Deshalb behandeln wir jeden Stein mit Sorgfalt: seine Textur bewahrend, seine Unregelm\u00e4\u00dfigkeit umarmend und ihn von Hand verfeinernd, um ihn an die zeitgen\u00f6ssische Architektur anzupassen. LAPIDE baut auf jahrelanger Erfahrung mit Naturstein und enger Zusammenarbeit mit Designern und Architekten. Was als gemeinsame Faszination begann, ist zu einer Marke gewachsen, die neu definiert, wie Naturstein im modernen Design leben kann. Nicht als nostalgisches Element, sondern als zeitloses Fundament.   <\/p>\n                                <\/div>\n                            <\/div>\n                        \n                    <\/div>\n                \n            <\/div>\n        <\/div>\n    <\/div>\n<\/section>\n<!-- \/block-txt -->\n<section class=\"block-img-25-25-50 image-grid-4--layout-2\">\n    <div class=\"block-inner container\">\n        <div class=\"block-content image-grid-4-wrapper\">\n\n            <div class=\"image-grid-4-col image-grid-4-col--left\">\n\n                                    <div class=\"image-grid-4-title reveal-slide-up image-grid-4-title--layout-2\">\n                        <h3>Ein veredeltes Material<\/h3>\n                    <\/div>\n                \n                                    <div class=\"image-grid-4-text reveal-fade reveal-delay-1\">\n                        <p>Bei LAPIDE embracen wir den nat\u00fcrlichen Rhythmus des Steins. Jede Oberfl\u00e4che wird sorgf\u00e4ltig veredelt, um ihren Charakter zu unterstreichen, niemals ihn zu verbergen. Das Ergebnis ist zeitlos, taktil und voller stiller St\u00e4rke.  <\/p>\n                    <\/div>\n                \n                \n                                    <div class=\"image-grid-4-figure image-grid-4-figure--small reveal-scale reveal-delay-3\">\n                        <img decoding=\"async\" width=\"662\" height=\"402\" src=\"https:\/\/lapide.com\/wp-content\/uploads\/2026\/02\/LAPIDE-Rocks-Constanta-Antiek-CT12-20R-2.jpg\" class=\"image-grid-4-img js-lightbox\" alt=\"\" draggable=\"false\" loading=\"lazy\" data-large=\"https:\/\/lapide.com\/wp-content\/uploads\/2026\/02\/LAPIDE-Rocks-Constanta-Antiek-CT12-20R-2.jpg\" srcset=\"https:\/\/lapide.com\/wp-content\/uploads\/2026\/02\/LAPIDE-Rocks-Constanta-Antiek-CT12-20R-2.jpg 662w, https:\/\/lapide.com\/wp-content\/uploads\/2026\/02\/LAPIDE-Rocks-Constanta-Antiek-CT12-20R-2-300x182.jpg 300w\" sizes=\"auto, (max-width: 662px) 100vw, 662px\" \/>                    <\/div>\n                \n            <\/div>\n\n            <div class=\"image-grid-4-col image-grid-4-col--right\">\n                                    <div class=\"image-grid-4-figure image-grid-4-figure--big reveal-fade reveal-delay-1\">\n                        <img decoding=\"async\" width=\"696\" height=\"1024\" src=\"https:\/\/lapide.com\/wp-content\/uploads\/2026\/02\/DSC05135-696x1024.jpg\" class=\"image-grid-4-img js-lightbox\" alt=\"\" draggable=\"false\" loading=\"lazy\" data-large=\"https:\/\/lapide.com\/wp-content\/uploads\/2026\/02\/DSC05135.jpg\" srcset=\"https:\/\/lapide.com\/wp-content\/uploads\/2026\/02\/DSC05135-696x1024.jpg 696w, https:\/\/lapide.com\/wp-content\/uploads\/2026\/02\/DSC05135-204x300.jpg 204w, https:\/\/lapide.com\/wp-content\/uploads\/2026\/02\/DSC05135-768x1130.jpg 768w, https:\/\/lapide.com\/wp-content\/uploads\/2026\/02\/DSC05135-1043x1536.jpg 1043w, https:\/\/lapide.com\/wp-content\/uploads\/2026\/02\/DSC05135-1391x2048.jpg 1391w, https:\/\/lapide.com\/wp-content\/uploads\/2026\/02\/DSC05135.jpg 1500w\" sizes=\"auto, (max-width: 696px) 100vw, 696px\" \/>                    <\/div>\n                            <\/div>\n\n        <\/div>\n    <\/div>\n<\/section>\n<!-- \/block-img-25-25-50 -->\n<section id=\"hero-section-block_55e23bcdf4e6b33fbd0f83889af13467\" class=\"block-img-bg-wide\" style=\"background-image: url('https:\/\/lapide.com\/wp-content\/uploads\/2026\/02\/Ohrid-24.jpg');\">\n    <div class=\"block-bg\"><\/div>\n    <div class=\"block-inner\">\n        <div class=\"block-content container container-small\">\n            <div class=\"hero__content\">\n                                    <div class=\"hero__title reveal-slide-up\">\n                        <h2>Nature&#8217;s <em>Finest<\/em><\/h2>\n                    <\/div>\n                \n                                    <div class=\"hero__intro reveal-fade reveal-delay-1\">\n                        Aus den Tiefen der Erde bis hin zum architektonischen Ausdruck \u2013 LAPIDE erfasst die rohe Essenz der Natur. Keine zwei Steine sind gleich, und doch erz\u00e4hlen sie gemeinsam eine Geschichte von Ursprung, Textur und zeitloser Transformation.                     <\/div>\n                \n                            <\/div>\n\n                            <div class=\"hero__usps-wrapper\">\n                    <div class=\"hero__usps\">\n                                                    <div class=\"hero__usp-item reveal-slide-up reveal-delay-1\">\n                                100% Authentic                            <\/div>\n                                                    <div class=\"hero__usp-item reveal-slide-up reveal-delay-2\">\n                                100% Nature\u2019s product                            <\/div>\n                                                    <div class=\"hero__usp-item reveal-slide-up reveal-delay-3\">\n                                100% Customization                            <\/div>\n                                            <\/div>\n                <\/div>\n                    <\/div>\n    <\/div>\n<\/section>\n<!-- \/block-hero-section -->\r\n<section class=\"block-formula\">\r\n    <div class=\"block-inner\">\r\n        <div class=\"block-content formula-wrapper\">\r\n\r\n            <div class=\"formula-visual reveal-fade\">\r\n                                    <img decoding=\"async\" width=\"1703\" height=\"2560\" src=\"https:\/\/lapide.com\/wp-content\/uploads\/2026\/02\/Modern-bungalow-Zwolle-LAPIDE-Bricks-Matera-MA16-4-scaled.jpg\" class=\"formula-main-img\" alt=\"\" draggable=\"false\" loading=\"lazy\" srcset=\"https:\/\/lapide.com\/wp-content\/uploads\/2026\/02\/Modern-bungalow-Zwolle-LAPIDE-Bricks-Matera-MA16-4-scaled.jpg 1703w, https:\/\/lapide.com\/wp-content\/uploads\/2026\/02\/Modern-bungalow-Zwolle-LAPIDE-Bricks-Matera-MA16-4-200x300.jpg 200w, https:\/\/lapide.com\/wp-content\/uploads\/2026\/02\/Modern-bungalow-Zwolle-LAPIDE-Bricks-Matera-MA16-4-681x1024.jpg 681w, https:\/\/lapide.com\/wp-content\/uploads\/2026\/02\/Modern-bungalow-Zwolle-LAPIDE-Bricks-Matera-MA16-4-768x1154.jpg 768w, https:\/\/lapide.com\/wp-content\/uploads\/2026\/02\/Modern-bungalow-Zwolle-LAPIDE-Bricks-Matera-MA16-4-1022x1536.jpg 1022w, https:\/\/lapide.com\/wp-content\/uploads\/2026\/02\/Modern-bungalow-Zwolle-LAPIDE-Bricks-Matera-MA16-4-1363x2048.jpg 1363w\" sizes=\"auto, (max-width: 1703px) 100vw, 1703px\" \/>                \r\n                                    <div class=\"formula-overlay reveal-slide-up reveal-delay-1\">\r\n                        <div class=\"formula-overlay-content\">\r\n                            <h2>Lapide<\/h2>\n<h2><em>formula<\/em><\/h2>\n                        <\/div>\r\n                    <\/div>\r\n                            <\/div>\r\n\r\n            <div class=\"formula-content\">\r\n                                    <div class=\"formula-list\">\r\n                                                    <div class=\"formula-item reveal-slide-left reveal-delay-1\">\r\n                                                                    <h3 class=\"formula-item-title\">Die Natur als Quelle<\/h3>\r\n                                \r\n                                                                    <div class=\"formula-item-desc\">\r\n                                        <p>Jeder Stein beginnt in der Erde und ehrt sowohl das nat\u00fcrliche Material als auch die Handwerkskunst hinter seiner Entstehung.<\/p>\r\n                                    <\/div>\r\n                                                            <\/div>\r\n                                                    <div class=\"formula-item reveal-slide-left reveal-delay-2\">\r\n                                                                    <h3 class=\"formula-item-title\">Zeitloses Design im Kern<\/h3>\r\n                                \r\n                                                                    <div class=\"formula-item-desc\">\r\n                                        <p>Design, das Generationen \u00fcberdauert, gefertigt mit Materialien, die dasselbe tun.<\/p>\r\n                                    <\/div>\r\n                                                            <\/div>\r\n                                                    <div class=\"formula-item reveal-slide-left reveal-delay-3\">\r\n                                                                    <h3 class=\"formula-item-title\">Individualisierung &amp; Co-creation<\/h3>\r\n                                \r\n                                                                    <div class=\"formula-item-desc\">\r\n                                        <p>Gemeinsam mit dem Architekten schaffen wir einzigartige Texturen, Oberfl\u00e4chen und Designs, die die Vision des Designers zum Leben erwecken.<\/p>\r\n                                    <\/div>\r\n                                                            <\/div>\r\n                                                    <div class=\"formula-item reveal-slide-left reveal-delay-4\">\r\n                                                                    <h3 class=\"formula-item-title\">Authentizit\u00e4t<\/h3>\r\n                                \r\n                                                                    <div class=\"formula-item-desc\">\r\n                                        <p>Jeder Stein tr\u00e4gt die Geschichte seines Ursprungs, die Handwerkskunst dahinter und die kreative Zusammenarbeit, die ihn formt.<\/p>\r\n                                    <\/div>\r\n                                                            <\/div>\r\n                                            <\/div>\r\n                            <\/div>\r\n\r\n        <\/div>\r\n    <\/div>\r\n<\/section>\r\n<!-- \/block-formula --><!-- block-intro.php -->\n\n<section id=\"block-intro-block_9e421e17c0ce9cb0263ab3d7f843420f\" class=\"block-intro\" style=\"display: block !important; visibility: visible !important;\">\n    <div class=\"block-inner\">\n        <div class=\"block-content container container-small\">\n            <div class=\"block-intro__wrapper\">\n\n                <div class=\"block-intro__title reveal-slide-up\">\n                                            <h3 style=\"text-align: center;\">Kontakt aufnehmen<\/h3>\n                                    <\/div>\n\n                \n                                    <div class=\"block-intro__description reveal-fade reveal-delay-2\">\n                        <p>Neugierig, wie Naturstein Ihr Projekt bereichern kann? Wir beraten Sie gerne bei der Wahl des richtigen Materials, der Oberfl\u00e4che und des Formats f\u00fcr Ihre architektonische Vision, oder hei\u00dfen Sie zu einem Besuch willkommen, um LAPIDE hautnah zu erleben. <\/p>\n                    <\/div>\n                \n                                    <div class=\"block-intro__action reveal-slide-up reveal-delay-3\">\n                                                <a href=\"https:\/\/lapide.com\/de\/kontakt\/\"\n                            class=\"btn-grow\"\n                            target=\"_self\">\n                            <span>Einen Termin vereinbaren<\/span>\n                        <\/a>\n                    <\/div>\n                \n            <\/div>\n        <\/div>\n    <\/div>\n<\/section>\n<!-- \/block-intro -->\n<section class=\"block-img-25-25-50 image-grid-4--layout-3\">\n    <div class=\"block-inner container\">\n        <div class=\"block-content image-grid-4-wrapper\">\n\n            <div class=\"image-grid-4-col image-grid-4-col--left\">\n\n                                    <div class=\"image-grid-4-title reveal-slide-up image-grid-4-title--layout-3\">\n                        <h3><b>Die Essenz von LAPIDE<\/b><\/h3>\n                    <\/div>\n                \n                                    <div class=\"image-grid-4-text reveal-fade reveal-delay-1\">\n                        <p><span style=\"font-weight: 400\">Echter Stein, von der Natur geformt und von Hand veredelt. Jedes St\u00fcck wird f\u00fcr seine ehrliche Textur und stille St\u00e4rke ausgew\u00e4hlt und bietet ein zeitloses Gegengewicht zum Schnellen und Fl\u00fcchtigen. Das ist es, was LAPIDE einzigartig macht.  <\/span><\/p>\n                    <\/div>\n                \n                \n                                    <div class=\"image-grid-4-figure image-grid-4-figure--small reveal-scale reveal-delay-3\">\n                        <img decoding=\"async\" width=\"1024\" height=\"732\" src=\"https:\/\/lapide.com\/wp-content\/uploads\/2026\/02\/DSC04661-1024x732.jpg\" class=\"image-grid-4-img js-lightbox\" alt=\"\" draggable=\"false\" loading=\"lazy\" data-large=\"https:\/\/lapide.com\/wp-content\/uploads\/2026\/02\/DSC04661.jpg\" srcset=\"https:\/\/lapide.com\/wp-content\/uploads\/2026\/02\/DSC04661-1024x732.jpg 1024w, https:\/\/lapide.com\/wp-content\/uploads\/2026\/02\/DSC04661-300x214.jpg 300w, https:\/\/lapide.com\/wp-content\/uploads\/2026\/02\/DSC04661-768x549.jpg 768w, https:\/\/lapide.com\/wp-content\/uploads\/2026\/02\/DSC04661-1536x1097.jpg 1536w, https:\/\/lapide.com\/wp-content\/uploads\/2026\/02\/DSC04661.jpg 2000w\" sizes=\"auto, (max-width: 1024px) 100vw, 1024px\" \/>                    <\/div>\n                \n            <\/div>\n\n            <div class=\"image-grid-4-col image-grid-4-col--right\">\n                                    <div class=\"image-grid-4-figure image-grid-4-figure--big reveal-fade reveal-delay-1\">\n                        <img decoding=\"async\" width=\"667\" height=\"1000\" src=\"https:\/\/lapide.com\/wp-content\/uploads\/2026\/02\/Mediterranean-forest-villa-LAPIDE-Rocks-Christiani-CH12R-6.jpg\" class=\"image-grid-4-img js-lightbox\" alt=\"\" draggable=\"false\" loading=\"lazy\" data-large=\"https:\/\/lapide.com\/wp-content\/uploads\/2026\/02\/Mediterranean-forest-villa-LAPIDE-Rocks-Christiani-CH12R-6.jpg\" srcset=\"https:\/\/lapide.com\/wp-content\/uploads\/2026\/02\/Mediterranean-forest-villa-LAPIDE-Rocks-Christiani-CH12R-6.jpg 667w, https:\/\/lapide.com\/wp-content\/uploads\/2026\/02\/Mediterranean-forest-villa-LAPIDE-Rocks-Christiani-CH12R-6-200x300.jpg 200w\" sizes=\"auto, (max-width: 667px) 100vw, 667px\" \/>                    <\/div>\n                            <\/div>\n\n        <\/div>\n    <\/div>\n<\/section>\n<!-- \/block-img-25-25-50 -->\n<section class=\"block-cta\">\n    <div class=\"block-inner container container-small\">\n        <div class=\"block-content\">\n                            <div class=\"get-in-touch__text text-width-small reveal-fade\">\n                    <h2 style=\"text-align: center\">Get in touch to explore nature\u2019s finest<\/h2>\n                <\/div>\n            \n                                <div class=\"get-in-touch__button\">\n                        <a href=\"https:\/\/lapide.com\/de\/kontakt\/\"\n                            target=\"_self\"\n                            class=\"btn-grow reveal-slide-up reveal-delay-1\">\n                            <span>Kontakt<\/span>\n                        <\/a>\n                    <\/div>\n                                    <\/div>\n    <\/div>\n<\/section>\n<!-- \/block-get-in-touch -->","protected":false},"excerpt":{"rendered":"","protected":false},"author":7,"featured_media":0,"parent":0,"menu_order":0,"comment_status":"closed","ping_status":"closed","template":"","meta":{"_acf_changed":false,"footnotes":""},"class_list":["post-3819","page","type-page","status-publish","hentry"],"acf":[],"yoast_head":"<!-- This site is optimized with the Yoast SEO plugin v27.4 - https:\/\/yoast.com\/product\/yoast-seo-wordpress\/ -->\n<title>\u00dcber uns - Lapide.com<\/title>\n<meta name=\"robots\" content=\"index, follow, max-snippet:-1, max-image-preview:large, max-video-preview:-1\" \/>\n<link rel=\"canonical\" href=\"https:\/\/lapide.com\/de\/ueber-uns\/\" \/>\n<meta property=\"og:locale\" content=\"de_DE\" \/>\n<meta property=\"og:type\" content=\"article\" \/>\n<meta property=\"og:title\" content=\"\u00dcber uns - Lapide.com\" \/>\n<meta property=\"og:url\" content=\"https:\/\/lapide.com\/de\/ueber-uns\/\" \/>\n<meta property=\"og:site_name\" content=\"Lapide.com\" \/>\n<meta property=\"article:modified_time\" content=\"2026-04-28T08:06:40+00:00\" \/>\n<meta name=\"twitter:card\" content=\"summary_large_image\" \/>\n<script type=\"application\/ld+json\" class=\"yoast-schema-graph\">{\"@context\":\"https:\\\/\\\/schema.org\",\"@graph\":[{\"@type\":\"WebPage\",\"@id\":\"https:\\\/\\\/lapide.com\\\/de\\\/ueber-uns\\\/\",\"url\":\"https:\\\/\\\/lapide.com\\\/de\\\/ueber-uns\\\/\",\"name\":\"\u00dcber uns - Lapide.com\",\"isPartOf\":{\"@id\":\"https:\\\/\\\/lapide.com\\\/de\\\/#website\"},\"datePublished\":\"2026-01-29T12:43:10+00:00\",\"dateModified\":\"2026-04-28T08:06:40+00:00\",\"breadcrumb\":{\"@id\":\"https:\\\/\\\/lapide.com\\\/de\\\/ueber-uns\\\/#breadcrumb\"},\"inLanguage\":\"de\",\"potentialAction\":[{\"@type\":\"ReadAction\",\"target\":[\"https:\\\/\\\/lapide.com\\\/de\\\/ueber-uns\\\/\"]}]},{\"@type\":\"BreadcrumbList\",\"@id\":\"https:\\\/\\\/lapide.com\\\/de\\\/ueber-uns\\\/#breadcrumb\",\"itemListElement\":[{\"@type\":\"ListItem\",\"position\":1,\"name\":\"Home\",\"item\":\"https:\\\/\\\/lapide.com\\\/de\\\/home\\\/\"},{\"@type\":\"ListItem\",\"position\":2,\"name\":\"\u00dcber uns\"}]},{\"@type\":\"WebSite\",\"@id\":\"https:\\\/\\\/lapide.com\\\/de\\\/#website\",\"url\":\"https:\\\/\\\/lapide.com\\\/de\\\/\",\"name\":\"Lapide.com\",\"description\":\"Natures Finest\",\"publisher\":{\"@id\":\"https:\\\/\\\/lapide.com\\\/de\\\/#organization\"},\"potentialAction\":[{\"@type\":\"SearchAction\",\"target\":{\"@type\":\"EntryPoint\",\"urlTemplate\":\"https:\\\/\\\/lapide.com\\\/de\\\/?s={search_term_string}\"},\"query-input\":{\"@type\":\"PropertyValueSpecification\",\"valueRequired\":true,\"valueName\":\"search_term_string\"}}],\"inLanguage\":\"de\"},{\"@type\":\"Organization\",\"@id\":\"https:\\\/\\\/lapide.com\\\/de\\\/#organization\",\"name\":\"Lapide.com\",\"url\":\"https:\\\/\\\/lapide.com\\\/de\\\/\",\"logo\":{\"@type\":\"ImageObject\",\"inLanguage\":\"de\",\"@id\":\"https:\\\/\\\/lapide.com\\\/de\\\/#\\\/schema\\\/logo\\\/image\\\/\",\"url\":\"https:\\\/\\\/lapide.com\\\/wp-content\\\/uploads\\\/2026\\\/01\\\/cropped-image_2026-01-19_152612606.png\",\"contentUrl\":\"https:\\\/\\\/lapide.com\\\/wp-content\\\/uploads\\\/2026\\\/01\\\/cropped-image_2026-01-19_152612606.png\",\"width\":1954,\"height\":521,\"caption\":\"Lapide.com\"},\"image\":{\"@id\":\"https:\\\/\\\/lapide.com\\\/de\\\/#\\\/schema\\\/logo\\\/image\\\/\"}}]}<\/script>\n<!-- \/ Yoast SEO plugin. -->","yoast_head_json":{"title":"\u00dcber uns - Lapide.com","robots":{"index":"index","follow":"follow","max-snippet":"max-snippet:-1","max-image-preview":"max-image-preview:large","max-video-preview":"max-video-preview:-1"},"canonical":"https:\/\/lapide.com\/de\/ueber-uns\/","og_locale":"de_DE","og_type":"article","og_title":"\u00dcber uns - Lapide.com","og_url":"https:\/\/lapide.com\/de\/ueber-uns\/","og_site_name":"Lapide.com","article_modified_time":"2026-04-28T08:06:40+00:00","twitter_card":"summary_large_image","schema":{"@context":"https:\/\/schema.org","@graph":[{"@type":"WebPage","@id":"https:\/\/lapide.com\/de\/ueber-uns\/","url":"https:\/\/lapide.com\/de\/ueber-uns\/","name":"\u00dcber uns - Lapide.com","isPartOf":{"@id":"https:\/\/lapide.com\/de\/#website"},"datePublished":"2026-01-29T12:43:10+00:00","dateModified":"2026-04-28T08:06:40+00:00","breadcrumb":{"@id":"https:\/\/lapide.com\/de\/ueber-uns\/#breadcrumb"},"inLanguage":"de","potentialAction":[{"@type":"ReadAction","target":["https:\/\/lapide.com\/de\/ueber-uns\/"]}]},{"@type":"BreadcrumbList","@id":"https:\/\/lapide.com\/de\/ueber-uns\/#breadcrumb","itemListElement":[{"@type":"ListItem","position":1,"name":"Home","item":"https:\/\/lapide.com\/de\/home\/"},{"@type":"ListItem","position":2,"name":"\u00dcber uns"}]},{"@type":"WebSite","@id":"https:\/\/lapide.com\/de\/#website","url":"https:\/\/lapide.com\/de\/","name":"Lapide.com","description":"Natures Finest","publisher":{"@id":"https:\/\/lapide.com\/de\/#organization"},"potentialAction":[{"@type":"SearchAction","target":{"@type":"EntryPoint","urlTemplate":"https:\/\/lapide.com\/de\/?s={search_term_string}"},"query-input":{"@type":"PropertyValueSpecification","valueRequired":true,"valueName":"search_term_string"}}],"inLanguage":"de"},{"@type":"Organization","@id":"https:\/\/lapide.com\/de\/#organization","name":"Lapide.com","url":"https:\/\/lapide.com\/de\/","logo":{"@type":"ImageObject","inLanguage":"de","@id":"https:\/\/lapide.com\/de\/#\/schema\/logo\/image\/","url":"https:\/\/lapide.com\/wp-content\/uploads\/2026\/01\/cropped-image_2026-01-19_152612606.png","contentUrl":"https:\/\/lapide.com\/wp-content\/uploads\/2026\/01\/cropped-image_2026-01-19_152612606.png","width":1954,"height":521,"caption":"Lapide.com"},"image":{"@id":"https:\/\/lapide.com\/de\/#\/schema\/logo\/image\/"}}]}},"_links":{"self":[{"href":"https:\/\/lapide.com\/de\/wp-json\/wp\/v2\/pages\/3819","targetHints":{"allow":["GET"]}}],"collection":[{"href":"https:\/\/lapide.com\/de\/wp-json\/wp\/v2\/pages"}],"about":[{"href":"https:\/\/lapide.com\/de\/wp-json\/wp\/v2\/types\/page"}],"author":[{"embeddable":true,"href":"https:\/\/lapide.com\/de\/wp-json\/wp\/v2\/users\/7"}],"replies":[{"embeddable":true,"href":"https:\/\/lapide.com\/de\/wp-json\/wp\/v2\/comments?post=3819"}],"version-history":[{"count":1,"href":"https:\/\/lapide.com\/de\/wp-json\/wp\/v2\/pages\/3819\/revisions"}],"predecessor-version":[{"id":3820,"href":"https:\/\/lapide.com\/de\/wp-json\/wp\/v2\/pages\/3819\/revisions\/3820"}],"wp:attachment":[{"href":"https:\/\/lapide.com\/de\/wp-json\/wp\/v2\/media?parent=3819"}],"curies":[{"name":"wp","href":"https:\/\/api.w.org\/{rel}","templated":true}]}}